{"id":31607,"date":"2025-09-09T21:53:46","date_gmt":"2025-09-09T19:53:46","guid":{"rendered":"https:\/\/poliparts.net\/product\/paire-de-retroviseurs-universels-inclinables-et-reglables-pour-moto-et-scooter-avec-kit-adaptateur-noir\/"},"modified":"2025-09-09T21:53:46","modified_gmt":"2025-09-09T19:53:46","slug":"paire-de-retroviseurs-universels-inclinables-et-reglables-pour-moto-et-scooter-avec-kit-adaptateur-noir","status":"publish","type":"product","link":"https:\/\/poliparts.net\/fr\/produit\/paire-de-retroviseurs-universels-inclinables-et-reglables-pour-moto-et-scooter-avec-kit-adaptateur-noir\/","title":{"rendered":"Paire de r\u00e9troviseurs universels inclinables et r\u00e9glables pour moto et scooter avec kit adaptateur (noir)"},"content":{"rendered":"<p><strong>Caract\u00e9ristiques du produit :<\/strong><\/p>\n<ol>\n<li>Chaque miroir comprend 4 adaptateurs avec des filetages de<br \/>\n&#8211; M10 x 1,25 R,<br \/>\n&#8211; M10 x 1,25 L,<br \/>\n&#8211; M8 x 1,25 R,<br \/>\n&#8211; M8 x 1,25 L.<br \/>\n(Total de 8 adaptateurs par paire)<\/li>\n<li>Articulation r\u00e9glable, bras perfor\u00e9 et articul\u00e9, fixation guidon.<\/li>\n<li>La surface de chaque miroir mesure environ 155 x 88 mm. D\u00e9passement total depuis le point de fixation : 260 mm. Hauteur : 180 mm.<\/li>\n<li>Design essentiel et \u00e9l\u00e9gant, ils remplacent les r\u00e9troviseurs d&rsquo;origine.<\/li>\n<li>Ces r\u00e9troviseurs offrent une vision claire, gr\u00e2ce \u00e0 leurs proportions bien \u00e9tudi\u00e9es, \u00e0 l&rsquo;articulation qui leur permet d&rsquo;\u00eatre orientables de 25 degr\u00e9s aussi bien vers le haut\/bas que vers l&rsquo;int\u00e9rieur\/ext\u00e9rieur, et \u00e0 la propri\u00e9t\u00e9 d&rsquo;amortir consid\u00e9rablement les vibrations transmises par le guidon.<\/li>\n<li>Outre le facteur de s\u00e9curit\u00e9 fondamental, la caract\u00e9ristique de ces r\u00e9troviseurs est qu&rsquo;ils s&rsquo;adaptent parfaitement \u00e0 tout type de moto et de scooter, du naked \u00e0 l&rsquo;enduro, du tourer au motard.<\/li>\n<\/ol>\n<p>&nbsp;<\/p>\n<p><strong>ATTENTION:<\/strong><\/p>\n<p>AVANT de confirmer l&rsquo;achat, nous vous recommandons de v\u00e9rifier que le type de filetage des DEUX r\u00e9troviseurs d&rsquo;origine de votre moto a un pas de 1,25.<\/p>\n","protected":false},"excerpt":{"rendered":"<p>HOMOLOGU\u00c9 : les r\u00e9troviseurs sont homologu\u00e9s E9, conformes aux normes de s\u00e9curit\u00e9 europ\u00e9ennes.<\/p>\n<p>ADAPTATEURS : Chaque miroir comprend 4 types d&rsquo;adaptateurs avec des filetages de M10 x 1,25 Droite, M10 x 1,25 Gauche, M8 x 1,25 Droite, M8 x 1,25 Gauche respectivement.<\/p>\n<p>VUE D\u00c9GAG\u00c9E : gr\u00e2ce aux proportions bien \u00e9tudi\u00e9es, \u00e0 l&rsquo;articulation qui permet de les orienter de 25 degr\u00e9s vers le haut\/bas et vers l&rsquo;int\u00e9rieur\/ext\u00e9rieur, et \u00e0 la propri\u00e9t\u00e9 d&rsquo;amortir consid\u00e9rablement les vibrations transmises par le guidon.<\/p>\n<p>PREMIUM : Fabriqu\u00e9s avec des mat\u00e9riaux de premi\u00e8re qualit\u00e9. Design simple et \u00e9l\u00e9gant, ils remplacent les r\u00e9troviseurs d&rsquo;origine. Articulation r\u00e9glable, bras perfor\u00e9 et articul\u00e9, fixation au guidon.  <\/p>\n<p>UNIVERSEL : outre le facteur de s\u00e9curit\u00e9 fondamental, la caract\u00e9ristique de ces r\u00e9troviseurs est qu&rsquo;ils s&rsquo;adaptent parfaitement \u00e0 tout type de moto et de scooter, du naked \u00e0 l&rsquo;enduro, du tourer au motard.<\/p>\n","protected":false},"featured_media":31589,"comment_status":"open","ping_status":"closed","template":"","meta":[],"product_brand":[190,193,181,218,154,220,217,222,221,219,73],"product_cat":[1307],"product_tag":[1308,732,1310,1309],"class_list":{"0":"post-31607","1":"product","2":"type-product","3":"status-publish","4":"has-post-thumbnail","6":"product_brand-aprilia","7":"product_brand-benelli","8":"product_brand-bmw","9":"product_brand-harley-davidson","10":"product_brand-honda","11":"product_brand-kawasaki","12":"product_brand-ktm","13":"product_brand-piaggio","14":"product_brand-suzuki","15":"product_brand-triumph","16":"product_brand-yamaha","17":"product_cat-retroviseurs","18":"product_tag-77208996-fr","19":"product_tag-e-mark-fr","20":"product_tag-omologato-fr","21":"product_tag-retroviseurs","23":"first","24":"instock","25":"sale","26":"shipping-taxable","27":"purchasable","28":"product-type-variable","29":"has-default-attributes"},"yoast_head":"<!-- This site is optimized with the Yoast SEO plugin v27.3 - https:\/\/yoast.com\/product\/yoast-seo-wordpress\/ -->\n<title>R\u00e9troviseurs universels r\u00e9glables et inclinables pour moto et scooter avec adaptateurs<\/title>\n<meta name=\"description\" content=\"Paire de r\u00e9troviseurs noirs universels pour motos et scooters, r\u00e9glables et inclinables pour une visibilit\u00e9 optimale. Kit d&#039;adaptation inclus pour une installation facile et une compatibilit\u00e9 avec plusieurs mod\u00e8les. Style, s\u00e9curit\u00e9 et praticit\u00e9 r\u00e9unis en un seul accessoire.\" \/>\n<meta name=\"robots\" content=\"index, follow, max-snippet:-1, max-image-preview:large, max-video-preview:-1\" \/>\n<link rel=\"canonical\" href=\"https:\/\/poliparts.net\/fr\/produit\/paire-de-retroviseurs-universels-inclinables-et-reglables-pour-moto-et-scooter-avec-kit-adaptateur-noir\/\" \/>\n<meta property=\"og:locale\" content=\"fr_FR\" \/>\n<meta property=\"og:type\" content=\"article\" \/>\n<meta property=\"og:title\" content=\"R\u00e9troviseurs universels r\u00e9glables et inclinables pour moto et scooter avec adaptateurs\" \/>\n<meta property=\"og:description\" content=\"Paire de r\u00e9troviseurs noirs universels pour motos et scooters, r\u00e9glables et inclinables pour une visibilit\u00e9 optimale. Kit d&#039;adaptation inclus pour une installation facile et une compatibilit\u00e9 avec plusieurs mod\u00e8les. Style, s\u00e9curit\u00e9 et praticit\u00e9 r\u00e9unis en un seul accessoire.\" \/>\n<meta property=\"og:url\" content=\"https:\/\/poliparts.net\/fr\/produit\/paire-de-retroviseurs-universels-inclinables-et-reglables-pour-moto-et-scooter-avec-kit-adaptateur-noir\/\" \/>\n<meta property=\"og:site_name\" content=\"Poliparts.net\" \/>\n<meta property=\"og:image\" content=\"https:\/\/poliparts.net\/wp-content\/uploads\/2025\/09\/specchietti-moto-scooter-universali-regolabili-inclinabili-con-adattatori-10.jpg\" \/>\n\t<meta property=\"og:image:width\" content=\"1500\" \/>\n\t<meta property=\"og:image:height\" content=\"1500\" \/>\n\t<meta property=\"og:image:type\" content=\"image\/jpeg\" \/>\n<meta name=\"twitter:card\" content=\"summary_large_image\" \/>\n<meta name=\"twitter:label1\" content=\"Dur\u00e9e de lecture estim\u00e9e\" \/>\n\t<meta name=\"twitter:data1\" content=\"1 minute\" \/>\n<script type=\"application\/ld+json\" class=\"yoast-schema-graph\">{\"@context\":\"https:\\\/\\\/schema.org\",\"@graph\":[{\"@type\":\"WebPage\",\"@id\":\"https:\\\/\\\/poliparts.net\\\/fr\\\/produit\\\/paire-de-retroviseurs-universels-inclinables-et-reglables-pour-moto-et-scooter-avec-kit-adaptateur-noir\\\/\",\"url\":\"https:\\\/\\\/poliparts.net\\\/fr\\\/produit\\\/paire-de-retroviseurs-universels-inclinables-et-reglables-pour-moto-et-scooter-avec-kit-adaptateur-noir\\\/\",\"name\":\"R\u00e9troviseurs universels r\u00e9glables et inclinables pour moto et scooter avec adaptateurs\",\"isPartOf\":{\"@id\":\"https:\\\/\\\/poliparts.net\\\/fr\\\/#website\"},\"primaryImageOfPage\":{\"@id\":\"https:\\\/\\\/poliparts.net\\\/fr\\\/produit\\\/paire-de-retroviseurs-universels-inclinables-et-reglables-pour-moto-et-scooter-avec-kit-adaptateur-noir\\\/#primaryimage\"},\"image\":{\"@id\":\"https:\\\/\\\/poliparts.net\\\/fr\\\/produit\\\/paire-de-retroviseurs-universels-inclinables-et-reglables-pour-moto-et-scooter-avec-kit-adaptateur-noir\\\/#primaryimage\"},\"thumbnailUrl\":\"https:\\\/\\\/poliparts.net\\\/wp-content\\\/uploads\\\/2025\\\/09\\\/specchietti-moto-scooter-universali-regolabili-inclinabili-con-adattatori-10.jpg\",\"datePublished\":\"2025-09-09T19:53:46+00:00\",\"description\":\"Paire de r\u00e9troviseurs noirs universels pour motos et scooters, r\u00e9glables et inclinables pour une visibilit\u00e9 optimale. Kit d'adaptation inclus pour une installation facile et une compatibilit\u00e9 avec plusieurs mod\u00e8les. Style, s\u00e9curit\u00e9 et praticit\u00e9 r\u00e9unis en un seul accessoire.\",\"breadcrumb\":{\"@id\":\"https:\\\/\\\/poliparts.net\\\/fr\\\/produit\\\/paire-de-retroviseurs-universels-inclinables-et-reglables-pour-moto-et-scooter-avec-kit-adaptateur-noir\\\/#breadcrumb\"},\"inLanguage\":\"fr-FR\",\"potentialAction\":[{\"@type\":\"ReadAction\",\"target\":[\"https:\\\/\\\/poliparts.net\\\/fr\\\/produit\\\/paire-de-retroviseurs-universels-inclinables-et-reglables-pour-moto-et-scooter-avec-kit-adaptateur-noir\\\/\"]}]},{\"@type\":\"ImageObject\",\"inLanguage\":\"fr-FR\",\"@id\":\"https:\\\/\\\/poliparts.net\\\/fr\\\/produit\\\/paire-de-retroviseurs-universels-inclinables-et-reglables-pour-moto-et-scooter-avec-kit-adaptateur-noir\\\/#primaryimage\",\"url\":\"https:\\\/\\\/poliparts.net\\\/wp-content\\\/uploads\\\/2025\\\/09\\\/specchietti-moto-scooter-universali-regolabili-inclinabili-con-adattatori-10.jpg\",\"contentUrl\":\"https:\\\/\\\/poliparts.net\\\/wp-content\\\/uploads\\\/2025\\\/09\\\/specchietti-moto-scooter-universali-regolabili-inclinabili-con-adattatori-10.jpg\",\"width\":1500,\"height\":1500,\"caption\":\"Eleganti e funzionali: specchietti universali neri per moto e scooter, con regolazione dell\u2019inclinazione e adattatori inclusi per un montaggio semplice.\"},{\"@type\":\"BreadcrumbList\",\"@id\":\"https:\\\/\\\/poliparts.net\\\/fr\\\/produit\\\/paire-de-retroviseurs-universels-inclinables-et-reglables-pour-moto-et-scooter-avec-kit-adaptateur-noir\\\/#breadcrumb\",\"itemListElement\":[{\"@type\":\"ListItem\",\"position\":1,\"name\":\"Home\",\"item\":\"https:\\\/\\\/poliparts.net\\\/fr\\\/home\\\/\"},{\"@type\":\"ListItem\",\"position\":2,\"name\":\"Boutique\",\"item\":\"https:\\\/\\\/poliparts.net\\\/fr\\\/boutique\\\/\"},{\"@type\":\"ListItem\",\"position\":3,\"name\":\"Paire de r\u00e9troviseurs universels inclinables et r\u00e9glables pour moto et scooter avec kit adaptateur (noir)\"}]},{\"@type\":\"WebSite\",\"@id\":\"https:\\\/\\\/poliparts.net\\\/fr\\\/#website\",\"url\":\"https:\\\/\\\/poliparts.net\\\/fr\\\/\",\"name\":\"Poliparts.net\",\"description\":\"Accessori e Ricambi Moto Scooter:  Diretto Fabbrica, Qualit\u00e0 Top, Prezzi migliori\",\"publisher\":{\"@id\":\"https:\\\/\\\/poliparts.net\\\/fr\\\/#organization\"},\"potentialAction\":[{\"@type\":\"SearchAction\",\"target\":{\"@type\":\"EntryPoint\",\"urlTemplate\":\"https:\\\/\\\/poliparts.net\\\/fr\\\/?s={search_term_string}\"},\"query-input\":{\"@type\":\"PropertyValueSpecification\",\"valueRequired\":true,\"valueName\":\"search_term_string\"}}],\"inLanguage\":\"fr-FR\"},{\"@type\":\"Organization\",\"@id\":\"https:\\\/\\\/poliparts.net\\\/fr\\\/#organization\",\"name\":\"Poliparts.net\",\"url\":\"https:\\\/\\\/poliparts.net\\\/fr\\\/\",\"logo\":{\"@type\":\"ImageObject\",\"inLanguage\":\"fr-FR\",\"@id\":\"https:\\\/\\\/poliparts.net\\\/fr\\\/#\\\/schema\\\/logo\\\/image\\\/\",\"url\":\"https:\\\/\\\/poliparts.net\\\/wp-content\\\/uploads\\\/2025\\\/05\\\/POLIPARTS-1000.png\",\"contentUrl\":\"https:\\\/\\\/poliparts.net\\\/wp-content\\\/uploads\\\/2025\\\/05\\\/POLIPARTS-1000.png\",\"width\":1000,\"height\":274,\"caption\":\"Poliparts.net\"},\"image\":{\"@id\":\"https:\\\/\\\/poliparts.net\\\/fr\\\/#\\\/schema\\\/logo\\\/image\\\/\"}}]}<\/script>\n<!-- \/ Yoast SEO plugin. -->","yoast_head_json":{"title":"R\u00e9troviseurs universels r\u00e9glables et inclinables pour moto et scooter avec adaptateurs","description":"Paire de r\u00e9troviseurs noirs universels pour motos et scooters, r\u00e9glables et inclinables pour une visibilit\u00e9 optimale. Kit d'adaptation inclus pour une installation facile et une compatibilit\u00e9 avec plusieurs mod\u00e8les. Style, s\u00e9curit\u00e9 et praticit\u00e9 r\u00e9unis en un seul accessoire.","robots":{"index":"index","follow":"follow","max-snippet":"max-snippet:-1","max-image-preview":"max-image-preview:large","max-video-preview":"max-video-preview:-1"},"canonical":"https:\/\/poliparts.net\/fr\/produit\/paire-de-retroviseurs-universels-inclinables-et-reglables-pour-moto-et-scooter-avec-kit-adaptateur-noir\/","og_locale":"fr_FR","og_type":"article","og_title":"R\u00e9troviseurs universels r\u00e9glables et inclinables pour moto et scooter avec adaptateurs","og_description":"Paire de r\u00e9troviseurs noirs universels pour motos et scooters, r\u00e9glables et inclinables pour une visibilit\u00e9 optimale. Kit d'adaptation inclus pour une installation facile et une compatibilit\u00e9 avec plusieurs mod\u00e8les. Style, s\u00e9curit\u00e9 et praticit\u00e9 r\u00e9unis en un seul accessoire.","og_url":"https:\/\/poliparts.net\/fr\/produit\/paire-de-retroviseurs-universels-inclinables-et-reglables-pour-moto-et-scooter-avec-kit-adaptateur-noir\/","og_site_name":"Poliparts.net","og_image":[{"width":1500,"height":1500,"url":"https:\/\/poliparts.net\/wp-content\/uploads\/2025\/09\/specchietti-moto-scooter-universali-regolabili-inclinabili-con-adattatori-10.jpg","type":"image\/jpeg"}],"twitter_card":"summary_large_image","twitter_misc":{"Dur\u00e9e de lecture estim\u00e9e":"1 minute"},"schema":{"@context":"https:\/\/schema.org","@graph":[{"@type":"WebPage","@id":"https:\/\/poliparts.net\/fr\/produit\/paire-de-retroviseurs-universels-inclinables-et-reglables-pour-moto-et-scooter-avec-kit-adaptateur-noir\/","url":"https:\/\/poliparts.net\/fr\/produit\/paire-de-retroviseurs-universels-inclinables-et-reglables-pour-moto-et-scooter-avec-kit-adaptateur-noir\/","name":"R\u00e9troviseurs universels r\u00e9glables et inclinables pour moto et scooter avec adaptateurs","isPartOf":{"@id":"https:\/\/poliparts.net\/fr\/#website"},"primaryImageOfPage":{"@id":"https:\/\/poliparts.net\/fr\/produit\/paire-de-retroviseurs-universels-inclinables-et-reglables-pour-moto-et-scooter-avec-kit-adaptateur-noir\/#primaryimage"},"image":{"@id":"https:\/\/poliparts.net\/fr\/produit\/paire-de-retroviseurs-universels-inclinables-et-reglables-pour-moto-et-scooter-avec-kit-adaptateur-noir\/#primaryimage"},"thumbnailUrl":"https:\/\/poliparts.net\/wp-content\/uploads\/2025\/09\/specchietti-moto-scooter-universali-regolabili-inclinabili-con-adattatori-10.jpg","datePublished":"2025-09-09T19:53:46+00:00","description":"Paire de r\u00e9troviseurs noirs universels pour motos et scooters, r\u00e9glables et inclinables pour une visibilit\u00e9 optimale. Kit d'adaptation inclus pour une installation facile et une compatibilit\u00e9 avec plusieurs mod\u00e8les. Style, s\u00e9curit\u00e9 et praticit\u00e9 r\u00e9unis en un seul accessoire.","breadcrumb":{"@id":"https:\/\/poliparts.net\/fr\/produit\/paire-de-retroviseurs-universels-inclinables-et-reglables-pour-moto-et-scooter-avec-kit-adaptateur-noir\/#breadcrumb"},"inLanguage":"fr-FR","potentialAction":[{"@type":"ReadAction","target":["https:\/\/poliparts.net\/fr\/produit\/paire-de-retroviseurs-universels-inclinables-et-reglables-pour-moto-et-scooter-avec-kit-adaptateur-noir\/"]}]},{"@type":"ImageObject","inLanguage":"fr-FR","@id":"https:\/\/poliparts.net\/fr\/produit\/paire-de-retroviseurs-universels-inclinables-et-reglables-pour-moto-et-scooter-avec-kit-adaptateur-noir\/#primaryimage","url":"https:\/\/poliparts.net\/wp-content\/uploads\/2025\/09\/specchietti-moto-scooter-universali-regolabili-inclinabili-con-adattatori-10.jpg","contentUrl":"https:\/\/poliparts.net\/wp-content\/uploads\/2025\/09\/specchietti-moto-scooter-universali-regolabili-inclinabili-con-adattatori-10.jpg","width":1500,"height":1500,"caption":"Eleganti e funzionali: specchietti universali neri per moto e scooter, con regolazione dell\u2019inclinazione e adattatori inclusi per un montaggio semplice."},{"@type":"BreadcrumbList","@id":"https:\/\/poliparts.net\/fr\/produit\/paire-de-retroviseurs-universels-inclinables-et-reglables-pour-moto-et-scooter-avec-kit-adaptateur-noir\/#breadcrumb","itemListElement":[{"@type":"ListItem","position":1,"name":"Home","item":"https:\/\/poliparts.net\/fr\/home\/"},{"@type":"ListItem","position":2,"name":"Boutique","item":"https:\/\/poliparts.net\/fr\/boutique\/"},{"@type":"ListItem","position":3,"name":"Paire de r\u00e9troviseurs universels inclinables et r\u00e9glables pour moto et scooter avec kit adaptateur (noir)"}]},{"@type":"WebSite","@id":"https:\/\/poliparts.net\/fr\/#website","url":"https:\/\/poliparts.net\/fr\/","name":"Poliparts.net","description":"Accessori e Ricambi Moto Scooter:  Diretto Fabbrica, Qualit\u00e0 Top, Prezzi migliori","publisher":{"@id":"https:\/\/poliparts.net\/fr\/#organization"},"potentialAction":[{"@type":"SearchAction","target":{"@type":"EntryPoint","urlTemplate":"https:\/\/poliparts.net\/fr\/?s={search_term_string}"},"query-input":{"@type":"PropertyValueSpecification","valueRequired":true,"valueName":"search_term_string"}}],"inLanguage":"fr-FR"},{"@type":"Organization","@id":"https:\/\/poliparts.net\/fr\/#organization","name":"Poliparts.net","url":"https:\/\/poliparts.net\/fr\/","logo":{"@type":"ImageObject","inLanguage":"fr-FR","@id":"https:\/\/poliparts.net\/fr\/#\/schema\/logo\/image\/","url":"https:\/\/poliparts.net\/wp-content\/uploads\/2025\/05\/POLIPARTS-1000.png","contentUrl":"https:\/\/poliparts.net\/wp-content\/uploads\/2025\/05\/POLIPARTS-1000.png","width":1000,"height":274,"caption":"Poliparts.net"},"image":{"@id":"https:\/\/poliparts.net\/fr\/#\/schema\/logo\/image\/"}}]}},"_links":{"self":[{"href":"https:\/\/poliparts.net\/fr\/wp-json\/wp\/v2\/product\/31607","targetHints":{"allow":["GET"]}}],"collection":[{"href":"https:\/\/poliparts.net\/fr\/wp-json\/wp\/v2\/product"}],"about":[{"href":"https:\/\/poliparts.net\/fr\/wp-json\/wp\/v2\/types\/product"}],"replies":[{"embeddable":true,"href":"https:\/\/poliparts.net\/fr\/wp-json\/wp\/v2\/comments?post=31607"}],"version-history":[{"count":0,"href":"https:\/\/poliparts.net\/fr\/wp-json\/wp\/v2\/product\/31607\/revisions"}],"wp:featuredmedia":[{"embeddable":true,"href":"https:\/\/poliparts.net\/fr\/wp-json\/wp\/v2\/media\/31589"}],"wp:attachment":[{"href":"https:\/\/poliparts.net\/fr\/wp-json\/wp\/v2\/media?parent=31607"}],"wp:term":[{"taxonomy":"product_brand","embeddable":true,"href":"https:\/\/poliparts.net\/fr\/wp-json\/wp\/v2\/product_brand?post=31607"},{"taxonomy":"product_cat","embeddable":true,"href":"https:\/\/poliparts.net\/fr\/wp-json\/wp\/v2\/product_cat?post=31607"},{"taxonomy":"product_tag","embeddable":true,"href":"https:\/\/poliparts.net\/fr\/wp-json\/wp\/v2\/product_tag?post=31607"}],"curies":[{"name":"wp","href":"https:\/\/api.w.org\/{rel}","templated":true}]}}