{"id":31569,"date":"2025-09-03T21:16:14","date_gmt":"2025-09-03T19:16:14","guid":{"rendered":"https:\/\/poliparts.net\/product\/support-de-plaque-dimmatriculation-universel-noir-reglable-et-inclinable-en-aluminium-pour-motos\/"},"modified":"2025-09-03T21:16:14","modified_gmt":"2025-09-03T19:16:14","slug":"support-de-plaque-dimmatriculation-universel-noir-reglable-et-inclinable-en-aluminium-pour-motos","status":"publish","type":"product","link":"https:\/\/poliparts.net\/fr\/produit\/support-de-plaque-dimmatriculation-universel-noir-reglable-et-inclinable-en-aluminium-pour-motos\/","title":{"rendered":"Support de plaque d&rsquo;immatriculation universel noir r\u00e9glable et inclinable en aluminium pour motos"},"content":{"rendered":"<p><strong>CARACT\u00c9RISTIQUES DU PRODUIT :<\/strong><\/p>\n<ul>\n<li>Le support de plaque d&rsquo;immatriculation POLIPARTS est une gamme de produits fabriqu\u00e9s par des professionnels du secteur avec une attention port\u00e9e \u00e0 chaque d\u00e9tail.<\/li>\n<li>Le produit est fabriqu\u00e9 en aluminium de haute qualit\u00e9 de couleur noire.<\/li>\n<li>Fabriqu\u00e9 \u00e0 partir d&rsquo;un mat\u00e9riau solide d\u00e9coup\u00e9 au laser.<\/li>\n<li>Compatible avec tous les mod\u00e8les de motos universelles.<\/li>\n<li>Montage facile, inclinable et r\u00e9glable.<\/li>\n<li>Il s&rsquo;adapte facilement \u00e0 n&rsquo;importe quel dessous de caisse, \u00e0 la fois d&rsquo;origine et de rechange.<\/li>\n<\/ul>\n","protected":false},"excerpt":{"rendered":"<p>\u3010Universel\u3011Ce produit est universel et s&rsquo;adapte \u00e0 toutes les motos. Support plat sous la queue. <\/p>\n<p>\u3010INCLINABLE\u3011R\u00e9glage de la hauteur, de la largeur et de l&rsquo;inclinaison<\/p>\n<p>\u3010R\u00c9GLABLE\u3011R\u00e9glage de la course des clignotants. \u00c9clairage de plaque d&rsquo;immatriculation. <\/p>\n<p>\u3010Mat\u00e9riau\u3011aluminium de haute qualit\u00e9. D\u00e9coup\u00e9 au laser \u00e0 partir d&rsquo;une billette solide. <\/p>\n<p>\u3010\u00c9L\u00c9GANT\u3011Couleur noire. Finition en poudre \u00e9poxy. <\/p>\n","protected":false},"featured_media":31546,"comment_status":"open","ping_status":"closed","template":"","meta":[],"product_brand":[190,193,181,218,154,220,217,222,221,219,73],"product_cat":[1293],"product_tag":[1295,1296,1294],"class_list":{"0":"post-31569","1":"product","2":"type-product","3":"status-publish","4":"has-post-thumbnail","6":"product_brand-aprilia","7":"product_brand-benelli","8":"product_brand-bmw","9":"product_brand-harley-davidson","10":"product_brand-honda","11":"product_brand-kawasaki","12":"product_brand-ktm","13":"product_brand-piaggio","14":"product_brand-suzuki","15":"product_brand-triumph","16":"product_brand-yamaha","17":"product_cat-portatarga-fr","18":"product_tag-eclairage-de-plaque-dimmatriculation","19":"product_tag-lampa-fr","20":"product_tag-support-de-plaque-dimmatriculation","22":"first","23":"instock","24":"shipping-taxable","25":"purchasable","26":"product-type-simple"},"yoast_head":"<!-- This site is optimized with the Yoast SEO plugin v27.3 - https:\/\/yoast.com\/product\/yoast-seo-wordpress\/ -->\n<title>Support de plaque d&#039;immatriculation universel pour moto en aluminium noir, r\u00e9glable et inclinable<\/title>\n<meta name=\"description\" content=\"D\u00e9couvrez le support de plaque d&#039;immatriculation universel POLIPARTS en aluminium noir d\u00e9coup\u00e9 au laser, r\u00e9glable en hauteur, largeur et inclinaison. Compatibilit\u00e9 universelle.\" \/>\n<meta name=\"robots\" content=\"index, follow, max-snippet:-1, max-image-preview:large, max-video-preview:-1\" \/>\n<link rel=\"canonical\" href=\"https:\/\/poliparts.net\/fr\/produit\/support-de-plaque-dimmatriculation-universel-noir-reglable-et-inclinable-en-aluminium-pour-motos\/\" \/>\n<meta property=\"og:locale\" content=\"fr_FR\" \/>\n<meta property=\"og:type\" content=\"article\" \/>\n<meta property=\"og:title\" content=\"Support de plaque d&#039;immatriculation universel pour moto en aluminium noir, r\u00e9glable et inclinable\" \/>\n<meta property=\"og:description\" content=\"D\u00e9couvrez le support de plaque d&#039;immatriculation universel POLIPARTS en aluminium noir d\u00e9coup\u00e9 au laser, r\u00e9glable en hauteur, largeur et inclinaison. Compatibilit\u00e9 universelle.\" \/>\n<meta property=\"og:url\" content=\"https:\/\/poliparts.net\/fr\/produit\/support-de-plaque-dimmatriculation-universel-noir-reglable-et-inclinable-en-aluminium-pour-motos\/\" \/>\n<meta property=\"og:site_name\" content=\"Poliparts.net\" \/>\n<meta property=\"og:image\" content=\"https:\/\/poliparts.net\/wp-content\/uploads\/2025\/09\/portatarga-moto-universale.jpg\" \/>\n\t<meta property=\"og:image:width\" content=\"1100\" \/>\n\t<meta property=\"og:image:height\" content=\"1100\" \/>\n\t<meta property=\"og:image:type\" content=\"image\/jpeg\" \/>\n<meta name=\"twitter:card\" content=\"summary_large_image\" \/>\n<script type=\"application\/ld+json\" class=\"yoast-schema-graph\">{\"@context\":\"https:\\\/\\\/schema.org\",\"@graph\":[{\"@type\":\"WebPage\",\"@id\":\"https:\\\/\\\/poliparts.net\\\/fr\\\/produit\\\/support-de-plaque-dimmatriculation-universel-noir-reglable-et-inclinable-en-aluminium-pour-motos\\\/\",\"url\":\"https:\\\/\\\/poliparts.net\\\/fr\\\/produit\\\/support-de-plaque-dimmatriculation-universel-noir-reglable-et-inclinable-en-aluminium-pour-motos\\\/\",\"name\":\"Support de plaque d'immatriculation universel pour moto en aluminium noir, r\u00e9glable et inclinable\",\"isPartOf\":{\"@id\":\"https:\\\/\\\/poliparts.net\\\/fr\\\/#website\"},\"primaryImageOfPage\":{\"@id\":\"https:\\\/\\\/poliparts.net\\\/fr\\\/produit\\\/support-de-plaque-dimmatriculation-universel-noir-reglable-et-inclinable-en-aluminium-pour-motos\\\/#primaryimage\"},\"image\":{\"@id\":\"https:\\\/\\\/poliparts.net\\\/fr\\\/produit\\\/support-de-plaque-dimmatriculation-universel-noir-reglable-et-inclinable-en-aluminium-pour-motos\\\/#primaryimage\"},\"thumbnailUrl\":\"https:\\\/\\\/poliparts.net\\\/wp-content\\\/uploads\\\/2025\\\/09\\\/portatarga-moto-universale.jpg\",\"datePublished\":\"2025-09-03T19:16:14+00:00\",\"description\":\"D\u00e9couvrez le support de plaque d'immatriculation universel POLIPARTS en aluminium noir d\u00e9coup\u00e9 au laser, r\u00e9glable en hauteur, largeur et inclinaison. Compatibilit\u00e9 universelle.\",\"breadcrumb\":{\"@id\":\"https:\\\/\\\/poliparts.net\\\/fr\\\/produit\\\/support-de-plaque-dimmatriculation-universel-noir-reglable-et-inclinable-en-aluminium-pour-motos\\\/#breadcrumb\"},\"inLanguage\":\"fr-FR\",\"potentialAction\":[{\"@type\":\"ReadAction\",\"target\":[\"https:\\\/\\\/poliparts.net\\\/fr\\\/produit\\\/support-de-plaque-dimmatriculation-universel-noir-reglable-et-inclinable-en-aluminium-pour-motos\\\/\"]}]},{\"@type\":\"ImageObject\",\"inLanguage\":\"fr-FR\",\"@id\":\"https:\\\/\\\/poliparts.net\\\/fr\\\/produit\\\/support-de-plaque-dimmatriculation-universel-noir-reglable-et-inclinable-en-aluminium-pour-motos\\\/#primaryimage\",\"url\":\"https:\\\/\\\/poliparts.net\\\/wp-content\\\/uploads\\\/2025\\\/09\\\/portatarga-moto-universale.jpg\",\"contentUrl\":\"https:\\\/\\\/poliparts.net\\\/wp-content\\\/uploads\\\/2025\\\/09\\\/portatarga-moto-universale.jpg\",\"width\":1100,\"height\":1100,\"caption\":\"Portatarga in alluminio nero universale per moto, con regolazione di altezza, larghezza e inclinazione \u2013 compatibile con codoni originali e aftermarket.\"},{\"@type\":\"BreadcrumbList\",\"@id\":\"https:\\\/\\\/poliparts.net\\\/fr\\\/produit\\\/support-de-plaque-dimmatriculation-universel-noir-reglable-et-inclinable-en-aluminium-pour-motos\\\/#breadcrumb\",\"itemListElement\":[{\"@type\":\"ListItem\",\"position\":1,\"name\":\"Home\",\"item\":\"https:\\\/\\\/poliparts.net\\\/fr\\\/home\\\/\"},{\"@type\":\"ListItem\",\"position\":2,\"name\":\"Boutique\",\"item\":\"https:\\\/\\\/poliparts.net\\\/fr\\\/boutique\\\/\"},{\"@type\":\"ListItem\",\"position\":3,\"name\":\"Support de plaque d&#8217;immatriculation universel noir r\u00e9glable et inclinable en aluminium pour motos\"}]},{\"@type\":\"WebSite\",\"@id\":\"https:\\\/\\\/poliparts.net\\\/fr\\\/#website\",\"url\":\"https:\\\/\\\/poliparts.net\\\/fr\\\/\",\"name\":\"Poliparts.net\",\"description\":\"Accessori e Ricambi Moto Scooter:  Diretto Fabbrica, Qualit\u00e0 Top, Prezzi migliori\",\"publisher\":{\"@id\":\"https:\\\/\\\/poliparts.net\\\/fr\\\/#organization\"},\"potentialAction\":[{\"@type\":\"SearchAction\",\"target\":{\"@type\":\"EntryPoint\",\"urlTemplate\":\"https:\\\/\\\/poliparts.net\\\/fr\\\/?s={search_term_string}\"},\"query-input\":{\"@type\":\"PropertyValueSpecification\",\"valueRequired\":true,\"valueName\":\"search_term_string\"}}],\"inLanguage\":\"fr-FR\"},{\"@type\":\"Organization\",\"@id\":\"https:\\\/\\\/poliparts.net\\\/fr\\\/#organization\",\"name\":\"Poliparts.net\",\"url\":\"https:\\\/\\\/poliparts.net\\\/fr\\\/\",\"logo\":{\"@type\":\"ImageObject\",\"inLanguage\":\"fr-FR\",\"@id\":\"https:\\\/\\\/poliparts.net\\\/fr\\\/#\\\/schema\\\/logo\\\/image\\\/\",\"url\":\"https:\\\/\\\/poliparts.net\\\/wp-content\\\/uploads\\\/2025\\\/05\\\/POLIPARTS-1000.png\",\"contentUrl\":\"https:\\\/\\\/poliparts.net\\\/wp-content\\\/uploads\\\/2025\\\/05\\\/POLIPARTS-1000.png\",\"width\":1000,\"height\":274,\"caption\":\"Poliparts.net\"},\"image\":{\"@id\":\"https:\\\/\\\/poliparts.net\\\/fr\\\/#\\\/schema\\\/logo\\\/image\\\/\"}}]}<\/script>\n<!-- \/ Yoast SEO plugin. -->","yoast_head_json":{"title":"Support de plaque d'immatriculation universel pour moto en aluminium noir, r\u00e9glable et inclinable","description":"D\u00e9couvrez le support de plaque d'immatriculation universel POLIPARTS en aluminium noir d\u00e9coup\u00e9 au laser, r\u00e9glable en hauteur, largeur et inclinaison. Compatibilit\u00e9 universelle.","robots":{"index":"index","follow":"follow","max-snippet":"max-snippet:-1","max-image-preview":"max-image-preview:large","max-video-preview":"max-video-preview:-1"},"canonical":"https:\/\/poliparts.net\/fr\/produit\/support-de-plaque-dimmatriculation-universel-noir-reglable-et-inclinable-en-aluminium-pour-motos\/","og_locale":"fr_FR","og_type":"article","og_title":"Support de plaque d'immatriculation universel pour moto en aluminium noir, r\u00e9glable et inclinable","og_description":"D\u00e9couvrez le support de plaque d'immatriculation universel POLIPARTS en aluminium noir d\u00e9coup\u00e9 au laser, r\u00e9glable en hauteur, largeur et inclinaison. Compatibilit\u00e9 universelle.","og_url":"https:\/\/poliparts.net\/fr\/produit\/support-de-plaque-dimmatriculation-universel-noir-reglable-et-inclinable-en-aluminium-pour-motos\/","og_site_name":"Poliparts.net","og_image":[{"width":1100,"height":1100,"url":"https:\/\/poliparts.net\/wp-content\/uploads\/2025\/09\/portatarga-moto-universale.jpg","type":"image\/jpeg"}],"twitter_card":"summary_large_image","schema":{"@context":"https:\/\/schema.org","@graph":[{"@type":"WebPage","@id":"https:\/\/poliparts.net\/fr\/produit\/support-de-plaque-dimmatriculation-universel-noir-reglable-et-inclinable-en-aluminium-pour-motos\/","url":"https:\/\/poliparts.net\/fr\/produit\/support-de-plaque-dimmatriculation-universel-noir-reglable-et-inclinable-en-aluminium-pour-motos\/","name":"Support de plaque d'immatriculation universel pour moto en aluminium noir, r\u00e9glable et inclinable","isPartOf":{"@id":"https:\/\/poliparts.net\/fr\/#website"},"primaryImageOfPage":{"@id":"https:\/\/poliparts.net\/fr\/produit\/support-de-plaque-dimmatriculation-universel-noir-reglable-et-inclinable-en-aluminium-pour-motos\/#primaryimage"},"image":{"@id":"https:\/\/poliparts.net\/fr\/produit\/support-de-plaque-dimmatriculation-universel-noir-reglable-et-inclinable-en-aluminium-pour-motos\/#primaryimage"},"thumbnailUrl":"https:\/\/poliparts.net\/wp-content\/uploads\/2025\/09\/portatarga-moto-universale.jpg","datePublished":"2025-09-03T19:16:14+00:00","description":"D\u00e9couvrez le support de plaque d'immatriculation universel POLIPARTS en aluminium noir d\u00e9coup\u00e9 au laser, r\u00e9glable en hauteur, largeur et inclinaison. Compatibilit\u00e9 universelle.","breadcrumb":{"@id":"https:\/\/poliparts.net\/fr\/produit\/support-de-plaque-dimmatriculation-universel-noir-reglable-et-inclinable-en-aluminium-pour-motos\/#breadcrumb"},"inLanguage":"fr-FR","potentialAction":[{"@type":"ReadAction","target":["https:\/\/poliparts.net\/fr\/produit\/support-de-plaque-dimmatriculation-universel-noir-reglable-et-inclinable-en-aluminium-pour-motos\/"]}]},{"@type":"ImageObject","inLanguage":"fr-FR","@id":"https:\/\/poliparts.net\/fr\/produit\/support-de-plaque-dimmatriculation-universel-noir-reglable-et-inclinable-en-aluminium-pour-motos\/#primaryimage","url":"https:\/\/poliparts.net\/wp-content\/uploads\/2025\/09\/portatarga-moto-universale.jpg","contentUrl":"https:\/\/poliparts.net\/wp-content\/uploads\/2025\/09\/portatarga-moto-universale.jpg","width":1100,"height":1100,"caption":"Portatarga in alluminio nero universale per moto, con regolazione di altezza, larghezza e inclinazione \u2013 compatibile con codoni originali e aftermarket."},{"@type":"BreadcrumbList","@id":"https:\/\/poliparts.net\/fr\/produit\/support-de-plaque-dimmatriculation-universel-noir-reglable-et-inclinable-en-aluminium-pour-motos\/#breadcrumb","itemListElement":[{"@type":"ListItem","position":1,"name":"Home","item":"https:\/\/poliparts.net\/fr\/home\/"},{"@type":"ListItem","position":2,"name":"Boutique","item":"https:\/\/poliparts.net\/fr\/boutique\/"},{"@type":"ListItem","position":3,"name":"Support de plaque d&#8217;immatriculation universel noir r\u00e9glable et inclinable en aluminium pour motos"}]},{"@type":"WebSite","@id":"https:\/\/poliparts.net\/fr\/#website","url":"https:\/\/poliparts.net\/fr\/","name":"Poliparts.net","description":"Accessori e Ricambi Moto Scooter:  Diretto Fabbrica, Qualit\u00e0 Top, Prezzi migliori","publisher":{"@id":"https:\/\/poliparts.net\/fr\/#organization"},"potentialAction":[{"@type":"SearchAction","target":{"@type":"EntryPoint","urlTemplate":"https:\/\/poliparts.net\/fr\/?s={search_term_string}"},"query-input":{"@type":"PropertyValueSpecification","valueRequired":true,"valueName":"search_term_string"}}],"inLanguage":"fr-FR"},{"@type":"Organization","@id":"https:\/\/poliparts.net\/fr\/#organization","name":"Poliparts.net","url":"https:\/\/poliparts.net\/fr\/","logo":{"@type":"ImageObject","inLanguage":"fr-FR","@id":"https:\/\/poliparts.net\/fr\/#\/schema\/logo\/image\/","url":"https:\/\/poliparts.net\/wp-content\/uploads\/2025\/05\/POLIPARTS-1000.png","contentUrl":"https:\/\/poliparts.net\/wp-content\/uploads\/2025\/05\/POLIPARTS-1000.png","width":1000,"height":274,"caption":"Poliparts.net"},"image":{"@id":"https:\/\/poliparts.net\/fr\/#\/schema\/logo\/image\/"}}]}},"_links":{"self":[{"href":"https:\/\/poliparts.net\/fr\/wp-json\/wp\/v2\/product\/31569","targetHints":{"allow":["GET"]}}],"collection":[{"href":"https:\/\/poliparts.net\/fr\/wp-json\/wp\/v2\/product"}],"about":[{"href":"https:\/\/poliparts.net\/fr\/wp-json\/wp\/v2\/types\/product"}],"replies":[{"embeddable":true,"href":"https:\/\/poliparts.net\/fr\/wp-json\/wp\/v2\/comments?post=31569"}],"version-history":[{"count":0,"href":"https:\/\/poliparts.net\/fr\/wp-json\/wp\/v2\/product\/31569\/revisions"}],"wp:featuredmedia":[{"embeddable":true,"href":"https:\/\/poliparts.net\/fr\/wp-json\/wp\/v2\/media\/31546"}],"wp:attachment":[{"href":"https:\/\/poliparts.net\/fr\/wp-json\/wp\/v2\/media?parent=31569"}],"wp:term":[{"taxonomy":"product_brand","embeddable":true,"href":"https:\/\/poliparts.net\/fr\/wp-json\/wp\/v2\/product_brand?post=31569"},{"taxonomy":"product_cat","embeddable":true,"href":"https:\/\/poliparts.net\/fr\/wp-json\/wp\/v2\/product_cat?post=31569"},{"taxonomy":"product_tag","embeddable":true,"href":"https:\/\/poliparts.net\/fr\/wp-json\/wp\/v2\/product_tag?post=31569"}],"curies":[{"name":"wp","href":"https:\/\/api.w.org\/{rel}","templated":true}]}}