{"id":30090,"date":"2025-05-31T09:48:52","date_gmt":"2025-05-31T07:48:52","guid":{"rendered":"https:\/\/poliparts.net\/product\/manchon-en-aluminium-pour-collecteur-dadmission-gauche-pour-yamaha-xp-t-max-tmax-500-annees-2001-2002-2003\/"},"modified":"2025-08-17T13:53:58","modified_gmt":"2025-08-17T11:53:58","slug":"manchon-en-aluminium-pour-collecteur-dadmission-gauche-pour-yamaha-xp-t-max-tmax-500-annees-2001-2002-2003","status":"publish","type":"product","link":"https:\/\/poliparts.net\/fr\/produit\/manchon-en-aluminium-pour-collecteur-dadmission-gauche-pour-yamaha-xp-t-max-tmax-500-annees-2001-2002-2003\/","title":{"rendered":"Manchon en aluminium pour collecteur d&rsquo;admission gauche pour YAMAHA XP T MAX TMAX 500 Ann\u00e9es 2001 2002 2003"},"content":{"rendered":"<p><strong>COMPATIBILIT\u00c9:<\/strong><\/p>\n<p>Le produit est compatible avec<\/p>\n<ul>\n<li>YAMAHA XP T-MAX 500 ann\u00e9e 2001 2002 2003<\/li>\n<li>SJ011\/4\/5\/6 T-MAX 500 ann\u00e9e de 2001 \u00e0 2003<\/li>\n<\/ul>\n<p><strong>R\u00c9F\u00c9RENCE ORIGINALE :<\/strong><\/p>\n<ul>\n<li>YAMAHA 5GJ135860200<\/li>\n<\/ul>\n","protected":false},"excerpt":{"rendered":"<p>\u3010COMPATIBILIT\u00c9\u3011Le produit est compatible avec YAMAHA XP T MAX T-MAX 500 ann\u00e9e 2001 2002 2003<\/p>\n<p>\u3010R\u00c9F\u00c9RENCE ORIGINALE\u3011 YAMAHA 5GJ135860200<\/p>\n<p>\u3010MAT\u00c9RIAU\u3011Ils sont fabriqu\u00e9s dans un mat\u00e9riau de haute qualit\u00e9, r\u00e9sistant \u00e0 la d\u00e9t\u00e9rioration, aux changements de temp\u00e9rature et aux agents chimiques.<\/p>\n<p>\u3010HAUTE FIABILIT\u00c9\u3011 Installation facile, identique \u00e0 l&rsquo;original. R\u00e9sistant aux chocs et aux vibrations, extr\u00eamement l\u00e9ger et fiable. <\/p>\n<p>\u3010POLIPARTS\u3011 Les pi\u00e8ces d\u00e9tach\u00e9es POLIPARTS ont toutes \u00e9t\u00e9 con\u00e7ues et fabriqu\u00e9es par des professionnels du secteur, elles ont les meilleures performances<\/p>\n","protected":false},"featured_media":30091,"comment_status":"open","ping_status":"closed","template":"","meta":[],"product_brand":[73],"product_cat":[796],"product_tag":[799,797,801,798,639,609,800,610],"class_list":{"0":"post-30090","1":"product","2":"type-product","3":"status-publish","4":"has-post-thumbnail","6":"product_brand-yamaha","7":"product_cat-collecteurs-dadmission","8":"product_tag-carburatore-fr","9":"product_tag-collecteur-dadmission","10":"product_tag-intake-manifold-fr","11":"product_tag-manicotto-fr","12":"product_tag-maxi-scooter-fr","13":"product_tag-tmax-fr","14":"product_tag-tourmax-fr","15":"product_tag-yamaha-fr","17":"first","18":"instock","19":"shipping-taxable","20":"purchasable","21":"product-type-simple"},"yoast_head":"<!-- This site is optimized with the Yoast SEO plugin v27.3 - https:\/\/yoast.com\/product\/yoast-seo-wordpress\/ -->\n<title>Manchon en aluminium pour collecteur d&#039;admission gauche pour YAMAHA XP T MAX TMAX 500 Ann\u00e9es 2001 2002 2003 - Poliparts.net<\/title>\n<meta name=\"robots\" content=\"index, follow, max-snippet:-1, max-image-preview:large, max-video-preview:-1\" \/>\n<link rel=\"canonical\" href=\"https:\/\/poliparts.net\/fr\/produit\/manchon-en-aluminium-pour-collecteur-dadmission-gauche-pour-yamaha-xp-t-max-tmax-500-annees-2001-2002-2003\/\" \/>\n<meta property=\"og:locale\" content=\"fr_FR\" \/>\n<meta property=\"og:type\" content=\"article\" \/>\n<meta property=\"og:title\" content=\"Manchon en aluminium pour collecteur d&#039;admission gauche pour YAMAHA XP T MAX TMAX 500 Ann\u00e9es 2001 2002 2003 - Poliparts.net\" \/>\n<meta property=\"og:description\" content=\"\u3010COMPATIBILIT\u00c9\u3011Le produit est compatible avec YAMAHA XP T MAX T-MAX 500 ann\u00e9e 2001 2002 2003 \u3010R\u00c9F\u00c9RENCE ORIGINALE\u3011 YAMAHA 5GJ135860200 \u3010MAT\u00c9RIAU\u3011Ils sont fabriqu\u00e9s dans un mat\u00e9riau de haute qualit\u00e9, r\u00e9sistant \u00e0 la d\u00e9t\u00e9rioration, aux changements de temp\u00e9rature et aux agents chimiques. \u3010HAUTE FIABILIT\u00c9\u3011 Installation facile, identique \u00e0 l&#039;original. R\u00e9sistant aux chocs et aux vibrations, extr\u00eamement l\u00e9ger et fiable.  \u3010POLIPARTS\u3011 Les pi\u00e8ces d\u00e9tach\u00e9es POLIPARTS ont toutes \u00e9t\u00e9 con\u00e7ues et fabriqu\u00e9es par des professionnels du secteur, elles ont les meilleures performances\" \/>\n<meta property=\"og:url\" content=\"https:\/\/poliparts.net\/fr\/produit\/manchon-en-aluminium-pour-collecteur-dadmission-gauche-pour-yamaha-xp-t-max-tmax-500-annees-2001-2002-2003\/\" \/>\n<meta property=\"og:site_name\" content=\"Poliparts.net\" \/>\n<meta property=\"article:modified_time\" content=\"2025-08-17T11:53:58+00:00\" \/>\n<meta property=\"og:image\" content=\"https:\/\/poliparts.net\/wp-content\/uploads\/2025\/05\/collettore-aspirazione-tmax-yamaha-1.jpg\" \/>\n\t<meta property=\"og:image:width\" content=\"800\" \/>\n\t<meta property=\"og:image:height\" content=\"800\" \/>\n\t<meta property=\"og:image:type\" content=\"image\/jpeg\" \/>\n<meta name=\"twitter:card\" content=\"summary_large_image\" \/>\n<script type=\"application\/ld+json\" class=\"yoast-schema-graph\">{\"@context\":\"https:\\\/\\\/schema.org\",\"@graph\":[{\"@type\":\"WebPage\",\"@id\":\"https:\\\/\\\/poliparts.net\\\/fr\\\/produit\\\/manchon-en-aluminium-pour-collecteur-dadmission-gauche-pour-yamaha-xp-t-max-tmax-500-annees-2001-2002-2003\\\/\",\"url\":\"https:\\\/\\\/poliparts.net\\\/fr\\\/produit\\\/manchon-en-aluminium-pour-collecteur-dadmission-gauche-pour-yamaha-xp-t-max-tmax-500-annees-2001-2002-2003\\\/\",\"name\":\"Manchon en aluminium pour collecteur d'admission gauche pour YAMAHA XP T MAX TMAX 500 Ann\u00e9es 2001 2002 2003 - Poliparts.net\",\"isPartOf\":{\"@id\":\"https:\\\/\\\/poliparts.net\\\/fr\\\/#website\"},\"primaryImageOfPage\":{\"@id\":\"https:\\\/\\\/poliparts.net\\\/fr\\\/produit\\\/manchon-en-aluminium-pour-collecteur-dadmission-gauche-pour-yamaha-xp-t-max-tmax-500-annees-2001-2002-2003\\\/#primaryimage\"},\"image\":{\"@id\":\"https:\\\/\\\/poliparts.net\\\/fr\\\/produit\\\/manchon-en-aluminium-pour-collecteur-dadmission-gauche-pour-yamaha-xp-t-max-tmax-500-annees-2001-2002-2003\\\/#primaryimage\"},\"thumbnailUrl\":\"https:\\\/\\\/poliparts.net\\\/wp-content\\\/uploads\\\/2025\\\/05\\\/collettore-aspirazione-tmax-yamaha-1.jpg\",\"datePublished\":\"2025-05-31T07:48:52+00:00\",\"dateModified\":\"2025-08-17T11:53:58+00:00\",\"breadcrumb\":{\"@id\":\"https:\\\/\\\/poliparts.net\\\/fr\\\/produit\\\/manchon-en-aluminium-pour-collecteur-dadmission-gauche-pour-yamaha-xp-t-max-tmax-500-annees-2001-2002-2003\\\/#breadcrumb\"},\"inLanguage\":\"fr-FR\",\"potentialAction\":[{\"@type\":\"ReadAction\",\"target\":[\"https:\\\/\\\/poliparts.net\\\/fr\\\/produit\\\/manchon-en-aluminium-pour-collecteur-dadmission-gauche-pour-yamaha-xp-t-max-tmax-500-annees-2001-2002-2003\\\/\"]}]},{\"@type\":\"ImageObject\",\"inLanguage\":\"fr-FR\",\"@id\":\"https:\\\/\\\/poliparts.net\\\/fr\\\/produit\\\/manchon-en-aluminium-pour-collecteur-dadmission-gauche-pour-yamaha-xp-t-max-tmax-500-annees-2001-2002-2003\\\/#primaryimage\",\"url\":\"https:\\\/\\\/poliparts.net\\\/wp-content\\\/uploads\\\/2025\\\/05\\\/collettore-aspirazione-tmax-yamaha-1.jpg\",\"contentUrl\":\"https:\\\/\\\/poliparts.net\\\/wp-content\\\/uploads\\\/2025\\\/05\\\/collettore-aspirazione-tmax-yamaha-1.jpg\",\"width\":800,\"height\":800},{\"@type\":\"BreadcrumbList\",\"@id\":\"https:\\\/\\\/poliparts.net\\\/fr\\\/produit\\\/manchon-en-aluminium-pour-collecteur-dadmission-gauche-pour-yamaha-xp-t-max-tmax-500-annees-2001-2002-2003\\\/#breadcrumb\",\"itemListElement\":[{\"@type\":\"ListItem\",\"position\":1,\"name\":\"Home\",\"item\":\"https:\\\/\\\/poliparts.net\\\/fr\\\/home\\\/\"},{\"@type\":\"ListItem\",\"position\":2,\"name\":\"Boutique\",\"item\":\"https:\\\/\\\/poliparts.net\\\/fr\\\/boutique\\\/\"},{\"@type\":\"ListItem\",\"position\":3,\"name\":\"Manchon en aluminium pour collecteur d&#8217;admission gauche pour YAMAHA XP T MAX TMAX 500 Ann\u00e9es 2001 2002 2003\"}]},{\"@type\":\"WebSite\",\"@id\":\"https:\\\/\\\/poliparts.net\\\/fr\\\/#website\",\"url\":\"https:\\\/\\\/poliparts.net\\\/fr\\\/\",\"name\":\"Poliparts.net\",\"description\":\"Accessori e Ricambi Moto Scooter:  Diretto Fabbrica, Qualit\u00e0 Top, Prezzi migliori\",\"publisher\":{\"@id\":\"https:\\\/\\\/poliparts.net\\\/fr\\\/#organization\"},\"potentialAction\":[{\"@type\":\"SearchAction\",\"target\":{\"@type\":\"EntryPoint\",\"urlTemplate\":\"https:\\\/\\\/poliparts.net\\\/fr\\\/?s={search_term_string}\"},\"query-input\":{\"@type\":\"PropertyValueSpecification\",\"valueRequired\":true,\"valueName\":\"search_term_string\"}}],\"inLanguage\":\"fr-FR\"},{\"@type\":\"Organization\",\"@id\":\"https:\\\/\\\/poliparts.net\\\/fr\\\/#organization\",\"name\":\"Poliparts.net\",\"url\":\"https:\\\/\\\/poliparts.net\\\/fr\\\/\",\"logo\":{\"@type\":\"ImageObject\",\"inLanguage\":\"fr-FR\",\"@id\":\"https:\\\/\\\/poliparts.net\\\/fr\\\/#\\\/schema\\\/logo\\\/image\\\/\",\"url\":\"https:\\\/\\\/poliparts.net\\\/wp-content\\\/uploads\\\/2025\\\/05\\\/POLIPARTS-1000.png\",\"contentUrl\":\"https:\\\/\\\/poliparts.net\\\/wp-content\\\/uploads\\\/2025\\\/05\\\/POLIPARTS-1000.png\",\"width\":1000,\"height\":274,\"caption\":\"Poliparts.net\"},\"image\":{\"@id\":\"https:\\\/\\\/poliparts.net\\\/fr\\\/#\\\/schema\\\/logo\\\/image\\\/\"}}]}<\/script>\n<!-- \/ Yoast SEO plugin. -->","yoast_head_json":{"title":"Manchon en aluminium pour collecteur d'admission gauche pour YAMAHA XP T MAX TMAX 500 Ann\u00e9es 2001 2002 2003 - Poliparts.net","robots":{"index":"index","follow":"follow","max-snippet":"max-snippet:-1","max-image-preview":"max-image-preview:large","max-video-preview":"max-video-preview:-1"},"canonical":"https:\/\/poliparts.net\/fr\/produit\/manchon-en-aluminium-pour-collecteur-dadmission-gauche-pour-yamaha-xp-t-max-tmax-500-annees-2001-2002-2003\/","og_locale":"fr_FR","og_type":"article","og_title":"Manchon en aluminium pour collecteur d'admission gauche pour YAMAHA XP T MAX TMAX 500 Ann\u00e9es 2001 2002 2003 - Poliparts.net","og_description":"\u3010COMPATIBILIT\u00c9\u3011Le produit est compatible avec YAMAHA XP T MAX T-MAX 500 ann\u00e9e 2001 2002 2003 \u3010R\u00c9F\u00c9RENCE ORIGINALE\u3011 YAMAHA 5GJ135860200 \u3010MAT\u00c9RIAU\u3011Ils sont fabriqu\u00e9s dans un mat\u00e9riau de haute qualit\u00e9, r\u00e9sistant \u00e0 la d\u00e9t\u00e9rioration, aux changements de temp\u00e9rature et aux agents chimiques. \u3010HAUTE FIABILIT\u00c9\u3011 Installation facile, identique \u00e0 l'original. R\u00e9sistant aux chocs et aux vibrations, extr\u00eamement l\u00e9ger et fiable.  \u3010POLIPARTS\u3011 Les pi\u00e8ces d\u00e9tach\u00e9es POLIPARTS ont toutes \u00e9t\u00e9 con\u00e7ues et fabriqu\u00e9es par des professionnels du secteur, elles ont les meilleures performances","og_url":"https:\/\/poliparts.net\/fr\/produit\/manchon-en-aluminium-pour-collecteur-dadmission-gauche-pour-yamaha-xp-t-max-tmax-500-annees-2001-2002-2003\/","og_site_name":"Poliparts.net","article_modified_time":"2025-08-17T11:53:58+00:00","og_image":[{"width":800,"height":800,"url":"https:\/\/poliparts.net\/wp-content\/uploads\/2025\/05\/collettore-aspirazione-tmax-yamaha-1.jpg","type":"image\/jpeg"}],"twitter_card":"summary_large_image","schema":{"@context":"https:\/\/schema.org","@graph":[{"@type":"WebPage","@id":"https:\/\/poliparts.net\/fr\/produit\/manchon-en-aluminium-pour-collecteur-dadmission-gauche-pour-yamaha-xp-t-max-tmax-500-annees-2001-2002-2003\/","url":"https:\/\/poliparts.net\/fr\/produit\/manchon-en-aluminium-pour-collecteur-dadmission-gauche-pour-yamaha-xp-t-max-tmax-500-annees-2001-2002-2003\/","name":"Manchon en aluminium pour collecteur d'admission gauche pour YAMAHA XP T MAX TMAX 500 Ann\u00e9es 2001 2002 2003 - Poliparts.net","isPartOf":{"@id":"https:\/\/poliparts.net\/fr\/#website"},"primaryImageOfPage":{"@id":"https:\/\/poliparts.net\/fr\/produit\/manchon-en-aluminium-pour-collecteur-dadmission-gauche-pour-yamaha-xp-t-max-tmax-500-annees-2001-2002-2003\/#primaryimage"},"image":{"@id":"https:\/\/poliparts.net\/fr\/produit\/manchon-en-aluminium-pour-collecteur-dadmission-gauche-pour-yamaha-xp-t-max-tmax-500-annees-2001-2002-2003\/#primaryimage"},"thumbnailUrl":"https:\/\/poliparts.net\/wp-content\/uploads\/2025\/05\/collettore-aspirazione-tmax-yamaha-1.jpg","datePublished":"2025-05-31T07:48:52+00:00","dateModified":"2025-08-17T11:53:58+00:00","breadcrumb":{"@id":"https:\/\/poliparts.net\/fr\/produit\/manchon-en-aluminium-pour-collecteur-dadmission-gauche-pour-yamaha-xp-t-max-tmax-500-annees-2001-2002-2003\/#breadcrumb"},"inLanguage":"fr-FR","potentialAction":[{"@type":"ReadAction","target":["https:\/\/poliparts.net\/fr\/produit\/manchon-en-aluminium-pour-collecteur-dadmission-gauche-pour-yamaha-xp-t-max-tmax-500-annees-2001-2002-2003\/"]}]},{"@type":"ImageObject","inLanguage":"fr-FR","@id":"https:\/\/poliparts.net\/fr\/produit\/manchon-en-aluminium-pour-collecteur-dadmission-gauche-pour-yamaha-xp-t-max-tmax-500-annees-2001-2002-2003\/#primaryimage","url":"https:\/\/poliparts.net\/wp-content\/uploads\/2025\/05\/collettore-aspirazione-tmax-yamaha-1.jpg","contentUrl":"https:\/\/poliparts.net\/wp-content\/uploads\/2025\/05\/collettore-aspirazione-tmax-yamaha-1.jpg","width":800,"height":800},{"@type":"BreadcrumbList","@id":"https:\/\/poliparts.net\/fr\/produit\/manchon-en-aluminium-pour-collecteur-dadmission-gauche-pour-yamaha-xp-t-max-tmax-500-annees-2001-2002-2003\/#breadcrumb","itemListElement":[{"@type":"ListItem","position":1,"name":"Home","item":"https:\/\/poliparts.net\/fr\/home\/"},{"@type":"ListItem","position":2,"name":"Boutique","item":"https:\/\/poliparts.net\/fr\/boutique\/"},{"@type":"ListItem","position":3,"name":"Manchon en aluminium pour collecteur d&#8217;admission gauche pour YAMAHA XP T MAX TMAX 500 Ann\u00e9es 2001 2002 2003"}]},{"@type":"WebSite","@id":"https:\/\/poliparts.net\/fr\/#website","url":"https:\/\/poliparts.net\/fr\/","name":"Poliparts.net","description":"Accessori e Ricambi Moto Scooter:  Diretto Fabbrica, Qualit\u00e0 Top, Prezzi migliori","publisher":{"@id":"https:\/\/poliparts.net\/fr\/#organization"},"potentialAction":[{"@type":"SearchAction","target":{"@type":"EntryPoint","urlTemplate":"https:\/\/poliparts.net\/fr\/?s={search_term_string}"},"query-input":{"@type":"PropertyValueSpecification","valueRequired":true,"valueName":"search_term_string"}}],"inLanguage":"fr-FR"},{"@type":"Organization","@id":"https:\/\/poliparts.net\/fr\/#organization","name":"Poliparts.net","url":"https:\/\/poliparts.net\/fr\/","logo":{"@type":"ImageObject","inLanguage":"fr-FR","@id":"https:\/\/poliparts.net\/fr\/#\/schema\/logo\/image\/","url":"https:\/\/poliparts.net\/wp-content\/uploads\/2025\/05\/POLIPARTS-1000.png","contentUrl":"https:\/\/poliparts.net\/wp-content\/uploads\/2025\/05\/POLIPARTS-1000.png","width":1000,"height":274,"caption":"Poliparts.net"},"image":{"@id":"https:\/\/poliparts.net\/fr\/#\/schema\/logo\/image\/"}}]}},"_links":{"self":[{"href":"https:\/\/poliparts.net\/fr\/wp-json\/wp\/v2\/product\/30090","targetHints":{"allow":["GET"]}}],"collection":[{"href":"https:\/\/poliparts.net\/fr\/wp-json\/wp\/v2\/product"}],"about":[{"href":"https:\/\/poliparts.net\/fr\/wp-json\/wp\/v2\/types\/product"}],"replies":[{"embeddable":true,"href":"https:\/\/poliparts.net\/fr\/wp-json\/wp\/v2\/comments?post=30090"}],"version-history":[{"count":1,"href":"https:\/\/poliparts.net\/fr\/wp-json\/wp\/v2\/product\/30090\/revisions"}],"predecessor-version":[{"id":30108,"href":"https:\/\/poliparts.net\/fr\/wp-json\/wp\/v2\/product\/30090\/revisions\/30108"}],"wp:featuredmedia":[{"embeddable":true,"href":"https:\/\/poliparts.net\/fr\/wp-json\/wp\/v2\/media\/30091"}],"wp:attachment":[{"href":"https:\/\/poliparts.net\/fr\/wp-json\/wp\/v2\/media?parent=30090"}],"wp:term":[{"taxonomy":"product_brand","embeddable":true,"href":"https:\/\/poliparts.net\/fr\/wp-json\/wp\/v2\/product_brand?post=30090"},{"taxonomy":"product_cat","embeddable":true,"href":"https:\/\/poliparts.net\/fr\/wp-json\/wp\/v2\/product_cat?post=30090"},{"taxonomy":"product_tag","embeddable":true,"href":"https:\/\/poliparts.net\/fr\/wp-json\/wp\/v2\/product_tag?post=30090"}],"curies":[{"name":"wp","href":"https:\/\/api.w.org\/{rel}","templated":true}]}}