{"id":30064,"date":"2025-05-31T05:25:48","date_gmt":"2025-05-31T03:25:48","guid":{"rendered":"https:\/\/poliparts.net\/product\/housse-de-selle-noire-avec-rembourrage-de-differentes-couleurs-pour-yamaha-t-max-tmax-500-annees-2008-a-2011\/"},"modified":"2025-08-17T15:20:01","modified_gmt":"2025-08-17T13:20:01","slug":"housse-de-selle-noire-avec-rembourrage-de-differentes-couleurs-pour-yamaha-t-max-tmax-500-annees-2008-a-2011","status":"publish","type":"product","link":"https:\/\/poliparts.net\/fr\/produit\/housse-de-selle-noire-avec-rembourrage-de-differentes-couleurs-pour-yamaha-t-max-tmax-500-annees-2008-a-2011\/","title":{"rendered":"Housse de selle noire avec rembourrage de diff\u00e9rentes couleurs pour Yamaha T-MAX TMAX 500 (ann\u00e9es 2008 \u00e0 2011)"},"content":{"rendered":"<p>La housse de selle POLIPARTS est une gamme de produits fabriqu\u00e9s par des professionnels du secteur, avec le souci du d\u00e9tail.<\/p>\n<p>Id\u00e9ale pour recouvrir une selle ancienne ou endommag\u00e9e, ou pour ajouter une touche de couleur \u00e0 la selle d&rsquo;origine.<\/p>\n<p>Con\u00e7ue sur mesure, elle est pr\u00eate \u00e0 remplacer la housse d&rsquo;origine.<\/p>\n","protected":false},"excerpt":{"rendered":"<ul>\n<li>Le produit est compatible avec YAMAHA T-MAX 500 ann\u00e9e 2008, 2009, 2010, 2011.<\/li>\n<li>Fabriqu\u00e9 en mat\u00e9riau antid\u00e9rapant, imperm\u00e9able, antibact\u00e9rien et r\u00e9sistant aux UV<\/li>\n<li>R\u00e9sistant \u00e0 la d\u00e9t\u00e9rioration, aux changements de temp\u00e9rature et aux agents chimiques<\/li>\n<li>Coutures renforc\u00e9es et scell\u00e9es<\/li>\n<li>Remplace la sellerie d&rsquo;origine<\/li>\n<\/ul>\n","protected":false},"featured_media":30124,"comment_status":"open","ping_status":"closed","template":"","meta":[],"product_brand":[73],"product_cat":[667],"product_tag":[1203,675,673,672,678,676,670,668,639,677,671,669,609,610],"class_list":{"0":"post-30064","1":"product","2":"type-product","3":"status-publish","4":"has-post-thumbnail","6":"product_brand-yamaha","7":"product_cat-housse-de-siege","8":"product_tag-anti-eau-fr","9":"product_tag-antiderapant","10":"product_tag-antipioggia-fr","11":"product_tag-couverture","12":"product_tag-dossier","13":"product_tag-etanche","14":"product_tag-garniture","15":"product_tag-housse-de-siege","16":"product_tag-maxi-scooter-fr","17":"product_tag-reglage-antibacterien","18":"product_tag-revetement","19":"product_tag-seat-cover-fr","20":"product_tag-tmax-fr","21":"product_tag-yamaha-fr","23":"first","24":"instock","25":"shipping-taxable","26":"purchasable","27":"product-type-variable"},"yoast_head":"<!-- This site is optimized with the Yoast SEO plugin v27.3 - https:\/\/yoast.com\/product\/yoast-seo-wordpress\/ -->\n<title>Housse de selle noire avec rembourrage de diff\u00e9rentes couleurs pour Yamaha T-MAX TMAX 500 (ann\u00e9es 2008 \u00e0 2011) - Poliparts.net<\/title>\n<meta name=\"robots\" content=\"index, follow, max-snippet:-1, max-image-preview:large, max-video-preview:-1\" \/>\n<link rel=\"canonical\" href=\"https:\/\/poliparts.net\/fr\/produit\/housse-de-selle-noire-avec-rembourrage-de-differentes-couleurs-pour-yamaha-t-max-tmax-500-annees-2008-a-2011\/\" \/>\n<meta property=\"og:locale\" content=\"fr_FR\" \/>\n<meta property=\"og:type\" content=\"article\" \/>\n<meta property=\"og:title\" content=\"Housse de selle noire avec rembourrage de diff\u00e9rentes couleurs pour Yamaha T-MAX TMAX 500 (ann\u00e9es 2008 \u00e0 2011) - Poliparts.net\" \/>\n<meta property=\"og:description\" content=\"Le produit est compatible avec YAMAHA T-MAX 500 ann\u00e9e 2008, 2009, 2010, 2011.  Fabriqu\u00e9 en mat\u00e9riau antid\u00e9rapant, imperm\u00e9able, antibact\u00e9rien et r\u00e9sistant aux UV  R\u00e9sistant \u00e0 la d\u00e9t\u00e9rioration, aux changements de temp\u00e9rature et aux agents chimiques  Coutures renforc\u00e9es et scell\u00e9es  Remplace la sellerie d&#039;origine\" \/>\n<meta property=\"og:url\" content=\"https:\/\/poliparts.net\/fr\/produit\/housse-de-selle-noire-avec-rembourrage-de-differentes-couleurs-pour-yamaha-t-max-tmax-500-annees-2008-a-2011\/\" \/>\n<meta property=\"og:site_name\" content=\"Poliparts.net\" \/>\n<meta property=\"article:modified_time\" content=\"2025-08-17T13:20:01+00:00\" \/>\n<meta property=\"og:image\" content=\"https:\/\/poliparts.net\/wp-content\/uploads\/2025\/05\/BK.png\" \/>\n\t<meta property=\"og:image:width\" content=\"645\" \/>\n\t<meta property=\"og:image:height\" content=\"556\" \/>\n\t<meta property=\"og:image:type\" content=\"image\/png\" \/>\n<meta name=\"twitter:card\" content=\"summary_large_image\" \/>\n<script type=\"application\/ld+json\" class=\"yoast-schema-graph\">{\"@context\":\"https:\\\/\\\/schema.org\",\"@graph\":[{\"@type\":\"WebPage\",\"@id\":\"https:\\\/\\\/poliparts.net\\\/fr\\\/produit\\\/housse-de-selle-noire-avec-rembourrage-de-differentes-couleurs-pour-yamaha-t-max-tmax-500-annees-2008-a-2011\\\/\",\"url\":\"https:\\\/\\\/poliparts.net\\\/fr\\\/produit\\\/housse-de-selle-noire-avec-rembourrage-de-differentes-couleurs-pour-yamaha-t-max-tmax-500-annees-2008-a-2011\\\/\",\"name\":\"Housse de selle noire avec rembourrage de diff\u00e9rentes couleurs pour Yamaha T-MAX TMAX 500 (ann\u00e9es 2008 \u00e0 2011) - Poliparts.net\",\"isPartOf\":{\"@id\":\"https:\\\/\\\/poliparts.net\\\/fr\\\/#website\"},\"primaryImageOfPage\":{\"@id\":\"https:\\\/\\\/poliparts.net\\\/fr\\\/produit\\\/housse-de-selle-noire-avec-rembourrage-de-differentes-couleurs-pour-yamaha-t-max-tmax-500-annees-2008-a-2011\\\/#primaryimage\"},\"image\":{\"@id\":\"https:\\\/\\\/poliparts.net\\\/fr\\\/produit\\\/housse-de-selle-noire-avec-rembourrage-de-differentes-couleurs-pour-yamaha-t-max-tmax-500-annees-2008-a-2011\\\/#primaryimage\"},\"thumbnailUrl\":\"https:\\\/\\\/poliparts.net\\\/wp-content\\\/uploads\\\/2025\\\/05\\\/BK.png\",\"datePublished\":\"2025-05-31T03:25:48+00:00\",\"dateModified\":\"2025-08-17T13:20:01+00:00\",\"breadcrumb\":{\"@id\":\"https:\\\/\\\/poliparts.net\\\/fr\\\/produit\\\/housse-de-selle-noire-avec-rembourrage-de-differentes-couleurs-pour-yamaha-t-max-tmax-500-annees-2008-a-2011\\\/#breadcrumb\"},\"inLanguage\":\"fr-FR\",\"potentialAction\":[{\"@type\":\"ReadAction\",\"target\":[\"https:\\\/\\\/poliparts.net\\\/fr\\\/produit\\\/housse-de-selle-noire-avec-rembourrage-de-differentes-couleurs-pour-yamaha-t-max-tmax-500-annees-2008-a-2011\\\/\"]}]},{\"@type\":\"ImageObject\",\"inLanguage\":\"fr-FR\",\"@id\":\"https:\\\/\\\/poliparts.net\\\/fr\\\/produit\\\/housse-de-selle-noire-avec-rembourrage-de-differentes-couleurs-pour-yamaha-t-max-tmax-500-annees-2008-a-2011\\\/#primaryimage\",\"url\":\"https:\\\/\\\/poliparts.net\\\/wp-content\\\/uploads\\\/2025\\\/05\\\/BK.png\",\"contentUrl\":\"https:\\\/\\\/poliparts.net\\\/wp-content\\\/uploads\\\/2025\\\/05\\\/BK.png\",\"width\":645,\"height\":556,\"caption\":\"coprisella yamaha tmax 500 colore nero anno 2008 2009 2010 2011\"},{\"@type\":\"BreadcrumbList\",\"@id\":\"https:\\\/\\\/poliparts.net\\\/fr\\\/produit\\\/housse-de-selle-noire-avec-rembourrage-de-differentes-couleurs-pour-yamaha-t-max-tmax-500-annees-2008-a-2011\\\/#breadcrumb\",\"itemListElement\":[{\"@type\":\"ListItem\",\"position\":1,\"name\":\"Home\",\"item\":\"https:\\\/\\\/poliparts.net\\\/fr\\\/home\\\/\"},{\"@type\":\"ListItem\",\"position\":2,\"name\":\"Boutique\",\"item\":\"https:\\\/\\\/poliparts.net\\\/fr\\\/boutique\\\/\"},{\"@type\":\"ListItem\",\"position\":3,\"name\":\"Housse de selle noire avec rembourrage de diff\u00e9rentes couleurs pour Yamaha T-MAX TMAX 500 (ann\u00e9es 2008 \u00e0 2011)\"}]},{\"@type\":\"WebSite\",\"@id\":\"https:\\\/\\\/poliparts.net\\\/fr\\\/#website\",\"url\":\"https:\\\/\\\/poliparts.net\\\/fr\\\/\",\"name\":\"Poliparts.net\",\"description\":\"Accessori e Ricambi Moto Scooter:  Diretto Fabbrica, Qualit\u00e0 Top, Prezzi migliori\",\"publisher\":{\"@id\":\"https:\\\/\\\/poliparts.net\\\/fr\\\/#organization\"},\"potentialAction\":[{\"@type\":\"SearchAction\",\"target\":{\"@type\":\"EntryPoint\",\"urlTemplate\":\"https:\\\/\\\/poliparts.net\\\/fr\\\/?s={search_term_string}\"},\"query-input\":{\"@type\":\"PropertyValueSpecification\",\"valueRequired\":true,\"valueName\":\"search_term_string\"}}],\"inLanguage\":\"fr-FR\"},{\"@type\":\"Organization\",\"@id\":\"https:\\\/\\\/poliparts.net\\\/fr\\\/#organization\",\"name\":\"Poliparts.net\",\"url\":\"https:\\\/\\\/poliparts.net\\\/fr\\\/\",\"logo\":{\"@type\":\"ImageObject\",\"inLanguage\":\"fr-FR\",\"@id\":\"https:\\\/\\\/poliparts.net\\\/fr\\\/#\\\/schema\\\/logo\\\/image\\\/\",\"url\":\"https:\\\/\\\/poliparts.net\\\/wp-content\\\/uploads\\\/2025\\\/05\\\/POLIPARTS-1000.png\",\"contentUrl\":\"https:\\\/\\\/poliparts.net\\\/wp-content\\\/uploads\\\/2025\\\/05\\\/POLIPARTS-1000.png\",\"width\":1000,\"height\":274,\"caption\":\"Poliparts.net\"},\"image\":{\"@id\":\"https:\\\/\\\/poliparts.net\\\/fr\\\/#\\\/schema\\\/logo\\\/image\\\/\"}}]}<\/script>\n<!-- \/ Yoast SEO plugin. -->","yoast_head_json":{"title":"Housse de selle noire avec rembourrage de diff\u00e9rentes couleurs pour Yamaha T-MAX TMAX 500 (ann\u00e9es 2008 \u00e0 2011) - Poliparts.net","robots":{"index":"index","follow":"follow","max-snippet":"max-snippet:-1","max-image-preview":"max-image-preview:large","max-video-preview":"max-video-preview:-1"},"canonical":"https:\/\/poliparts.net\/fr\/produit\/housse-de-selle-noire-avec-rembourrage-de-differentes-couleurs-pour-yamaha-t-max-tmax-500-annees-2008-a-2011\/","og_locale":"fr_FR","og_type":"article","og_title":"Housse de selle noire avec rembourrage de diff\u00e9rentes couleurs pour Yamaha T-MAX TMAX 500 (ann\u00e9es 2008 \u00e0 2011) - Poliparts.net","og_description":"Le produit est compatible avec YAMAHA T-MAX 500 ann\u00e9e 2008, 2009, 2010, 2011.  Fabriqu\u00e9 en mat\u00e9riau antid\u00e9rapant, imperm\u00e9able, antibact\u00e9rien et r\u00e9sistant aux UV  R\u00e9sistant \u00e0 la d\u00e9t\u00e9rioration, aux changements de temp\u00e9rature et aux agents chimiques  Coutures renforc\u00e9es et scell\u00e9es  Remplace la sellerie d'origine","og_url":"https:\/\/poliparts.net\/fr\/produit\/housse-de-selle-noire-avec-rembourrage-de-differentes-couleurs-pour-yamaha-t-max-tmax-500-annees-2008-a-2011\/","og_site_name":"Poliparts.net","article_modified_time":"2025-08-17T13:20:01+00:00","og_image":[{"width":645,"height":556,"url":"https:\/\/poliparts.net\/wp-content\/uploads\/2025\/05\/BK.png","type":"image\/png"}],"twitter_card":"summary_large_image","schema":{"@context":"https:\/\/schema.org","@graph":[{"@type":"WebPage","@id":"https:\/\/poliparts.net\/fr\/produit\/housse-de-selle-noire-avec-rembourrage-de-differentes-couleurs-pour-yamaha-t-max-tmax-500-annees-2008-a-2011\/","url":"https:\/\/poliparts.net\/fr\/produit\/housse-de-selle-noire-avec-rembourrage-de-differentes-couleurs-pour-yamaha-t-max-tmax-500-annees-2008-a-2011\/","name":"Housse de selle noire avec rembourrage de diff\u00e9rentes couleurs pour Yamaha T-MAX TMAX 500 (ann\u00e9es 2008 \u00e0 2011) - Poliparts.net","isPartOf":{"@id":"https:\/\/poliparts.net\/fr\/#website"},"primaryImageOfPage":{"@id":"https:\/\/poliparts.net\/fr\/produit\/housse-de-selle-noire-avec-rembourrage-de-differentes-couleurs-pour-yamaha-t-max-tmax-500-annees-2008-a-2011\/#primaryimage"},"image":{"@id":"https:\/\/poliparts.net\/fr\/produit\/housse-de-selle-noire-avec-rembourrage-de-differentes-couleurs-pour-yamaha-t-max-tmax-500-annees-2008-a-2011\/#primaryimage"},"thumbnailUrl":"https:\/\/poliparts.net\/wp-content\/uploads\/2025\/05\/BK.png","datePublished":"2025-05-31T03:25:48+00:00","dateModified":"2025-08-17T13:20:01+00:00","breadcrumb":{"@id":"https:\/\/poliparts.net\/fr\/produit\/housse-de-selle-noire-avec-rembourrage-de-differentes-couleurs-pour-yamaha-t-max-tmax-500-annees-2008-a-2011\/#breadcrumb"},"inLanguage":"fr-FR","potentialAction":[{"@type":"ReadAction","target":["https:\/\/poliparts.net\/fr\/produit\/housse-de-selle-noire-avec-rembourrage-de-differentes-couleurs-pour-yamaha-t-max-tmax-500-annees-2008-a-2011\/"]}]},{"@type":"ImageObject","inLanguage":"fr-FR","@id":"https:\/\/poliparts.net\/fr\/produit\/housse-de-selle-noire-avec-rembourrage-de-differentes-couleurs-pour-yamaha-t-max-tmax-500-annees-2008-a-2011\/#primaryimage","url":"https:\/\/poliparts.net\/wp-content\/uploads\/2025\/05\/BK.png","contentUrl":"https:\/\/poliparts.net\/wp-content\/uploads\/2025\/05\/BK.png","width":645,"height":556,"caption":"coprisella yamaha tmax 500 colore nero anno 2008 2009 2010 2011"},{"@type":"BreadcrumbList","@id":"https:\/\/poliparts.net\/fr\/produit\/housse-de-selle-noire-avec-rembourrage-de-differentes-couleurs-pour-yamaha-t-max-tmax-500-annees-2008-a-2011\/#breadcrumb","itemListElement":[{"@type":"ListItem","position":1,"name":"Home","item":"https:\/\/poliparts.net\/fr\/home\/"},{"@type":"ListItem","position":2,"name":"Boutique","item":"https:\/\/poliparts.net\/fr\/boutique\/"},{"@type":"ListItem","position":3,"name":"Housse de selle noire avec rembourrage de diff\u00e9rentes couleurs pour Yamaha T-MAX TMAX 500 (ann\u00e9es 2008 \u00e0 2011)"}]},{"@type":"WebSite","@id":"https:\/\/poliparts.net\/fr\/#website","url":"https:\/\/poliparts.net\/fr\/","name":"Poliparts.net","description":"Accessori e Ricambi Moto Scooter:  Diretto Fabbrica, Qualit\u00e0 Top, Prezzi migliori","publisher":{"@id":"https:\/\/poliparts.net\/fr\/#organization"},"potentialAction":[{"@type":"SearchAction","target":{"@type":"EntryPoint","urlTemplate":"https:\/\/poliparts.net\/fr\/?s={search_term_string}"},"query-input":{"@type":"PropertyValueSpecification","valueRequired":true,"valueName":"search_term_string"}}],"inLanguage":"fr-FR"},{"@type":"Organization","@id":"https:\/\/poliparts.net\/fr\/#organization","name":"Poliparts.net","url":"https:\/\/poliparts.net\/fr\/","logo":{"@type":"ImageObject","inLanguage":"fr-FR","@id":"https:\/\/poliparts.net\/fr\/#\/schema\/logo\/image\/","url":"https:\/\/poliparts.net\/wp-content\/uploads\/2025\/05\/POLIPARTS-1000.png","contentUrl":"https:\/\/poliparts.net\/wp-content\/uploads\/2025\/05\/POLIPARTS-1000.png","width":1000,"height":274,"caption":"Poliparts.net"},"image":{"@id":"https:\/\/poliparts.net\/fr\/#\/schema\/logo\/image\/"}}]}},"_links":{"self":[{"href":"https:\/\/poliparts.net\/fr\/wp-json\/wp\/v2\/product\/30064","targetHints":{"allow":["GET"]}}],"collection":[{"href":"https:\/\/poliparts.net\/fr\/wp-json\/wp\/v2\/product"}],"about":[{"href":"https:\/\/poliparts.net\/fr\/wp-json\/wp\/v2\/types\/product"}],"replies":[{"embeddable":true,"href":"https:\/\/poliparts.net\/fr\/wp-json\/wp\/v2\/comments?post=30064"}],"version-history":[{"count":1,"href":"https:\/\/poliparts.net\/fr\/wp-json\/wp\/v2\/product\/30064\/revisions"}],"predecessor-version":[{"id":30238,"href":"https:\/\/poliparts.net\/fr\/wp-json\/wp\/v2\/product\/30064\/revisions\/30238"}],"wp:featuredmedia":[{"embeddable":true,"href":"https:\/\/poliparts.net\/fr\/wp-json\/wp\/v2\/media\/30124"}],"wp:attachment":[{"href":"https:\/\/poliparts.net\/fr\/wp-json\/wp\/v2\/media?parent=30064"}],"wp:term":[{"taxonomy":"product_brand","embeddable":true,"href":"https:\/\/poliparts.net\/fr\/wp-json\/wp\/v2\/product_brand?post=30064"},{"taxonomy":"product_cat","embeddable":true,"href":"https:\/\/poliparts.net\/fr\/wp-json\/wp\/v2\/product_cat?post=30064"},{"taxonomy":"product_tag","embeddable":true,"href":"https:\/\/poliparts.net\/fr\/wp-json\/wp\/v2\/product_tag?post=30064"}],"curies":[{"name":"wp","href":"https:\/\/api.w.org\/{rel}","templated":true}]}}