{"id":30044,"date":"2025-05-25T03:40:30","date_gmt":"2025-05-25T01:40:30","guid":{"rendered":"https:\/\/poliparts.net\/product\/antivol-de-pneu-avec-ecrou-en-aluminium-anti-vibrations-pour-motocross-enduro-tout-terrain\/"},"modified":"2025-05-25T03:40:30","modified_gmt":"2025-05-25T01:40:30","slug":"antivol-de-pneu-avec-ecrou-en-aluminium-anti-vibrations-pour-motocross-enduro-tout-terrain","status":"publish","type":"product","link":"https:\/\/poliparts.net\/fr\/produit\/antivol-de-pneu-avec-ecrou-en-aluminium-anti-vibrations-pour-motocross-enduro-tout-terrain\/","title":{"rendered":"Antivol de pneu avec \u00e9crou en aluminium anti-vibrations pour motocross enduro tout-terrain"},"content":{"rendered":"<p>Le support de pneu en composite de nylon haute r\u00e9sistance p\u00e8se environ la moiti\u00e9 du poids de la version en aluminium et comprend l&rsquo;\u00e9crou de fixation, la rondelle frais\u00e9e en aluminium et l&rsquo;\u00e9ponge anti-vibration.<br \/>\nSa conception innovante prot\u00e8ge la chambre \u00e0 air de l&rsquo;abrasion et r\u00e9duit la temp\u00e9rature.<br \/>\nLes nervures coniques maintiennent solidement le pneu sur la jante.<br \/>\nId\u00e9al pour l&rsquo;enduro, le motocross et le tout-terrain.<\/p>\n","protected":false},"excerpt":{"rendered":"<ul>\n<li>Comprend un bloc anti-vibration qui s&rsquo;installe en dessous, r\u00e9duit la tension sur les rayons et la jante et aide \u00e0 emp\u00eacher l&rsquo;\u00e9crou de blocage de la jante de bouger pendant l&rsquo;acc\u00e9l\u00e9ration et le freinage<\/li>\n<li>Conception moul\u00e9e en composite de nylon haute r\u00e9sistance. R\u00e9sistant aux chocs. <\/li>\n<li>Comprend un nouvel \u00e9crou de blocage de jante en aluminium et une rondelle chanfrein\u00e9e<\/li>\n<li>Sa forme profil\u00e9e unique prot\u00e8ge la chambre \u00e0 air de l&rsquo;abrasion et r\u00e9duit la chaleur. Elle verrouille solidement le pneu. <\/li>\n<li>Test\u00e9 10 \u00e0 20 % plus r\u00e9sistant que les \u00e9crous de blocage en fonte pour seulement la moiti\u00e9 du poids<\/li>\n<\/ul>\n","protected":false},"featured_media":30047,"comment_status":"open","ping_status":"closed","template":"","meta":[],"product_brand":[154,73],"product_cat":[679],"product_tag":[691,695,690,689,680,685,693,681,684,683,697,686,688,682,692,696,687,694],"class_list":{"0":"post-30044","1":"product","2":"type-product","3":"status-publish","4":"has-post-thumbnail","6":"product_brand-honda","7":"product_brand-yamaha","8":"product_cat-outils-accessoires","9":"product_tag-dirtbike-fr","10":"product_tag-fixer-fr","11":"product_tag-heavy-duty-fr","12":"product_tag-klx-fr","13":"product_tag-motion-pro-fr","14":"product_tag-motocross-fr","15":"product_tag-motorbike-fr","16":"product_tag-motorcycle-wheel-lock-fr","17":"product_tag-offroad-fr","18":"product_tag-powersports-fr","19":"product_tag-protector-fr","20":"product_tag-rim-strips-fr","21":"product_tag-scooter-rims-fr","22":"product_tag-tire-spoons-fr","23":"product_tag-tool-fr","24":"product_tag-trail-fr","25":"product_tag-tube-locks-fr","26":"product_tag-wheels-fr","28":"first","29":"instock","30":"sale","31":"shipping-taxable","32":"purchasable","33":"product-type-variable"},"yoast_head":"<!-- This site is optimized with the Yoast SEO plugin v27.3 - https:\/\/yoast.com\/product\/yoast-seo-wordpress\/ -->\n<title>Antivol de pneu avec \u00e9crou en aluminium anti-vibrations pour motocross enduro tout-terrain - Poliparts.net<\/title>\n<meta name=\"robots\" content=\"index, follow, max-snippet:-1, max-image-preview:large, max-video-preview:-1\" \/>\n<link rel=\"canonical\" href=\"https:\/\/poliparts.net\/fr\/produit\/antivol-de-pneu-avec-ecrou-en-aluminium-anti-vibrations-pour-motocross-enduro-tout-terrain\/\" \/>\n<meta property=\"og:locale\" content=\"fr_FR\" \/>\n<meta property=\"og:type\" content=\"article\" \/>\n<meta property=\"og:title\" content=\"Antivol de pneu avec \u00e9crou en aluminium anti-vibrations pour motocross enduro tout-terrain - Poliparts.net\" \/>\n<meta property=\"og:description\" content=\"Comprend un bloc anti-vibration qui s&#039;installe en dessous, r\u00e9duit la tension sur les rayons et la jante et aide \u00e0 emp\u00eacher l&#039;\u00e9crou de blocage de la jante de bouger pendant l&#039;acc\u00e9l\u00e9ration et le freinage  Conception moul\u00e9e en composite de nylon haute r\u00e9sistance. R\u00e9sistant aux chocs.  Comprend un nouvel \u00e9crou de blocage de jante en aluminium et une rondelle chanfrein\u00e9e  Sa forme profil\u00e9e unique prot\u00e8ge la chambre \u00e0 air de l&#039;abrasion et r\u00e9duit la chaleur. Elle verrouille solidement le pneu.  Test\u00e9 10 \u00e0 20 % plus r\u00e9sistant que les \u00e9crous de blocage en fonte pour seulement la moiti\u00e9 du poids\" \/>\n<meta property=\"og:url\" content=\"https:\/\/poliparts.net\/fr\/produit\/antivol-de-pneu-avec-ecrou-en-aluminium-anti-vibrations-pour-motocross-enduro-tout-terrain\/\" \/>\n<meta property=\"og:site_name\" content=\"Poliparts.net\" \/>\n<meta property=\"og:image\" content=\"https:\/\/poliparts.net\/wp-content\/uploads\/2025\/05\/motorcycle_rim_lock_1.60_ferma_copertona_motocross_5.webp\" \/>\n\t<meta property=\"og:image:width\" content=\"1800\" \/>\n\t<meta property=\"og:image:height\" content=\"1800\" \/>\n\t<meta property=\"og:image:type\" content=\"image\/webp\" \/>\n<meta name=\"twitter:card\" content=\"summary_large_image\" \/>\n<script type=\"application\/ld+json\" class=\"yoast-schema-graph\">{\"@context\":\"https:\\\/\\\/schema.org\",\"@graph\":[{\"@type\":\"WebPage\",\"@id\":\"https:\\\/\\\/poliparts.net\\\/fr\\\/produit\\\/antivol-de-pneu-avec-ecrou-en-aluminium-anti-vibrations-pour-motocross-enduro-tout-terrain\\\/\",\"url\":\"https:\\\/\\\/poliparts.net\\\/fr\\\/produit\\\/antivol-de-pneu-avec-ecrou-en-aluminium-anti-vibrations-pour-motocross-enduro-tout-terrain\\\/\",\"name\":\"Antivol de pneu avec \u00e9crou en aluminium anti-vibrations pour motocross enduro tout-terrain - Poliparts.net\",\"isPartOf\":{\"@id\":\"https:\\\/\\\/poliparts.net\\\/fr\\\/#website\"},\"primaryImageOfPage\":{\"@id\":\"https:\\\/\\\/poliparts.net\\\/fr\\\/produit\\\/antivol-de-pneu-avec-ecrou-en-aluminium-anti-vibrations-pour-motocross-enduro-tout-terrain\\\/#primaryimage\"},\"image\":{\"@id\":\"https:\\\/\\\/poliparts.net\\\/fr\\\/produit\\\/antivol-de-pneu-avec-ecrou-en-aluminium-anti-vibrations-pour-motocross-enduro-tout-terrain\\\/#primaryimage\"},\"thumbnailUrl\":\"https:\\\/\\\/poliparts.net\\\/wp-content\\\/uploads\\\/2025\\\/05\\\/motorcycle_rim_lock_1.60_ferma_copertona_motocross_5.webp\",\"datePublished\":\"2025-05-25T01:40:30+00:00\",\"breadcrumb\":{\"@id\":\"https:\\\/\\\/poliparts.net\\\/fr\\\/produit\\\/antivol-de-pneu-avec-ecrou-en-aluminium-anti-vibrations-pour-motocross-enduro-tout-terrain\\\/#breadcrumb\"},\"inLanguage\":\"fr-FR\",\"potentialAction\":[{\"@type\":\"ReadAction\",\"target\":[\"https:\\\/\\\/poliparts.net\\\/fr\\\/produit\\\/antivol-de-pneu-avec-ecrou-en-aluminium-anti-vibrations-pour-motocross-enduro-tout-terrain\\\/\"]}]},{\"@type\":\"ImageObject\",\"inLanguage\":\"fr-FR\",\"@id\":\"https:\\\/\\\/poliparts.net\\\/fr\\\/produit\\\/antivol-de-pneu-avec-ecrou-en-aluminium-anti-vibrations-pour-motocross-enduro-tout-terrain\\\/#primaryimage\",\"url\":\"https:\\\/\\\/poliparts.net\\\/wp-content\\\/uploads\\\/2025\\\/05\\\/motorcycle_rim_lock_1.60_ferma_copertona_motocross_5.webp\",\"contentUrl\":\"https:\\\/\\\/poliparts.net\\\/wp-content\\\/uploads\\\/2025\\\/05\\\/motorcycle_rim_lock_1.60_ferma_copertona_motocross_5.webp\",\"width\":1800,\"height\":1800,\"caption\":\"fermacopertona per motocross offroad\"},{\"@type\":\"BreadcrumbList\",\"@id\":\"https:\\\/\\\/poliparts.net\\\/fr\\\/produit\\\/antivol-de-pneu-avec-ecrou-en-aluminium-anti-vibrations-pour-motocross-enduro-tout-terrain\\\/#breadcrumb\",\"itemListElement\":[{\"@type\":\"ListItem\",\"position\":1,\"name\":\"Home\",\"item\":\"https:\\\/\\\/poliparts.net\\\/fr\\\/home\\\/\"},{\"@type\":\"ListItem\",\"position\":2,\"name\":\"Boutique\",\"item\":\"https:\\\/\\\/poliparts.net\\\/fr\\\/boutique\\\/\"},{\"@type\":\"ListItem\",\"position\":3,\"name\":\"Antivol de pneu avec \u00e9crou en aluminium anti-vibrations pour motocross enduro tout-terrain\"}]},{\"@type\":\"WebSite\",\"@id\":\"https:\\\/\\\/poliparts.net\\\/fr\\\/#website\",\"url\":\"https:\\\/\\\/poliparts.net\\\/fr\\\/\",\"name\":\"Poliparts.net\",\"description\":\"Accessori e Ricambi Moto Scooter:  Diretto Fabbrica, Qualit\u00e0 Top, Prezzi migliori\",\"publisher\":{\"@id\":\"https:\\\/\\\/poliparts.net\\\/fr\\\/#organization\"},\"potentialAction\":[{\"@type\":\"SearchAction\",\"target\":{\"@type\":\"EntryPoint\",\"urlTemplate\":\"https:\\\/\\\/poliparts.net\\\/fr\\\/?s={search_term_string}\"},\"query-input\":{\"@type\":\"PropertyValueSpecification\",\"valueRequired\":true,\"valueName\":\"search_term_string\"}}],\"inLanguage\":\"fr-FR\"},{\"@type\":\"Organization\",\"@id\":\"https:\\\/\\\/poliparts.net\\\/fr\\\/#organization\",\"name\":\"Poliparts.net\",\"url\":\"https:\\\/\\\/poliparts.net\\\/fr\\\/\",\"logo\":{\"@type\":\"ImageObject\",\"inLanguage\":\"fr-FR\",\"@id\":\"https:\\\/\\\/poliparts.net\\\/fr\\\/#\\\/schema\\\/logo\\\/image\\\/\",\"url\":\"https:\\\/\\\/poliparts.net\\\/wp-content\\\/uploads\\\/2025\\\/05\\\/POLIPARTS-1000.png\",\"contentUrl\":\"https:\\\/\\\/poliparts.net\\\/wp-content\\\/uploads\\\/2025\\\/05\\\/POLIPARTS-1000.png\",\"width\":1000,\"height\":274,\"caption\":\"Poliparts.net\"},\"image\":{\"@id\":\"https:\\\/\\\/poliparts.net\\\/fr\\\/#\\\/schema\\\/logo\\\/image\\\/\"}}]}<\/script>\n<!-- \/ Yoast SEO plugin. -->","yoast_head_json":{"title":"Antivol de pneu avec \u00e9crou en aluminium anti-vibrations pour motocross enduro tout-terrain - Poliparts.net","robots":{"index":"index","follow":"follow","max-snippet":"max-snippet:-1","max-image-preview":"max-image-preview:large","max-video-preview":"max-video-preview:-1"},"canonical":"https:\/\/poliparts.net\/fr\/produit\/antivol-de-pneu-avec-ecrou-en-aluminium-anti-vibrations-pour-motocross-enduro-tout-terrain\/","og_locale":"fr_FR","og_type":"article","og_title":"Antivol de pneu avec \u00e9crou en aluminium anti-vibrations pour motocross enduro tout-terrain - Poliparts.net","og_description":"Comprend un bloc anti-vibration qui s'installe en dessous, r\u00e9duit la tension sur les rayons et la jante et aide \u00e0 emp\u00eacher l'\u00e9crou de blocage de la jante de bouger pendant l'acc\u00e9l\u00e9ration et le freinage  Conception moul\u00e9e en composite de nylon haute r\u00e9sistance. R\u00e9sistant aux chocs.  Comprend un nouvel \u00e9crou de blocage de jante en aluminium et une rondelle chanfrein\u00e9e  Sa forme profil\u00e9e unique prot\u00e8ge la chambre \u00e0 air de l'abrasion et r\u00e9duit la chaleur. Elle verrouille solidement le pneu.  Test\u00e9 10 \u00e0 20 % plus r\u00e9sistant que les \u00e9crous de blocage en fonte pour seulement la moiti\u00e9 du poids","og_url":"https:\/\/poliparts.net\/fr\/produit\/antivol-de-pneu-avec-ecrou-en-aluminium-anti-vibrations-pour-motocross-enduro-tout-terrain\/","og_site_name":"Poliparts.net","og_image":[{"width":1800,"height":1800,"url":"https:\/\/poliparts.net\/wp-content\/uploads\/2025\/05\/motorcycle_rim_lock_1.60_ferma_copertona_motocross_5.webp","type":"image\/webp"}],"twitter_card":"summary_large_image","schema":{"@context":"https:\/\/schema.org","@graph":[{"@type":"WebPage","@id":"https:\/\/poliparts.net\/fr\/produit\/antivol-de-pneu-avec-ecrou-en-aluminium-anti-vibrations-pour-motocross-enduro-tout-terrain\/","url":"https:\/\/poliparts.net\/fr\/produit\/antivol-de-pneu-avec-ecrou-en-aluminium-anti-vibrations-pour-motocross-enduro-tout-terrain\/","name":"Antivol de pneu avec \u00e9crou en aluminium anti-vibrations pour motocross enduro tout-terrain - Poliparts.net","isPartOf":{"@id":"https:\/\/poliparts.net\/fr\/#website"},"primaryImageOfPage":{"@id":"https:\/\/poliparts.net\/fr\/produit\/antivol-de-pneu-avec-ecrou-en-aluminium-anti-vibrations-pour-motocross-enduro-tout-terrain\/#primaryimage"},"image":{"@id":"https:\/\/poliparts.net\/fr\/produit\/antivol-de-pneu-avec-ecrou-en-aluminium-anti-vibrations-pour-motocross-enduro-tout-terrain\/#primaryimage"},"thumbnailUrl":"https:\/\/poliparts.net\/wp-content\/uploads\/2025\/05\/motorcycle_rim_lock_1.60_ferma_copertona_motocross_5.webp","datePublished":"2025-05-25T01:40:30+00:00","breadcrumb":{"@id":"https:\/\/poliparts.net\/fr\/produit\/antivol-de-pneu-avec-ecrou-en-aluminium-anti-vibrations-pour-motocross-enduro-tout-terrain\/#breadcrumb"},"inLanguage":"fr-FR","potentialAction":[{"@type":"ReadAction","target":["https:\/\/poliparts.net\/fr\/produit\/antivol-de-pneu-avec-ecrou-en-aluminium-anti-vibrations-pour-motocross-enduro-tout-terrain\/"]}]},{"@type":"ImageObject","inLanguage":"fr-FR","@id":"https:\/\/poliparts.net\/fr\/produit\/antivol-de-pneu-avec-ecrou-en-aluminium-anti-vibrations-pour-motocross-enduro-tout-terrain\/#primaryimage","url":"https:\/\/poliparts.net\/wp-content\/uploads\/2025\/05\/motorcycle_rim_lock_1.60_ferma_copertona_motocross_5.webp","contentUrl":"https:\/\/poliparts.net\/wp-content\/uploads\/2025\/05\/motorcycle_rim_lock_1.60_ferma_copertona_motocross_5.webp","width":1800,"height":1800,"caption":"fermacopertona per motocross offroad"},{"@type":"BreadcrumbList","@id":"https:\/\/poliparts.net\/fr\/produit\/antivol-de-pneu-avec-ecrou-en-aluminium-anti-vibrations-pour-motocross-enduro-tout-terrain\/#breadcrumb","itemListElement":[{"@type":"ListItem","position":1,"name":"Home","item":"https:\/\/poliparts.net\/fr\/home\/"},{"@type":"ListItem","position":2,"name":"Boutique","item":"https:\/\/poliparts.net\/fr\/boutique\/"},{"@type":"ListItem","position":3,"name":"Antivol de pneu avec \u00e9crou en aluminium anti-vibrations pour motocross enduro tout-terrain"}]},{"@type":"WebSite","@id":"https:\/\/poliparts.net\/fr\/#website","url":"https:\/\/poliparts.net\/fr\/","name":"Poliparts.net","description":"Accessori e Ricambi Moto Scooter:  Diretto Fabbrica, Qualit\u00e0 Top, Prezzi migliori","publisher":{"@id":"https:\/\/poliparts.net\/fr\/#organization"},"potentialAction":[{"@type":"SearchAction","target":{"@type":"EntryPoint","urlTemplate":"https:\/\/poliparts.net\/fr\/?s={search_term_string}"},"query-input":{"@type":"PropertyValueSpecification","valueRequired":true,"valueName":"search_term_string"}}],"inLanguage":"fr-FR"},{"@type":"Organization","@id":"https:\/\/poliparts.net\/fr\/#organization","name":"Poliparts.net","url":"https:\/\/poliparts.net\/fr\/","logo":{"@type":"ImageObject","inLanguage":"fr-FR","@id":"https:\/\/poliparts.net\/fr\/#\/schema\/logo\/image\/","url":"https:\/\/poliparts.net\/wp-content\/uploads\/2025\/05\/POLIPARTS-1000.png","contentUrl":"https:\/\/poliparts.net\/wp-content\/uploads\/2025\/05\/POLIPARTS-1000.png","width":1000,"height":274,"caption":"Poliparts.net"},"image":{"@id":"https:\/\/poliparts.net\/fr\/#\/schema\/logo\/image\/"}}]}},"_links":{"self":[{"href":"https:\/\/poliparts.net\/fr\/wp-json\/wp\/v2\/product\/30044","targetHints":{"allow":["GET"]}}],"collection":[{"href":"https:\/\/poliparts.net\/fr\/wp-json\/wp\/v2\/product"}],"about":[{"href":"https:\/\/poliparts.net\/fr\/wp-json\/wp\/v2\/types\/product"}],"replies":[{"embeddable":true,"href":"https:\/\/poliparts.net\/fr\/wp-json\/wp\/v2\/comments?post=30044"}],"version-history":[{"count":0,"href":"https:\/\/poliparts.net\/fr\/wp-json\/wp\/v2\/product\/30044\/revisions"}],"wp:featuredmedia":[{"embeddable":true,"href":"https:\/\/poliparts.net\/fr\/wp-json\/wp\/v2\/media\/30047"}],"wp:attachment":[{"href":"https:\/\/poliparts.net\/fr\/wp-json\/wp\/v2\/media?parent=30044"}],"wp:term":[{"taxonomy":"product_brand","embeddable":true,"href":"https:\/\/poliparts.net\/fr\/wp-json\/wp\/v2\/product_brand?post=30044"},{"taxonomy":"product_cat","embeddable":true,"href":"https:\/\/poliparts.net\/fr\/wp-json\/wp\/v2\/product_cat?post=30044"},{"taxonomy":"product_tag","embeddable":true,"href":"https:\/\/poliparts.net\/fr\/wp-json\/wp\/v2\/product_tag?post=30044"}],"curies":[{"name":"wp","href":"https:\/\/api.w.org\/{rel}","templated":true}]}}