{"id":30021,"date":"2025-05-25T03:20:26","date_gmt":"2025-05-25T01:20:26","guid":{"rendered":"https:\/\/poliparts.net\/product\/paire-damortisseurs-verins-a-gaz-boite-de-rangement-tige-de-support-pour-yamaha-tmax-500-2008-2011-et-t-max-530-2012-2016-2-pieces\/"},"modified":"2025-05-25T03:20:26","modified_gmt":"2025-05-25T01:20:26","slug":"paire-damortisseurs-verins-a-gaz-boite-de-rangement-tige-de-support-pour-yamaha-tmax-500-2008-2011-et-t-max-530-2012-2016-2-pieces","status":"publish","type":"product","link":"https:\/\/poliparts.net\/fr\/produit\/paire-damortisseurs-verins-a-gaz-boite-de-rangement-tige-de-support-pour-yamaha-tmax-500-2008-2011-et-t-max-530-2012-2016-2-pieces\/","title":{"rendered":"Paire d&rsquo;amortisseurs, v\u00e9rins \u00e0 gaz, bo\u00eete de rangement, tige de support pour YAMAHA TMAX 500 2008-2011 et T-MAX 530 2012-2016 (2 pi\u00e8ces)"},"content":{"rendered":"<p><strong>COMPATIBILIT\u00c9<\/strong><\/p>\n<ul>\n<li>YAMAHA T MAX 500 ann\u00e9e 2008 2009 2010 2011<\/li>\n<li>YAMAHA T Max 530 ann\u00e9e 2012 2013 2014 2015 2016<\/li>\n<\/ul>\n<p><strong>CARACT\u00c9RISTIQUES<\/strong><\/p>\n<ul>\n<li>Paire d&rsquo;amortisseurs Tmax, recommand\u00e9s pour \u00eatre install\u00e9s par des professionnels.<\/li>\n<li>Gr\u00e2ce \u00e0 la nouvelle fonction de r\u00e9duction des vibrations, vous b\u00e9n\u00e9ficiez d&rsquo;une conduite confortable.<\/li>\n<li> Ils aident \u00e0 ajuster la fermeture de la selle et offrent une plus grande stabilit\u00e9 pour la maintenir en position.<\/li>\n<li>Identique en forme et en qualit\u00e9 aux accoudoirs d&rsquo;origine, ce kit permet de restaurer enti\u00e8rement la fonctionnalit\u00e9 du compartiment sous selle.<\/li>\n<li>Lorsque des composants dat\u00e9s ou tr\u00e8s us\u00e9s rendent le levage du si\u00e8ge peu pratique, le montage de ce kit rem\u00e9die \u00e0 la situation.<\/li>\n<\/ul>\n","protected":false},"excerpt":{"rendered":"<p>\u3010COMPATIBILIT\u00c9\u3011 Amortisseurs YAMAHA T MAX 500 ann\u00e9es 2008 2009 2010 2011 et T-Max 530 ann\u00e9es 2012 2013 2014 2015 2016<\/p>\n<p>\u3010CARACT\u00c9RISTIQUES\u3011Ils aident \u00e0 ajuster la fermeture de la selle et offrent une plus grande stabilit\u00e9 pour la maintenir en position<\/p>\n<p>\u3010AVANTAGES\u3011 Paire d&rsquo;amortisseurs Tmax, recommand\u00e9s pour une installation professionnelle. La nouvelle fonction de r\u00e9duction des vibrations vous assure une conduite confortable. <\/p>\n<p>\u3010QUALIT\u00c9\u3011 De forme et de qualit\u00e9 identiques aux accoudoirs d&rsquo;origine, ce kit permet de restaurer enti\u00e8rement la fonctionnalit\u00e9 du compartiment sous le si\u00e8ge<\/p>\n<p>\u3010SOLUTION\u3011 Lorsque des composants dat\u00e9s ou tr\u00e8s us\u00e9s rendent difficile le levage du si\u00e8ge, l&rsquo;installation de ce kit rem\u00e9diera \u00e0 la situation.<\/p>\n","protected":false},"featured_media":30025,"comment_status":"open","ping_status":"closed","template":"","meta":[],"product_brand":[73],"product_cat":[655],"product_tag":[656,658,662,661,660,663,659,657,609,610],"class_list":{"0":"post-30021","1":"product","2":"type-product","3":"status-publish","4":"has-post-thumbnail","6":"product_brand-yamaha","7":"product_cat-amortisseurs-de-selle","8":"product_tag-amortisseur","9":"product_tag-amortisseur-de-selle","10":"product_tag-assistance-aux-encheres","11":"product_tag-boite-de-rangement","12":"product_tag-gas-spring-fr","13":"product_tag-reservoir","14":"product_tag-seat-gas-spring-fr","15":"product_tag-selle","16":"product_tag-tmax-fr","17":"product_tag-yamaha-fr","19":"first","20":"instock","21":"shipping-taxable","22":"purchasable","23":"product-type-simple"},"yoast_head":"<!-- This site is optimized with the Yoast SEO plugin v27.3 - https:\/\/yoast.com\/product\/yoast-seo-wordpress\/ -->\n<title>Paire d&#039;amortisseurs, v\u00e9rins \u00e0 gaz, bo\u00eete de rangement, tige de support pour YAMAHA TMAX 500 2008-2011 et T-MAX 530 2012-2016 (2 pi\u00e8ces) - Poliparts.net<\/title>\n<meta name=\"robots\" content=\"index, follow, max-snippet:-1, max-image-preview:large, max-video-preview:-1\" \/>\n<link rel=\"canonical\" href=\"https:\/\/poliparts.net\/fr\/produit\/paire-damortisseurs-verins-a-gaz-boite-de-rangement-tige-de-support-pour-yamaha-tmax-500-2008-2011-et-t-max-530-2012-2016-2-pieces\/\" \/>\n<meta property=\"og:locale\" content=\"fr_FR\" \/>\n<meta property=\"og:type\" content=\"article\" \/>\n<meta property=\"og:title\" content=\"Paire d&#039;amortisseurs, v\u00e9rins \u00e0 gaz, bo\u00eete de rangement, tige de support pour YAMAHA TMAX 500 2008-2011 et T-MAX 530 2012-2016 (2 pi\u00e8ces) - Poliparts.net\" \/>\n<meta property=\"og:description\" content=\"\u3010COMPATIBILIT\u00c9\u3011 Amortisseurs YAMAHA T MAX 500 ann\u00e9es 2008 2009 2010 2011 et T-Max 530 ann\u00e9es 2012 2013 2014 2015 2016 \u3010CARACT\u00c9RISTIQUES\u3011Ils aident \u00e0 ajuster la fermeture de la selle et offrent une plus grande stabilit\u00e9 pour la maintenir en position \u3010AVANTAGES\u3011 Paire d&#039;amortisseurs Tmax, recommand\u00e9s pour une installation professionnelle. La nouvelle fonction de r\u00e9duction des vibrations vous assure une conduite confortable.  \u3010QUALIT\u00c9\u3011 De forme et de qualit\u00e9 identiques aux accoudoirs d&#039;origine, ce kit permet de restaurer enti\u00e8rement la fonctionnalit\u00e9 du compartiment sous le si\u00e8ge \u3010SOLUTION\u3011 Lorsque des composants dat\u00e9s ou tr\u00e8s us\u00e9s rendent difficile le levage du si\u00e8ge, l&#039;installation de ce kit rem\u00e9diera \u00e0 la situation.\" \/>\n<meta property=\"og:url\" content=\"https:\/\/poliparts.net\/fr\/produit\/paire-damortisseurs-verins-a-gaz-boite-de-rangement-tige-de-support-pour-yamaha-tmax-500-2008-2011-et-t-max-530-2012-2016-2-pieces\/\" \/>\n<meta property=\"og:site_name\" content=\"Poliparts.net\" \/>\n<meta property=\"og:image\" content=\"https:\/\/poliparts.net\/wp-content\/uploads\/2025\/05\/ammortizzatore-sella-tmax.jpg\" \/>\n\t<meta property=\"og:image:width\" content=\"1500\" \/>\n\t<meta property=\"og:image:height\" content=\"1500\" \/>\n\t<meta property=\"og:image:type\" content=\"image\/jpeg\" \/>\n<meta name=\"twitter:card\" content=\"summary_large_image\" \/>\n<meta name=\"twitter:label1\" content=\"Dur\u00e9e de lecture estim\u00e9e\" \/>\n\t<meta name=\"twitter:data1\" content=\"1 minute\" \/>\n<script type=\"application\/ld+json\" class=\"yoast-schema-graph\">{\"@context\":\"https:\\\/\\\/schema.org\",\"@graph\":[{\"@type\":\"WebPage\",\"@id\":\"https:\\\/\\\/poliparts.net\\\/fr\\\/produit\\\/paire-damortisseurs-verins-a-gaz-boite-de-rangement-tige-de-support-pour-yamaha-tmax-500-2008-2011-et-t-max-530-2012-2016-2-pieces\\\/\",\"url\":\"https:\\\/\\\/poliparts.net\\\/fr\\\/produit\\\/paire-damortisseurs-verins-a-gaz-boite-de-rangement-tige-de-support-pour-yamaha-tmax-500-2008-2011-et-t-max-530-2012-2016-2-pieces\\\/\",\"name\":\"Paire d'amortisseurs, v\u00e9rins \u00e0 gaz, bo\u00eete de rangement, tige de support pour YAMAHA TMAX 500 2008-2011 et T-MAX 530 2012-2016 (2 pi\u00e8ces) - Poliparts.net\",\"isPartOf\":{\"@id\":\"https:\\\/\\\/poliparts.net\\\/fr\\\/#website\"},\"primaryImageOfPage\":{\"@id\":\"https:\\\/\\\/poliparts.net\\\/fr\\\/produit\\\/paire-damortisseurs-verins-a-gaz-boite-de-rangement-tige-de-support-pour-yamaha-tmax-500-2008-2011-et-t-max-530-2012-2016-2-pieces\\\/#primaryimage\"},\"image\":{\"@id\":\"https:\\\/\\\/poliparts.net\\\/fr\\\/produit\\\/paire-damortisseurs-verins-a-gaz-boite-de-rangement-tige-de-support-pour-yamaha-tmax-500-2008-2011-et-t-max-530-2012-2016-2-pieces\\\/#primaryimage\"},\"thumbnailUrl\":\"https:\\\/\\\/poliparts.net\\\/wp-content\\\/uploads\\\/2025\\\/05\\\/ammortizzatore-sella-tmax.jpg\",\"datePublished\":\"2025-05-25T01:20:26+00:00\",\"breadcrumb\":{\"@id\":\"https:\\\/\\\/poliparts.net\\\/fr\\\/produit\\\/paire-damortisseurs-verins-a-gaz-boite-de-rangement-tige-de-support-pour-yamaha-tmax-500-2008-2011-et-t-max-530-2012-2016-2-pieces\\\/#breadcrumb\"},\"inLanguage\":\"fr-FR\",\"potentialAction\":[{\"@type\":\"ReadAction\",\"target\":[\"https:\\\/\\\/poliparts.net\\\/fr\\\/produit\\\/paire-damortisseurs-verins-a-gaz-boite-de-rangement-tige-de-support-pour-yamaha-tmax-500-2008-2011-et-t-max-530-2012-2016-2-pieces\\\/\"]}]},{\"@type\":\"ImageObject\",\"inLanguage\":\"fr-FR\",\"@id\":\"https:\\\/\\\/poliparts.net\\\/fr\\\/produit\\\/paire-damortisseurs-verins-a-gaz-boite-de-rangement-tige-de-support-pour-yamaha-tmax-500-2008-2011-et-t-max-530-2012-2016-2-pieces\\\/#primaryimage\",\"url\":\"https:\\\/\\\/poliparts.net\\\/wp-content\\\/uploads\\\/2025\\\/05\\\/ammortizzatore-sella-tmax.jpg\",\"contentUrl\":\"https:\\\/\\\/poliparts.net\\\/wp-content\\\/uploads\\\/2025\\\/05\\\/ammortizzatore-sella-tmax.jpg\",\"width\":1500,\"height\":1500,\"caption\":\"seat gas spring tmax 500 t-max 530 yamaha\"},{\"@type\":\"BreadcrumbList\",\"@id\":\"https:\\\/\\\/poliparts.net\\\/fr\\\/produit\\\/paire-damortisseurs-verins-a-gaz-boite-de-rangement-tige-de-support-pour-yamaha-tmax-500-2008-2011-et-t-max-530-2012-2016-2-pieces\\\/#breadcrumb\",\"itemListElement\":[{\"@type\":\"ListItem\",\"position\":1,\"name\":\"Home\",\"item\":\"https:\\\/\\\/poliparts.net\\\/fr\\\/home\\\/\"},{\"@type\":\"ListItem\",\"position\":2,\"name\":\"Boutique\",\"item\":\"https:\\\/\\\/poliparts.net\\\/fr\\\/boutique\\\/\"},{\"@type\":\"ListItem\",\"position\":3,\"name\":\"Paire d&#8217;amortisseurs, v\u00e9rins \u00e0 gaz, bo\u00eete de rangement, tige de support pour YAMAHA TMAX 500 2008-2011 et T-MAX 530 2012-2016 (2 pi\u00e8ces)\"}]},{\"@type\":\"WebSite\",\"@id\":\"https:\\\/\\\/poliparts.net\\\/fr\\\/#website\",\"url\":\"https:\\\/\\\/poliparts.net\\\/fr\\\/\",\"name\":\"Poliparts.net\",\"description\":\"Accessori e Ricambi Moto Scooter:  Diretto Fabbrica, Qualit\u00e0 Top, Prezzi migliori\",\"publisher\":{\"@id\":\"https:\\\/\\\/poliparts.net\\\/fr\\\/#organization\"},\"potentialAction\":[{\"@type\":\"SearchAction\",\"target\":{\"@type\":\"EntryPoint\",\"urlTemplate\":\"https:\\\/\\\/poliparts.net\\\/fr\\\/?s={search_term_string}\"},\"query-input\":{\"@type\":\"PropertyValueSpecification\",\"valueRequired\":true,\"valueName\":\"search_term_string\"}}],\"inLanguage\":\"fr-FR\"},{\"@type\":\"Organization\",\"@id\":\"https:\\\/\\\/poliparts.net\\\/fr\\\/#organization\",\"name\":\"Poliparts.net\",\"url\":\"https:\\\/\\\/poliparts.net\\\/fr\\\/\",\"logo\":{\"@type\":\"ImageObject\",\"inLanguage\":\"fr-FR\",\"@id\":\"https:\\\/\\\/poliparts.net\\\/fr\\\/#\\\/schema\\\/logo\\\/image\\\/\",\"url\":\"https:\\\/\\\/poliparts.net\\\/wp-content\\\/uploads\\\/2025\\\/05\\\/POLIPARTS-1000.png\",\"contentUrl\":\"https:\\\/\\\/poliparts.net\\\/wp-content\\\/uploads\\\/2025\\\/05\\\/POLIPARTS-1000.png\",\"width\":1000,\"height\":274,\"caption\":\"Poliparts.net\"},\"image\":{\"@id\":\"https:\\\/\\\/poliparts.net\\\/fr\\\/#\\\/schema\\\/logo\\\/image\\\/\"}}]}<\/script>\n<!-- \/ Yoast SEO plugin. -->","yoast_head_json":{"title":"Paire d'amortisseurs, v\u00e9rins \u00e0 gaz, bo\u00eete de rangement, tige de support pour YAMAHA TMAX 500 2008-2011 et T-MAX 530 2012-2016 (2 pi\u00e8ces) - Poliparts.net","robots":{"index":"index","follow":"follow","max-snippet":"max-snippet:-1","max-image-preview":"max-image-preview:large","max-video-preview":"max-video-preview:-1"},"canonical":"https:\/\/poliparts.net\/fr\/produit\/paire-damortisseurs-verins-a-gaz-boite-de-rangement-tige-de-support-pour-yamaha-tmax-500-2008-2011-et-t-max-530-2012-2016-2-pieces\/","og_locale":"fr_FR","og_type":"article","og_title":"Paire d'amortisseurs, v\u00e9rins \u00e0 gaz, bo\u00eete de rangement, tige de support pour YAMAHA TMAX 500 2008-2011 et T-MAX 530 2012-2016 (2 pi\u00e8ces) - Poliparts.net","og_description":"\u3010COMPATIBILIT\u00c9\u3011 Amortisseurs YAMAHA T MAX 500 ann\u00e9es 2008 2009 2010 2011 et T-Max 530 ann\u00e9es 2012 2013 2014 2015 2016 \u3010CARACT\u00c9RISTIQUES\u3011Ils aident \u00e0 ajuster la fermeture de la selle et offrent une plus grande stabilit\u00e9 pour la maintenir en position \u3010AVANTAGES\u3011 Paire d'amortisseurs Tmax, recommand\u00e9s pour une installation professionnelle. La nouvelle fonction de r\u00e9duction des vibrations vous assure une conduite confortable.  \u3010QUALIT\u00c9\u3011 De forme et de qualit\u00e9 identiques aux accoudoirs d'origine, ce kit permet de restaurer enti\u00e8rement la fonctionnalit\u00e9 du compartiment sous le si\u00e8ge \u3010SOLUTION\u3011 Lorsque des composants dat\u00e9s ou tr\u00e8s us\u00e9s rendent difficile le levage du si\u00e8ge, l'installation de ce kit rem\u00e9diera \u00e0 la situation.","og_url":"https:\/\/poliparts.net\/fr\/produit\/paire-damortisseurs-verins-a-gaz-boite-de-rangement-tige-de-support-pour-yamaha-tmax-500-2008-2011-et-t-max-530-2012-2016-2-pieces\/","og_site_name":"Poliparts.net","og_image":[{"width":1500,"height":1500,"url":"https:\/\/poliparts.net\/wp-content\/uploads\/2025\/05\/ammortizzatore-sella-tmax.jpg","type":"image\/jpeg"}],"twitter_card":"summary_large_image","twitter_misc":{"Dur\u00e9e de lecture estim\u00e9e":"1 minute"},"schema":{"@context":"https:\/\/schema.org","@graph":[{"@type":"WebPage","@id":"https:\/\/poliparts.net\/fr\/produit\/paire-damortisseurs-verins-a-gaz-boite-de-rangement-tige-de-support-pour-yamaha-tmax-500-2008-2011-et-t-max-530-2012-2016-2-pieces\/","url":"https:\/\/poliparts.net\/fr\/produit\/paire-damortisseurs-verins-a-gaz-boite-de-rangement-tige-de-support-pour-yamaha-tmax-500-2008-2011-et-t-max-530-2012-2016-2-pieces\/","name":"Paire d'amortisseurs, v\u00e9rins \u00e0 gaz, bo\u00eete de rangement, tige de support pour YAMAHA TMAX 500 2008-2011 et T-MAX 530 2012-2016 (2 pi\u00e8ces) - Poliparts.net","isPartOf":{"@id":"https:\/\/poliparts.net\/fr\/#website"},"primaryImageOfPage":{"@id":"https:\/\/poliparts.net\/fr\/produit\/paire-damortisseurs-verins-a-gaz-boite-de-rangement-tige-de-support-pour-yamaha-tmax-500-2008-2011-et-t-max-530-2012-2016-2-pieces\/#primaryimage"},"image":{"@id":"https:\/\/poliparts.net\/fr\/produit\/paire-damortisseurs-verins-a-gaz-boite-de-rangement-tige-de-support-pour-yamaha-tmax-500-2008-2011-et-t-max-530-2012-2016-2-pieces\/#primaryimage"},"thumbnailUrl":"https:\/\/poliparts.net\/wp-content\/uploads\/2025\/05\/ammortizzatore-sella-tmax.jpg","datePublished":"2025-05-25T01:20:26+00:00","breadcrumb":{"@id":"https:\/\/poliparts.net\/fr\/produit\/paire-damortisseurs-verins-a-gaz-boite-de-rangement-tige-de-support-pour-yamaha-tmax-500-2008-2011-et-t-max-530-2012-2016-2-pieces\/#breadcrumb"},"inLanguage":"fr-FR","potentialAction":[{"@type":"ReadAction","target":["https:\/\/poliparts.net\/fr\/produit\/paire-damortisseurs-verins-a-gaz-boite-de-rangement-tige-de-support-pour-yamaha-tmax-500-2008-2011-et-t-max-530-2012-2016-2-pieces\/"]}]},{"@type":"ImageObject","inLanguage":"fr-FR","@id":"https:\/\/poliparts.net\/fr\/produit\/paire-damortisseurs-verins-a-gaz-boite-de-rangement-tige-de-support-pour-yamaha-tmax-500-2008-2011-et-t-max-530-2012-2016-2-pieces\/#primaryimage","url":"https:\/\/poliparts.net\/wp-content\/uploads\/2025\/05\/ammortizzatore-sella-tmax.jpg","contentUrl":"https:\/\/poliparts.net\/wp-content\/uploads\/2025\/05\/ammortizzatore-sella-tmax.jpg","width":1500,"height":1500,"caption":"seat gas spring tmax 500 t-max 530 yamaha"},{"@type":"BreadcrumbList","@id":"https:\/\/poliparts.net\/fr\/produit\/paire-damortisseurs-verins-a-gaz-boite-de-rangement-tige-de-support-pour-yamaha-tmax-500-2008-2011-et-t-max-530-2012-2016-2-pieces\/#breadcrumb","itemListElement":[{"@type":"ListItem","position":1,"name":"Home","item":"https:\/\/poliparts.net\/fr\/home\/"},{"@type":"ListItem","position":2,"name":"Boutique","item":"https:\/\/poliparts.net\/fr\/boutique\/"},{"@type":"ListItem","position":3,"name":"Paire d&#8217;amortisseurs, v\u00e9rins \u00e0 gaz, bo\u00eete de rangement, tige de support pour YAMAHA TMAX 500 2008-2011 et T-MAX 530 2012-2016 (2 pi\u00e8ces)"}]},{"@type":"WebSite","@id":"https:\/\/poliparts.net\/fr\/#website","url":"https:\/\/poliparts.net\/fr\/","name":"Poliparts.net","description":"Accessori e Ricambi Moto Scooter:  Diretto Fabbrica, Qualit\u00e0 Top, Prezzi migliori","publisher":{"@id":"https:\/\/poliparts.net\/fr\/#organization"},"potentialAction":[{"@type":"SearchAction","target":{"@type":"EntryPoint","urlTemplate":"https:\/\/poliparts.net\/fr\/?s={search_term_string}"},"query-input":{"@type":"PropertyValueSpecification","valueRequired":true,"valueName":"search_term_string"}}],"inLanguage":"fr-FR"},{"@type":"Organization","@id":"https:\/\/poliparts.net\/fr\/#organization","name":"Poliparts.net","url":"https:\/\/poliparts.net\/fr\/","logo":{"@type":"ImageObject","inLanguage":"fr-FR","@id":"https:\/\/poliparts.net\/fr\/#\/schema\/logo\/image\/","url":"https:\/\/poliparts.net\/wp-content\/uploads\/2025\/05\/POLIPARTS-1000.png","contentUrl":"https:\/\/poliparts.net\/wp-content\/uploads\/2025\/05\/POLIPARTS-1000.png","width":1000,"height":274,"caption":"Poliparts.net"},"image":{"@id":"https:\/\/poliparts.net\/fr\/#\/schema\/logo\/image\/"}}]}},"_links":{"self":[{"href":"https:\/\/poliparts.net\/fr\/wp-json\/wp\/v2\/product\/30021","targetHints":{"allow":["GET"]}}],"collection":[{"href":"https:\/\/poliparts.net\/fr\/wp-json\/wp\/v2\/product"}],"about":[{"href":"https:\/\/poliparts.net\/fr\/wp-json\/wp\/v2\/types\/product"}],"replies":[{"embeddable":true,"href":"https:\/\/poliparts.net\/fr\/wp-json\/wp\/v2\/comments?post=30021"}],"version-history":[{"count":0,"href":"https:\/\/poliparts.net\/fr\/wp-json\/wp\/v2\/product\/30021\/revisions"}],"wp:featuredmedia":[{"embeddable":true,"href":"https:\/\/poliparts.net\/fr\/wp-json\/wp\/v2\/media\/30025"}],"wp:attachment":[{"href":"https:\/\/poliparts.net\/fr\/wp-json\/wp\/v2\/media?parent=30021"}],"wp:term":[{"taxonomy":"product_brand","embeddable":true,"href":"https:\/\/poliparts.net\/fr\/wp-json\/wp\/v2\/product_brand?post=30021"},{"taxonomy":"product_cat","embeddable":true,"href":"https:\/\/poliparts.net\/fr\/wp-json\/wp\/v2\/product_cat?post=30021"},{"taxonomy":"product_tag","embeddable":true,"href":"https:\/\/poliparts.net\/fr\/wp-json\/wp\/v2\/product_tag?post=30021"}],"curies":[{"name":"wp","href":"https:\/\/api.w.org\/{rel}","templated":true}]}}