{"id":30005,"date":"2025-05-25T03:10:44","date_gmt":"2025-05-25T01:10:44","guid":{"rendered":"https:\/\/poliparts.net\/product\/autocollants-3d-en-resine-impermeable-pour-yamaha-x-max-x-max-125-250-300-400-2-pieces\/"},"modified":"2025-08-17T15:19:18","modified_gmt":"2025-08-17T13:19:18","slug":"autocollants-3d-en-resine-impermeable-pour-yamaha-x-max-x-max-125-250-300-400-2-pieces","status":"publish","type":"product","link":"https:\/\/poliparts.net\/fr\/produit\/autocollants-3d-en-resine-impermeable-pour-yamaha-x-max-x-max-125-250-300-400-2-pieces\/","title":{"rendered":"Autocollants 3D en r\u00e9sine imperm\u00e9able pour YAMAHA X-MAX X MAX 125 250 300 400 \u2013 2 pi\u00e8ces"},"content":{"rendered":"<p><strong>D\u00c9TAILS DU PRODUIT :<\/strong><\/p>\n<ol>\n<li>Paire d&rsquo;autocollants 3D en r\u00e9sine avec \u00e9criture XMAX de diff\u00e9rentes couleurs.<\/li>\n<li>Autocollants en r\u00e9sine id\u00e9aux pour tout type d&rsquo;utilisation.<\/li>\n<li>Tous nos autocollants sont sp\u00e9cifiquement con\u00e7us et fabriqu\u00e9s pour assurer une protection contre les rayures, les chocs et les intemp\u00e9ries.<\/li>\n<li>Durable et facile \u00e0 placer.<\/li>\n<li>L&rsquo;impression est en Haute D\u00e9finition et les couleurs durent dans le temps et ne s&rsquo;estompent pas facilement gr\u00e2ce au traitement sp\u00e9cial par lequel la r\u00e9sine agit comme un filtre contre les rayons UV.<\/li>\n<li>Couleur : Noir, Argent, Or, Rouge.<\/li>\n<li>Quantit\u00e9 : 2 pi\u00e8ces (1 paire).<\/li>\n<li>Taille : 160 x 26 mm<\/li>\n<li>Compatible : Yamaha X-MAX XMAX 125 250 300 400 cc<\/li>\n<\/ol>\n","protected":false},"excerpt":{"rendered":"<ul>\n<li>\u3010COMPATIBILIT\u00c9\u3011Le produit est compatible avec Yamaha XMAX 125 250 300 400 cc<\/li>\n<li>\u3010TAILLE\u3011160 x 26 mm<\/li>\n<li>\u3010QUANTIT\u00c9\u3011 2 pi\u00e8ces (1 paire)<\/li>\n<li>\u3010MAT\u00c9RIAU\u3011 Autocollants en r\u00e9sine avec impression de haute qualit\u00e9. Mat\u00e9riau durable et r\u00e9sistant. Adh\u00e9rence parfaite et facilit\u00e9 d&rsquo;application.  <\/li>\n<li>\u3010FIABILIT\u00c9\u3011Le rev\u00eatement en r\u00e9sine rend l&rsquo;autocollant plus brillant et le prot\u00e8ge des rayures, de la poussi\u00e8re, de la pluie et du vent<\/li>\n<\/ul>\n","protected":false},"featured_media":30008,"comment_status":"open","ping_status":"closed","template":"","meta":[],"product_brand":[73],"product_cat":[606],"product_tag":[654,641,640,613,612,651,645,649,616,617,648,644,646,643,639,650,642,614,615,647,618,611,610],"class_list":{"0":"post-30005","1":"product","2":"type-product","3":"status-publish","4":"has-post-thumbnail","6":"product_brand-yamaha","7":"product_cat-autocollants-decalcomanies","8":"product_tag-3d-fr","9":"product_tag-3m-fr","10":"product_tag-adesivi-fr","11":"product_tag-autocollant","12":"product_tag-autocollants","13":"product_tag-bandes-de-jantes","14":"product_tag-bosses","15":"product_tag-cerchio-fr","16":"product_tag-decalque","17":"product_tag-en-relief","18":"product_tag-excellent-etat","19":"product_tag-gratter","20":"product_tag-intemperies","21":"product_tag-lumiere","22":"product_tag-maxi-scooter-fr","23":"product_tag-racing-bike-fr","24":"product_tag-reservoir-de-casque","25":"product_tag-resine","26":"product_tag-resine-fr","27":"product_tag-resistant-au-lavage","28":"product_tag-revetement-en-resine","29":"product_tag-xmax-fr","30":"product_tag-yamaha-fr","32":"first","33":"instock","34":"sale","35":"shipping-taxable","36":"purchasable","37":"product-type-variable"},"yoast_head":"<!-- This site is optimized with the Yoast SEO plugin v27.3 - https:\/\/yoast.com\/product\/yoast-seo-wordpress\/ -->\n<title>Autocollants 3D en r\u00e9sine imperm\u00e9able pour YAMAHA X-MAX X MAX 125 250 300 400 \u2013 2 pi\u00e8ces - Poliparts.net<\/title>\n<meta name=\"robots\" content=\"index, follow, max-snippet:-1, max-image-preview:large, max-video-preview:-1\" \/>\n<link rel=\"canonical\" href=\"https:\/\/poliparts.net\/fr\/produit\/autocollants-3d-en-resine-impermeable-pour-yamaha-x-max-x-max-125-250-300-400-2-pieces\/\" \/>\n<meta property=\"og:locale\" content=\"fr_FR\" \/>\n<meta property=\"og:type\" content=\"article\" \/>\n<meta property=\"og:title\" content=\"Autocollants 3D en r\u00e9sine imperm\u00e9able pour YAMAHA X-MAX X MAX 125 250 300 400 \u2013 2 pi\u00e8ces - Poliparts.net\" \/>\n<meta property=\"og:description\" content=\"\u3010COMPATIBILIT\u00c9\u3011Le produit est compatible avec Yamaha XMAX 125 250 300 400 cc  \u3010TAILLE\u3011160 x 26 mm  \u3010QUANTIT\u00c9\u3011 2 pi\u00e8ces (1 paire)  \u3010MAT\u00c9RIAU\u3011 Autocollants en r\u00e9sine avec impression de haute qualit\u00e9. Mat\u00e9riau durable et r\u00e9sistant. Adh\u00e9rence parfaite et facilit\u00e9 d&#039;application.   \u3010FIABILIT\u00c9\u3011Le rev\u00eatement en r\u00e9sine rend l&#039;autocollant plus brillant et le prot\u00e8ge des rayures, de la poussi\u00e8re, de la pluie et du vent\" \/>\n<meta property=\"og:url\" content=\"https:\/\/poliparts.net\/fr\/produit\/autocollants-3d-en-resine-impermeable-pour-yamaha-x-max-x-max-125-250-300-400-2-pieces\/\" \/>\n<meta property=\"og:site_name\" content=\"Poliparts.net\" \/>\n<meta property=\"article:modified_time\" content=\"2025-08-17T13:19:18+00:00\" \/>\n<meta property=\"og:image\" content=\"https:\/\/poliparts.net\/wp-content\/uploads\/2025\/05\/adesivi-sticker-yamaha-xmax-resina.jpg\" \/>\n\t<meta property=\"og:image:width\" content=\"1800\" \/>\n\t<meta property=\"og:image:height\" content=\"1800\" \/>\n\t<meta property=\"og:image:type\" content=\"image\/jpeg\" \/>\n<meta name=\"twitter:card\" content=\"summary_large_image\" \/>\n<meta name=\"twitter:label1\" content=\"Dur\u00e9e de lecture estim\u00e9e\" \/>\n\t<meta name=\"twitter:data1\" content=\"1 minute\" \/>\n<script type=\"application\/ld+json\" class=\"yoast-schema-graph\">{\"@context\":\"https:\\\/\\\/schema.org\",\"@graph\":[{\"@type\":\"WebPage\",\"@id\":\"https:\\\/\\\/poliparts.net\\\/fr\\\/produit\\\/autocollants-3d-en-resine-impermeable-pour-yamaha-x-max-x-max-125-250-300-400-2-pieces\\\/\",\"url\":\"https:\\\/\\\/poliparts.net\\\/fr\\\/produit\\\/autocollants-3d-en-resine-impermeable-pour-yamaha-x-max-x-max-125-250-300-400-2-pieces\\\/\",\"name\":\"Autocollants 3D en r\u00e9sine imperm\u00e9able pour YAMAHA X-MAX X MAX 125 250 300 400 \u2013 2 pi\u00e8ces - Poliparts.net\",\"isPartOf\":{\"@id\":\"https:\\\/\\\/poliparts.net\\\/fr\\\/#website\"},\"primaryImageOfPage\":{\"@id\":\"https:\\\/\\\/poliparts.net\\\/fr\\\/produit\\\/autocollants-3d-en-resine-impermeable-pour-yamaha-x-max-x-max-125-250-300-400-2-pieces\\\/#primaryimage\"},\"image\":{\"@id\":\"https:\\\/\\\/poliparts.net\\\/fr\\\/produit\\\/autocollants-3d-en-resine-impermeable-pour-yamaha-x-max-x-max-125-250-300-400-2-pieces\\\/#primaryimage\"},\"thumbnailUrl\":\"https:\\\/\\\/poliparts.net\\\/wp-content\\\/uploads\\\/2025\\\/05\\\/adesivi-sticker-yamaha-xmax-resina.jpg\",\"datePublished\":\"2025-05-25T01:10:44+00:00\",\"dateModified\":\"2025-08-17T13:19:18+00:00\",\"breadcrumb\":{\"@id\":\"https:\\\/\\\/poliparts.net\\\/fr\\\/produit\\\/autocollants-3d-en-resine-impermeable-pour-yamaha-x-max-x-max-125-250-300-400-2-pieces\\\/#breadcrumb\"},\"inLanguage\":\"fr-FR\",\"potentialAction\":[{\"@type\":\"ReadAction\",\"target\":[\"https:\\\/\\\/poliparts.net\\\/fr\\\/produit\\\/autocollants-3d-en-resine-impermeable-pour-yamaha-x-max-x-max-125-250-300-400-2-pieces\\\/\"]}]},{\"@type\":\"ImageObject\",\"inLanguage\":\"fr-FR\",\"@id\":\"https:\\\/\\\/poliparts.net\\\/fr\\\/produit\\\/autocollants-3d-en-resine-impermeable-pour-yamaha-x-max-x-max-125-250-300-400-2-pieces\\\/#primaryimage\",\"url\":\"https:\\\/\\\/poliparts.net\\\/wp-content\\\/uploads\\\/2025\\\/05\\\/adesivi-sticker-yamaha-xmax-resina.jpg\",\"contentUrl\":\"https:\\\/\\\/poliparts.net\\\/wp-content\\\/uploads\\\/2025\\\/05\\\/adesivi-sticker-yamaha-xmax-resina.jpg\",\"width\":1800,\"height\":1800,\"caption\":\"adesivi yamaha x-max resina 3d\"},{\"@type\":\"BreadcrumbList\",\"@id\":\"https:\\\/\\\/poliparts.net\\\/fr\\\/produit\\\/autocollants-3d-en-resine-impermeable-pour-yamaha-x-max-x-max-125-250-300-400-2-pieces\\\/#breadcrumb\",\"itemListElement\":[{\"@type\":\"ListItem\",\"position\":1,\"name\":\"Home\",\"item\":\"https:\\\/\\\/poliparts.net\\\/fr\\\/home\\\/\"},{\"@type\":\"ListItem\",\"position\":2,\"name\":\"Boutique\",\"item\":\"https:\\\/\\\/poliparts.net\\\/fr\\\/boutique\\\/\"},{\"@type\":\"ListItem\",\"position\":3,\"name\":\"Autocollants 3D en r\u00e9sine imperm\u00e9able pour YAMAHA X-MAX X MAX 125 250 300 400 \u2013 2 pi\u00e8ces\"}]},{\"@type\":\"WebSite\",\"@id\":\"https:\\\/\\\/poliparts.net\\\/fr\\\/#website\",\"url\":\"https:\\\/\\\/poliparts.net\\\/fr\\\/\",\"name\":\"Poliparts.net\",\"description\":\"Accessori e Ricambi Moto Scooter:  Diretto Fabbrica, Qualit\u00e0 Top, Prezzi migliori\",\"publisher\":{\"@id\":\"https:\\\/\\\/poliparts.net\\\/fr\\\/#organization\"},\"potentialAction\":[{\"@type\":\"SearchAction\",\"target\":{\"@type\":\"EntryPoint\",\"urlTemplate\":\"https:\\\/\\\/poliparts.net\\\/fr\\\/?s={search_term_string}\"},\"query-input\":{\"@type\":\"PropertyValueSpecification\",\"valueRequired\":true,\"valueName\":\"search_term_string\"}}],\"inLanguage\":\"fr-FR\"},{\"@type\":\"Organization\",\"@id\":\"https:\\\/\\\/poliparts.net\\\/fr\\\/#organization\",\"name\":\"Poliparts.net\",\"url\":\"https:\\\/\\\/poliparts.net\\\/fr\\\/\",\"logo\":{\"@type\":\"ImageObject\",\"inLanguage\":\"fr-FR\",\"@id\":\"https:\\\/\\\/poliparts.net\\\/fr\\\/#\\\/schema\\\/logo\\\/image\\\/\",\"url\":\"https:\\\/\\\/poliparts.net\\\/wp-content\\\/uploads\\\/2025\\\/05\\\/POLIPARTS-1000.png\",\"contentUrl\":\"https:\\\/\\\/poliparts.net\\\/wp-content\\\/uploads\\\/2025\\\/05\\\/POLIPARTS-1000.png\",\"width\":1000,\"height\":274,\"caption\":\"Poliparts.net\"},\"image\":{\"@id\":\"https:\\\/\\\/poliparts.net\\\/fr\\\/#\\\/schema\\\/logo\\\/image\\\/\"}}]}<\/script>\n<!-- \/ Yoast SEO plugin. -->","yoast_head_json":{"title":"Autocollants 3D en r\u00e9sine imperm\u00e9able pour YAMAHA X-MAX X MAX 125 250 300 400 \u2013 2 pi\u00e8ces - Poliparts.net","robots":{"index":"index","follow":"follow","max-snippet":"max-snippet:-1","max-image-preview":"max-image-preview:large","max-video-preview":"max-video-preview:-1"},"canonical":"https:\/\/poliparts.net\/fr\/produit\/autocollants-3d-en-resine-impermeable-pour-yamaha-x-max-x-max-125-250-300-400-2-pieces\/","og_locale":"fr_FR","og_type":"article","og_title":"Autocollants 3D en r\u00e9sine imperm\u00e9able pour YAMAHA X-MAX X MAX 125 250 300 400 \u2013 2 pi\u00e8ces - Poliparts.net","og_description":"\u3010COMPATIBILIT\u00c9\u3011Le produit est compatible avec Yamaha XMAX 125 250 300 400 cc  \u3010TAILLE\u3011160 x 26 mm  \u3010QUANTIT\u00c9\u3011 2 pi\u00e8ces (1 paire)  \u3010MAT\u00c9RIAU\u3011 Autocollants en r\u00e9sine avec impression de haute qualit\u00e9. Mat\u00e9riau durable et r\u00e9sistant. Adh\u00e9rence parfaite et facilit\u00e9 d'application.   \u3010FIABILIT\u00c9\u3011Le rev\u00eatement en r\u00e9sine rend l'autocollant plus brillant et le prot\u00e8ge des rayures, de la poussi\u00e8re, de la pluie et du vent","og_url":"https:\/\/poliparts.net\/fr\/produit\/autocollants-3d-en-resine-impermeable-pour-yamaha-x-max-x-max-125-250-300-400-2-pieces\/","og_site_name":"Poliparts.net","article_modified_time":"2025-08-17T13:19:18+00:00","og_image":[{"width":1800,"height":1800,"url":"https:\/\/poliparts.net\/wp-content\/uploads\/2025\/05\/adesivi-sticker-yamaha-xmax-resina.jpg","type":"image\/jpeg"}],"twitter_card":"summary_large_image","twitter_misc":{"Dur\u00e9e de lecture estim\u00e9e":"1 minute"},"schema":{"@context":"https:\/\/schema.org","@graph":[{"@type":"WebPage","@id":"https:\/\/poliparts.net\/fr\/produit\/autocollants-3d-en-resine-impermeable-pour-yamaha-x-max-x-max-125-250-300-400-2-pieces\/","url":"https:\/\/poliparts.net\/fr\/produit\/autocollants-3d-en-resine-impermeable-pour-yamaha-x-max-x-max-125-250-300-400-2-pieces\/","name":"Autocollants 3D en r\u00e9sine imperm\u00e9able pour YAMAHA X-MAX X MAX 125 250 300 400 \u2013 2 pi\u00e8ces - Poliparts.net","isPartOf":{"@id":"https:\/\/poliparts.net\/fr\/#website"},"primaryImageOfPage":{"@id":"https:\/\/poliparts.net\/fr\/produit\/autocollants-3d-en-resine-impermeable-pour-yamaha-x-max-x-max-125-250-300-400-2-pieces\/#primaryimage"},"image":{"@id":"https:\/\/poliparts.net\/fr\/produit\/autocollants-3d-en-resine-impermeable-pour-yamaha-x-max-x-max-125-250-300-400-2-pieces\/#primaryimage"},"thumbnailUrl":"https:\/\/poliparts.net\/wp-content\/uploads\/2025\/05\/adesivi-sticker-yamaha-xmax-resina.jpg","datePublished":"2025-05-25T01:10:44+00:00","dateModified":"2025-08-17T13:19:18+00:00","breadcrumb":{"@id":"https:\/\/poliparts.net\/fr\/produit\/autocollants-3d-en-resine-impermeable-pour-yamaha-x-max-x-max-125-250-300-400-2-pieces\/#breadcrumb"},"inLanguage":"fr-FR","potentialAction":[{"@type":"ReadAction","target":["https:\/\/poliparts.net\/fr\/produit\/autocollants-3d-en-resine-impermeable-pour-yamaha-x-max-x-max-125-250-300-400-2-pieces\/"]}]},{"@type":"ImageObject","inLanguage":"fr-FR","@id":"https:\/\/poliparts.net\/fr\/produit\/autocollants-3d-en-resine-impermeable-pour-yamaha-x-max-x-max-125-250-300-400-2-pieces\/#primaryimage","url":"https:\/\/poliparts.net\/wp-content\/uploads\/2025\/05\/adesivi-sticker-yamaha-xmax-resina.jpg","contentUrl":"https:\/\/poliparts.net\/wp-content\/uploads\/2025\/05\/adesivi-sticker-yamaha-xmax-resina.jpg","width":1800,"height":1800,"caption":"adesivi yamaha x-max resina 3d"},{"@type":"BreadcrumbList","@id":"https:\/\/poliparts.net\/fr\/produit\/autocollants-3d-en-resine-impermeable-pour-yamaha-x-max-x-max-125-250-300-400-2-pieces\/#breadcrumb","itemListElement":[{"@type":"ListItem","position":1,"name":"Home","item":"https:\/\/poliparts.net\/fr\/home\/"},{"@type":"ListItem","position":2,"name":"Boutique","item":"https:\/\/poliparts.net\/fr\/boutique\/"},{"@type":"ListItem","position":3,"name":"Autocollants 3D en r\u00e9sine imperm\u00e9able pour YAMAHA X-MAX X MAX 125 250 300 400 \u2013 2 pi\u00e8ces"}]},{"@type":"WebSite","@id":"https:\/\/poliparts.net\/fr\/#website","url":"https:\/\/poliparts.net\/fr\/","name":"Poliparts.net","description":"Accessori e Ricambi Moto Scooter:  Diretto Fabbrica, Qualit\u00e0 Top, Prezzi migliori","publisher":{"@id":"https:\/\/poliparts.net\/fr\/#organization"},"potentialAction":[{"@type":"SearchAction","target":{"@type":"EntryPoint","urlTemplate":"https:\/\/poliparts.net\/fr\/?s={search_term_string}"},"query-input":{"@type":"PropertyValueSpecification","valueRequired":true,"valueName":"search_term_string"}}],"inLanguage":"fr-FR"},{"@type":"Organization","@id":"https:\/\/poliparts.net\/fr\/#organization","name":"Poliparts.net","url":"https:\/\/poliparts.net\/fr\/","logo":{"@type":"ImageObject","inLanguage":"fr-FR","@id":"https:\/\/poliparts.net\/fr\/#\/schema\/logo\/image\/","url":"https:\/\/poliparts.net\/wp-content\/uploads\/2025\/05\/POLIPARTS-1000.png","contentUrl":"https:\/\/poliparts.net\/wp-content\/uploads\/2025\/05\/POLIPARTS-1000.png","width":1000,"height":274,"caption":"Poliparts.net"},"image":{"@id":"https:\/\/poliparts.net\/fr\/#\/schema\/logo\/image\/"}}]}},"_links":{"self":[{"href":"https:\/\/poliparts.net\/fr\/wp-json\/wp\/v2\/product\/30005","targetHints":{"allow":["GET"]}}],"collection":[{"href":"https:\/\/poliparts.net\/fr\/wp-json\/wp\/v2\/product"}],"about":[{"href":"https:\/\/poliparts.net\/fr\/wp-json\/wp\/v2\/types\/product"}],"replies":[{"embeddable":true,"href":"https:\/\/poliparts.net\/fr\/wp-json\/wp\/v2\/comments?post=30005"}],"version-history":[{"count":1,"href":"https:\/\/poliparts.net\/fr\/wp-json\/wp\/v2\/product\/30005\/revisions"}],"predecessor-version":[{"id":30236,"href":"https:\/\/poliparts.net\/fr\/wp-json\/wp\/v2\/product\/30005\/revisions\/30236"}],"wp:featuredmedia":[{"embeddable":true,"href":"https:\/\/poliparts.net\/fr\/wp-json\/wp\/v2\/media\/30008"}],"wp:attachment":[{"href":"https:\/\/poliparts.net\/fr\/wp-json\/wp\/v2\/media?parent=30005"}],"wp:term":[{"taxonomy":"product_brand","embeddable":true,"href":"https:\/\/poliparts.net\/fr\/wp-json\/wp\/v2\/product_brand?post=30005"},{"taxonomy":"product_cat","embeddable":true,"href":"https:\/\/poliparts.net\/fr\/wp-json\/wp\/v2\/product_cat?post=30005"},{"taxonomy":"product_tag","embeddable":true,"href":"https:\/\/poliparts.net\/fr\/wp-json\/wp\/v2\/product_tag?post=30005"}],"curies":[{"name":"wp","href":"https:\/\/api.w.org\/{rel}","templated":true}]}}