{"id":29351,"date":"2025-06-07T05:24:56","date_gmt":"2025-06-07T03:24:56","guid":{"rendered":"https:\/\/poliparts.net\/faqs\/"},"modified":"2025-09-02T16:23:35","modified_gmt":"2025-09-02T14:23:35","slug":"faqs","status":"publish","type":"page","link":"https:\/\/poliparts.net\/fr\/faqs\/","title":{"rendered":"FAQ"},"content":{"rendered":"\t\t<div data-elementor-type=\"wp-page\" data-elementor-id=\"29351\" class=\"elementor elementor-29351 elementor-28540\" data-elementor-post-type=\"page\">\n\t\t\t\t<div class=\"wd-negative-gap elementor-element elementor-element-7324215 e-flex e-con-boxed e-con e-parent\" data-id=\"7324215\" data-element_type=\"container\" data-e-type=\"container\">\n\t\t\t\t\t<div class=\"e-con-inner\">\n\t\t\t\t<div class=\"elementor-element elementor-element-3012c82 elementor-widget elementor-widget-wd_accordion\" data-id=\"3012c82\" data-element_type=\"widget\" data-e-type=\"widget\" data-widget_type=\"wd_accordion.default\">\n\t\t\t\t<div class=\"elementor-widget-container\">\n\t\t\t\t\t\n\t\t<div class=\"wd-accordion wd-style-default wd-titles-left wd-opener-pos-left wd-opener-style-arrow\" data-state=\"first\">\n\t\t\t\t\t\t\t\n\t\t\t\t<div class=\"wd-accordion-item\">\n\t\t\t\t\t<div class=\"wd-accordion-title wd-role-btn wd-active\" data-accordion-index=\"0\" tabindex=\"0\">\n\t\t\t\t\t\t<div class=\"wd-accordion-title-text\">\n\t\t\t\t\t\t\t\t\t\t\t\t\t\t<span>\n\t\t\t\t\t\t\t\tComment puis-je passer une commande ?\t\t\t\t\t\t\t<\/span>\n\t\t\t\t\t\t<\/div>\n\t\t\t\t\t\t<span class=\"wd-accordion-opener\"><\/span>\n\t\t\t\t\t<\/div>\n\n\t\t\t\t\t<div class=\"wd-accordion-content wd-entry-content wd-active\" data-accordion-index=\"0\">\n\t\t\t\t\t\t\t\t\t\t\t\t\t\n\t\t\t\t\t\t\t<p>Commander en ligne sur POLIPARTS.NET est simple ! Lorsque vous consultez un article, s\u00e9lectionnez simplement la taille et la quantit\u00e9 souhait\u00e9es, puis cliquez sur \u00ab Ajouter au panier \u00bb. Vous pouvez consulter le contenu de votre panier \u00e0 tout moment en cliquant sur l'ic\u00f4ne \u00ab Panier \u00bb en haut \u00e0 droite de chaque page. Apr\u00e8s avoir consult\u00e9 le contenu de votre panier, vous pouvez poursuivre vos achats ou passer commande.   <\/p>\n\t\t\t\t\t\t\t\t\t\t\t\t\t\t\t\t\t\t<\/div>\n\t\t\t\t<\/div>\n\t\t\t\t\t\t\t\n\t\t\t\t<div class=\"wd-accordion-item\">\n\t\t\t\t\t<div class=\"wd-accordion-title wd-role-btn\" data-accordion-index=\"1\" tabindex=\"0\">\n\t\t\t\t\t\t<div class=\"wd-accordion-title-text\">\n\t\t\t\t\t\t\t\t\t\t\t\t\t\t<span>\n\t\t\t\t\t\t\t\tEst-ce que je recevrai le m\u00eame produit que celui que je vois sur la photo ?\t\t\t\t\t\t\t<\/span>\n\t\t\t\t\t\t<\/div>\n\t\t\t\t\t\t<span class=\"wd-accordion-opener\"><\/span>\n\t\t\t\t\t<\/div>\n\n\t\t\t\t\t<div class=\"wd-accordion-content wd-entry-content\" data-accordion-index=\"1\">\n\t\t\t\t\t\t\t\t\t\t\t\t\t\n\t\t\t\t\t\t\t<p>Oui, toutes les images sur la page produit sont des photos r\u00e9elles du produit r\u00e9el. Le produit que vous recevrez sera donc identique \u00e0 celui pr\u00e9sent\u00e9 dans les descriptions et les images. Avant de passer commande, veuillez v\u00e9rifier attentivement les mod\u00e8les compatibles et les r\u00e9f\u00e9rences d'origine figurant dans la description du produit afin de vous assurer que le produit que vous avez achet\u00e9 est adapt\u00e9 \u00e0 votre v\u00e9hicule. <\/p>\n\t\t\t\t\t\t\t\t\t\t\t\t\t\t\t\t\t\t<\/div>\n\t\t\t\t<\/div>\n\t\t\t\t\t\t\t\n\t\t\t\t<div class=\"wd-accordion-item\">\n\t\t\t\t\t<div class=\"wd-accordion-title wd-role-btn\" data-accordion-index=\"2\" tabindex=\"0\">\n\t\t\t\t\t\t<div class=\"wd-accordion-title-text\">\n\t\t\t\t\t\t\t\t\t\t\t\t\t\t<span>\n\t\t\t\t\t\t\t\tJe viens de passer commande. O\u00f9 est mon e-mail de confirmation ? \t\t\t\t\t\t\t<\/span>\n\t\t\t\t\t\t<\/div>\n\t\t\t\t\t\t<span class=\"wd-accordion-opener\"><\/span>\n\t\t\t\t\t<\/div>\n\n\t\t\t\t\t<div class=\"wd-accordion-content wd-entry-content\" data-accordion-index=\"2\">\n\t\t\t\t\t\t\t\t\t\t\t\t\t\n\t\t\t\t\t\t\t<p>Veuillez pr\u00e9voir jusqu'\u00e0 deux heures pour que l'e-mail de confirmation arrive dans votre bo\u00eete de r\u00e9ception. Nous vous recommandons \u00e9galement de v\u00e9rifier votre dossier de courriers ind\u00e9sirables. Si vous ne recevez pas d'e-mail de confirmation dans ce d\u00e9lai, <span style=\"text-decoration: underline;\"><a href=\"https:\/\/poliparts.net\/contact-us\/\">contactez simplement notre service client<\/a><\/span>.  <\/p>\n\t\t\t\t\t\t\t\t\t\t\t\t\t\t\t\t\t\t<\/div>\n\t\t\t\t<\/div>\n\t\t\t\t\t\t\t\n\t\t\t\t<div class=\"wd-accordion-item\">\n\t\t\t\t\t<div class=\"wd-accordion-title wd-role-btn\" data-accordion-index=\"3\" tabindex=\"0\">\n\t\t\t\t\t\t<div class=\"wd-accordion-title-text\">\n\t\t\t\t\t\t\t\t\t\t\t\t\t\t<span>\n\t\t\t\t\t\t\t\tJe n&#039;arrive pas \u00e0 passer commande. Que faire ? \t\t\t\t\t\t\t<\/span>\n\t\t\t\t\t\t<\/div>\n\t\t\t\t\t\t<span class=\"wd-accordion-opener\"><\/span>\n\t\t\t\t\t<\/div>\n\n\t\t\t\t\t<div class=\"wd-accordion-content wd-entry-content\" data-accordion-index=\"3\">\n\t\t\t\t\t\t\t\t\t\t\t\t\t\n\t\t\t\t\t\t\t<p>Si vous continuez \u00e0 recevoir un message d'erreur lors du paiement, il s'agit g\u00e9n\u00e9ralement d'un probl\u00e8me avec votre carte de cr\u00e9dit ou d'une erreur dans l'adresse de facturation ou de livraison que vous essayez d'utiliser. Pour corriger cette erreur, essayez de reformater les noms et adresses dans vos informations de facturation ou de livraison. Vous pouvez \u00e9galement essayer d'effectuer vos achats dans un nouveau navigateur ou d'utiliser un autre mode de paiement comme PayPal. Si le message d'erreur persiste, veuillez <span style=\"text-decoration: underline;\"><a href=\"https:\/\/poliparts.net\/contact-us\/\">contacter notre service client<\/a><\/span>.   <\/p>\n\t\t\t\t\t\t\t\t\t\t\t\t\t\t\t\t\t\t<\/div>\n\t\t\t\t<\/div>\n\t\t\t\t\t\t\t\n\t\t\t\t<div class=\"wd-accordion-item\">\n\t\t\t\t\t<div class=\"wd-accordion-title wd-role-btn\" data-accordion-index=\"4\" tabindex=\"0\">\n\t\t\t\t\t\t<div class=\"wd-accordion-title-text\">\n\t\t\t\t\t\t\t\t\t\t\t\t\t\t<span>\n\t\t\t\t\t\t\t\tCombien de temps faut-il pour recevoir ma commande ?\t\t\t\t\t\t\t<\/span>\n\t\t\t\t\t\t<\/div>\n\t\t\t\t\t\t<span class=\"wd-accordion-opener\"><\/span>\n\t\t\t\t\t<\/div>\n\n\t\t\t\t\t<div class=\"wd-accordion-content wd-entry-content\" data-accordion-index=\"4\">\n\t\t\t\t\t\t\t\t\t\t\t\t\t\n\t\t\t\t\t\t\t<p>La pr\u00e9paration de la commande n\u00e9cessite environ 1 \u00e0 2 jours ouvr\u00e9s \u00e0 compter du premier jour ouvr\u00e9 suivant la date d'enregistrement de l'achat. S'agissant d'une exp\u00e9dition internationale, la livraison prend environ 6 \u00e0 10 jours ouvr\u00e9s. Les marchandises sont exp\u00e9di\u00e9es \u00e0 l'adresse indiqu\u00e9e lors de la confirmation du paiement. Les commandes avec correction d'adresse de livraison par e-mail et adresse de livraison vers une bo\u00eete postale ne sont pas accept\u00e9es.    Le code de suivi est toujours charg\u00e9 dans chaque commande et vous sera \u00e9galement communiqu\u00e9 par e-mail. Si votre colis se trouve en stockage, nous vous en informerons et ferons tout ce qui est en notre pouvoir pour surmonter l'impasse. <\/p>\n\t\t\t\t\t\t\t\t\t\t\t\t\t\t\t\t\t\t<\/div>\n\t\t\t\t<\/div>\n\t\t\t\t\t\t\t\n\t\t\t\t<div class=\"wd-accordion-item\">\n\t\t\t\t\t<div class=\"wd-accordion-title wd-role-btn\" data-accordion-index=\"5\" tabindex=\"0\">\n\t\t\t\t\t\t<div class=\"wd-accordion-title-text\">\n\t\t\t\t\t\t\t\t\t\t\t\t\t\t<span>\n\t\t\t\t\t\t\t\tO\u00f9 est ma commande ? Je ne l&#039;ai pas encore re\u00e7ue ? \t\t\t\t\t\t\t<\/span>\n\t\t\t\t\t\t<\/div>\n\t\t\t\t\t\t<span class=\"wd-accordion-opener\"><\/span>\n\t\t\t\t\t<\/div>\n\n\t\t\t\t\t<div class=\"wd-accordion-content wd-entry-content\" data-accordion-index=\"5\">\n\t\t\t\t\t\t\t\t\t\t\t\t\t\n\t\t\t\t\t\t\t<p>Vous recevrez un e-mail de confirmation contenant les informations de suivi de votre commande une fois celle-ci exp\u00e9di\u00e9e. Si vous n'avez pas re\u00e7u d'e-mail de confirmation d'exp\u00e9dition, veuillez v\u00e9rifier votre dossier de courrier ind\u00e9sirable, car il est possible qu'il y soit arriv\u00e9. Pour toutes les commandes, veuillez pr\u00e9voir un d\u00e9lai de 6 \u00e0 10 jours ouvr\u00e9s \u00e0 compter de la date d'exp\u00e9dition pour la r\u00e9ception de votre colis. Les jours ouvr\u00e9s n'incluent pas les week-ends ni les jours f\u00e9ri\u00e9s, et le d\u00e9lai de livraison ne tient pas compte des retards caus\u00e9s par le transporteur.   <\/p>\n\t\t\t\t\t\t\t\t\t\t\t\t\t\t\t\t\t\t<\/div>\n\t\t\t\t<\/div>\n\t\t\t\t\t\t\t\n\t\t\t\t<div class=\"wd-accordion-item\">\n\t\t\t\t\t<div class=\"wd-accordion-title wd-role-btn\" data-accordion-index=\"6\" tabindex=\"0\">\n\t\t\t\t\t\t<div class=\"wd-accordion-title-text\">\n\t\t\t\t\t\t\t\t\t\t\t\t\t\t<span>\n\t\t\t\t\t\t\t\tMon num\u00e9ro de suivi de commande n&#039;affiche aucune mise \u00e0 jour. O\u00f9 est-il ? \t\t\t\t\t\t\t<\/span>\n\t\t\t\t\t\t<\/div>\n\t\t\t\t\t\t<span class=\"wd-accordion-opener\"><\/span>\n\t\t\t\t\t<\/div>\n\n\t\t\t\t\t<div class=\"wd-accordion-content wd-entry-content\" data-accordion-index=\"6\">\n\t\t\t\t\t\t\t\t\t\t\t\t\t\n\t\t\t\t\t\t\t<p>Les mises \u00e0 jour de suivi peuvent ne pas refl\u00e9ter la localisation exacte de votre colis. Veuillez pr\u00e9voir suffisamment de temps pour que votre suivi soit mis \u00e0 jour, car cela peut se produire une fois que votre colis arrive au bureau de poste. <\/p>\n\t\t\t\t\t\t\t\t\t\t\t\t\t\t\t\t\t\t<\/div>\n\t\t\t\t<\/div>\n\t\t\t\t\t\t\t\n\t\t\t\t<div class=\"wd-accordion-item\">\n\t\t\t\t\t<div class=\"wd-accordion-title wd-role-btn\" data-accordion-index=\"7\" tabindex=\"0\">\n\t\t\t\t\t\t<div class=\"wd-accordion-title-text\">\n\t\t\t\t\t\t\t\t\t\t\t\t\t\t<span>\n\t\t\t\t\t\t\t\tJ&#039;ai contact\u00e9 le service client et je n&#039;ai toujours pas re\u00e7u de r\u00e9ponse. Que dois-je faire ? \t\t\t\t\t\t\t<\/span>\n\t\t\t\t\t\t<\/div>\n\t\t\t\t\t\t<span class=\"wd-accordion-opener\"><\/span>\n\t\t\t\t\t<\/div>\n\n\t\t\t\t\t<div class=\"wd-accordion-content wd-entry-content\" data-accordion-index=\"7\">\n\t\t\t\t\t\t\t\t\t\t\t\t\t\n\t\t\t\t\t\t\t<p>Notre \u00e9quipe d'assistance client est pr\u00e9sente \u00e0 l'international et peut se trouver dans un fuseau horaire diff\u00e9rent. Veuillez pr\u00e9voir un d\u00e9lai de 24 heures ouvr\u00e9es pour une r\u00e9ponse. Votre demande est importante pour nous et nous vous remercions de votre patience. Nous y r\u00e9pondrons dans les plus brefs d\u00e9lais.  <\/p>\n\t\t\t\t\t\t\t\t\t\t\t\t\t\t\t\t\t\t<\/div>\n\t\t\t\t<\/div>\n\t\t\t\t\t\t\t\n\t\t\t\t<div class=\"wd-accordion-item\">\n\t\t\t\t\t<div class=\"wd-accordion-title wd-role-btn\" data-accordion-index=\"8\" tabindex=\"0\">\n\t\t\t\t\t\t<div class=\"wd-accordion-title-text\">\n\t\t\t\t\t\t\t\t\t\t\t\t\t\t<span>\n\t\t\t\t\t\t\t\tComment puis-je consulter mes commandes ?\t\t\t\t\t\t\t<\/span>\n\t\t\t\t\t\t<\/div>\n\t\t\t\t\t\t<span class=\"wd-accordion-opener\"><\/span>\n\t\t\t\t\t<\/div>\n\n\t\t\t\t\t<div class=\"wd-accordion-content wd-entry-content\" data-accordion-index=\"8\">\n\t\t\t\t\t\t\t\t\t\t\t\t\t\n\t\t\t\t\t\t\t<p>En cr\u00e9ant un compte sur notre boutique, vous pourrez passer \u00e0 la caisse plus rapidement, consulter et suivre vos commandes dans votre compte et bien plus encore !<\/p>\n\t\t\t\t\t\t\t\t\t\t\t\t\t\t\t\t\t\t<\/div>\n\t\t\t\t<\/div>\n\t\t\t\t\t\t\t\n\t\t\t\t<div class=\"wd-accordion-item\">\n\t\t\t\t\t<div class=\"wd-accordion-title wd-role-btn\" data-accordion-index=\"9\" tabindex=\"0\">\n\t\t\t\t\t\t<div class=\"wd-accordion-title-text\">\n\t\t\t\t\t\t\t\t\t\t\t\t\t\t<span>\n\t\t\t\t\t\t\t\tComment puis-je g\u00e9rer les informations de mon profil ?\t\t\t\t\t\t\t<\/span>\n\t\t\t\t\t\t<\/div>\n\t\t\t\t\t\t<span class=\"wd-accordion-opener\"><\/span>\n\t\t\t\t\t<\/div>\n\n\t\t\t\t\t<div class=\"wd-accordion-content wd-entry-content\" data-accordion-index=\"9\">\n\t\t\t\t\t\t\t\t\t\t\t\t\t\n\t\t\t\t\t\t\t<p>En cr\u00e9ant un compte sur notre boutique, vous pourrez passer \u00e0 la caisse plus rapidement, consulter et suivre vos commandes dans votre compte et bien plus encore !<\/p>\n\t\t\t\t\t\t\t\t\t\t\t\t\t\t\t\t\t\t<\/div>\n\t\t\t\t<\/div>\n\t\t\t\t\t\t\t\n\t\t\t\t<div class=\"wd-accordion-item\">\n\t\t\t\t\t<div class=\"wd-accordion-title wd-role-btn\" data-accordion-index=\"10\" tabindex=\"0\">\n\t\t\t\t\t\t<div class=\"wd-accordion-title-text\">\n\t\t\t\t\t\t\t\t\t\t\t\t\t\t<span>\n\t\t\t\t\t\t\t\tRemboursements et retours\t\t\t\t\t\t\t<\/span>\n\t\t\t\t\t\t<\/div>\n\t\t\t\t\t\t<span class=\"wd-accordion-opener\"><\/span>\n\t\t\t\t\t<\/div>\n\n\t\t\t\t\t<div class=\"wd-accordion-content wd-entry-content\" data-accordion-index=\"10\">\n\t\t\t\t\t\t\t\t\t\t\t\t\t\n\t\t\t\t\t\t\t<p>Conform\u00e9ment \u00e0 l'article 52 du d\u00e9cret l\u00e9gislatif n\u00b0 206 du 6 septembre 2005 (Code de la consommation), tel que modifi\u00e9 par le d\u00e9cret l\u00e9gislatif n\u00b0 21 de 2014, vous disposez d'un droit de r\u00e9tractation de quatorze jours \u00e0 compter de la r\u00e9ception des produits, sans p\u00e9nalit\u00e9 ni justification. Il vous suffit de nous informer de votre intention de r\u00e9tracter par message et nous vous fournirons toutes les instructions n\u00e9cessaires. Ce droit de r\u00e9tractation ne s'applique pas aux produits achet\u00e9s sur mesure ou personnalis\u00e9s.<br>Le retour du produit \u00e0 l'exp\u00e9diteur est \u00e0 vos frais et sous votre responsabilit\u00e9 et peut \u00eatre effectu\u00e9 par le transporteur de votre choix. Dans les quatorze jours suivant votre retour (article 57 du Code de la consommation), vous devez retourner les produits intacts, \u00e9tiquet\u00e9s et dans leur emballage d'origine, le cas \u00e9ch\u00e9ant (sac plastique ou bo\u00eete selon le type d'article), en joignant le bon de livraison \u00e0 l'emballage.<br>Votre retour sera rembours\u00e9 dans un d\u00e9lai maximum de 14 jours \u00e0 compter de la date \u00e0 laquelle nous sommes inform\u00e9s de votre d\u00e9cision d'exercer votre droit de r\u00e9tractation. Toutefois, nous nous r\u00e9servons le droit de diff\u00e9rer le remboursement jusqu'\u00e0 l'arriv\u00e9e des marchandises \u00e0 notre entrep\u00f4t, conform\u00e9ment \u00e0 l'article 56 du Code de la consommation, tel que modifi\u00e9 par le d\u00e9cret l\u00e9gislatif n\u00b0 21 du 21 f\u00e9vrier 2014.<br>Si vous avez re\u00e7u un produit d\u00e9fectueux, veuillez nous contacter d\u00e8s que possible via la messagerie du site ; nous nous chargerons de vous fournir les instructions pour un \u00e9ventuel remplacement ou retrait.<br>Si l'article re\u00e7u ne correspond pas \u00e0 la commande, nous vous demandons de ne pas ouvrir le colis et de nous contacter.<br>Vous \u00eates responsable de la d\u00e9pr\u00e9ciation des biens r\u00e9sultant de manipulations autres que celles n\u00e9cessaires pour \u00e9tablir la nature, les caract\u00e9ristiques et le fonctionnement des biens. Par cons\u00e9quent, si les produits retourn\u00e9s sont endommag\u00e9s (par exemple, l'\u00e9tiquette d'authenticit\u00e9 et le sceau de s\u00e9curit\u00e9, des signes d'usure, d'abrasion, des entailles, des rayures, des d\u00e9formations, etc.), s'ils ne sont pas complets avec tous leurs \u00e9l\u00e9ments et accessoires (y compris les \u00e9tiquettes intactes et fix\u00e9es au produit), s'ils ne sont pas accompagn\u00e9s des instructions\/notes\/manuels joints, de l'emballage d'origine et du certificat de garantie, le cas \u00e9ch\u00e9ant, vous serez responsable de la d\u00e9pr\u00e9ciation des produits et aurez droit \u00e0 un remboursement d'un montant \u00e9gal \u00e0 la valeur r\u00e9siduelle du produit. \u00c0 cet effet, vous \u00eates donc invit\u00e9 \u00e0 ne pas manipuler les produits au-del\u00e0 de ce qui est strictement n\u00e9cessaire pour \u00e9tablir la nature, les caract\u00e9ristiques et le fonctionnement de ceux-ci et \u00e0 recouvrir l'emballage d'origine des produits d'un autre emballage de protection pr\u00e9servant leur int\u00e9grit\u00e9 et les prot\u00e9geant pendant le transport, y compris des inscriptions ou des \u00e9tiquettes.           <\/p>\n\t\t\t\t\t\t\t\t\t\t\t\t\t\t\t\t\t\t<\/div>\n\t\t\t\t<\/div>\n\t\t\t\t\t\t\t\n\t\t\t\t<div class=\"wd-accordion-item\">\n\t\t\t\t\t<div class=\"wd-accordion-title wd-role-btn\" data-accordion-index=\"11\" tabindex=\"0\">\n\t\t\t\t\t\t<div class=\"wd-accordion-title-text\">\n\t\t\t\t\t\t\t\t\t\t\t\t\t\t<span>\n\t\t\t\t\t\t\t\tConfidentialit\u00e9 et s\u00e9curit\u00e9\t\t\t\t\t\t\t<\/span>\n\t\t\t\t\t\t<\/div>\n\t\t\t\t\t\t<span class=\"wd-accordion-opener\"><\/span>\n\t\t\t\t\t<\/div>\n\n\t\t\t\t\t<div class=\"wd-accordion-content wd-entry-content\" data-accordion-index=\"11\">\n\t\t\t\t\t\t\t\t\t\t\t\t\t\n\t\t\t\t\t\t\t<p>Vous pouvez consulter toutes les informations sur le traitement des donn\u00e9es sensibles en vous rendant sur la page Politique de confidentialit\u00e9.<\/p>\n\t\t\t\t\t\t\t\t\t\t\t\t\t\t\t\t\t\t<\/div>\n\t\t\t\t<\/div>\n\t\t\t\t\t<\/div>\n\t\t\t\t\t\t<\/div>\n\t\t\t\t<\/div>\n\t\t\t\t\t<\/div>\n\t\t\t\t<\/div>\n\t\t\t\t<\/div>\n\t\t","protected":false},"excerpt":{"rendered":"<p>Comment puis-je passer une commande ? Commander en ligne sur POLIPARTS.NET est simple ! Lorsque vous consultez un article, s\u00e9lectionnez<\/p>\n","protected":false},"author":1,"featured_media":0,"parent":0,"menu_order":0,"comment_status":"closed","ping_status":"closed","template":"","meta":{"footnotes":""},"class_list":["post-29351","page","type-page","status-publish","hentry"],"yoast_head":"<!-- This site is optimized with the Yoast SEO plugin v27.3 - https:\/\/yoast.com\/product\/yoast-seo-wordpress\/ -->\n<title>Achetez des pi\u00e8ces d\u00e9tach\u00e9es et accessoires pour motos et scooters \u00e0 des prix outlet.<\/title>\n<meta name=\"description\" content=\"FAQ - POLIPARTS Boutique en ligne, achetez des pi\u00e8ces d\u00e9tach\u00e9es et accessoires pour motos et scooters, qualit\u00e9 garantie, toujours \u00e0 prix outlet !\" \/>\n<meta name=\"robots\" content=\"index, follow, max-snippet:-1, max-image-preview:large, max-video-preview:-1\" \/>\n<link rel=\"canonical\" href=\"https:\/\/poliparts.net\/fr\/faqs\/\" \/>\n<meta property=\"og:locale\" content=\"fr_FR\" \/>\n<meta property=\"og:type\" content=\"article\" \/>\n<meta property=\"og:title\" content=\"Achetez des pi\u00e8ces d\u00e9tach\u00e9es et accessoires pour motos et scooters \u00e0 des prix outlet.\" \/>\n<meta property=\"og:description\" content=\"FAQ - POLIPARTS Boutique en ligne, achetez des pi\u00e8ces d\u00e9tach\u00e9es et accessoires pour motos et scooters, qualit\u00e9 garantie, toujours \u00e0 prix outlet !\" \/>\n<meta property=\"og:url\" content=\"https:\/\/poliparts.net\/fr\/faqs\/\" \/>\n<meta property=\"og:site_name\" content=\"Poliparts.net\" \/>\n<meta property=\"article:modified_time\" content=\"2025-09-02T14:23:35+00:00\" \/>\n<meta name=\"twitter:card\" content=\"summary_large_image\" \/>\n<meta name=\"twitter:label1\" content=\"Dur\u00e9e de lecture estim\u00e9e\" \/>\n\t<meta name=\"twitter:data1\" content=\"6 minutes\" \/>\n<script type=\"application\/ld+json\" class=\"yoast-schema-graph\">{\"@context\":\"https:\\\/\\\/schema.org\",\"@graph\":[{\"@type\":\"WebPage\",\"@id\":\"https:\\\/\\\/poliparts.net\\\/fr\\\/faqs\\\/\",\"url\":\"https:\\\/\\\/poliparts.net\\\/fr\\\/faqs\\\/\",\"name\":\"Achetez des pi\u00e8ces d\u00e9tach\u00e9es et accessoires pour motos et scooters \u00e0 des prix outlet.\",\"isPartOf\":{\"@id\":\"https:\\\/\\\/poliparts.net\\\/fr\\\/#website\"},\"datePublished\":\"2025-06-07T03:24:56+00:00\",\"dateModified\":\"2025-09-02T14:23:35+00:00\",\"description\":\"FAQ - POLIPARTS Boutique en ligne, achetez des pi\u00e8ces d\u00e9tach\u00e9es et accessoires pour motos et scooters, qualit\u00e9 garantie, toujours \u00e0 prix outlet !\",\"breadcrumb\":{\"@id\":\"https:\\\/\\\/poliparts.net\\\/fr\\\/faqs\\\/#breadcrumb\"},\"inLanguage\":\"fr-FR\",\"potentialAction\":[{\"@type\":\"ReadAction\",\"target\":[\"https:\\\/\\\/poliparts.net\\\/fr\\\/faqs\\\/\"]}]},{\"@type\":\"BreadcrumbList\",\"@id\":\"https:\\\/\\\/poliparts.net\\\/fr\\\/faqs\\\/#breadcrumb\",\"itemListElement\":[{\"@type\":\"ListItem\",\"position\":1,\"name\":\"Home\",\"item\":\"https:\\\/\\\/poliparts.net\\\/fr\\\/home\\\/\"},{\"@type\":\"ListItem\",\"position\":2,\"name\":\"FAQ\"}]},{\"@type\":\"WebSite\",\"@id\":\"https:\\\/\\\/poliparts.net\\\/fr\\\/#website\",\"url\":\"https:\\\/\\\/poliparts.net\\\/fr\\\/\",\"name\":\"Poliparts.net\",\"description\":\"Accessori e Ricambi Moto Scooter:  Diretto Fabbrica, Qualit\u00e0 Top, Prezzi migliori\",\"publisher\":{\"@id\":\"https:\\\/\\\/poliparts.net\\\/fr\\\/#organization\"},\"potentialAction\":[{\"@type\":\"SearchAction\",\"target\":{\"@type\":\"EntryPoint\",\"urlTemplate\":\"https:\\\/\\\/poliparts.net\\\/fr\\\/?s={search_term_string}\"},\"query-input\":{\"@type\":\"PropertyValueSpecification\",\"valueRequired\":true,\"valueName\":\"search_term_string\"}}],\"inLanguage\":\"fr-FR\"},{\"@type\":\"Organization\",\"@id\":\"https:\\\/\\\/poliparts.net\\\/fr\\\/#organization\",\"name\":\"Poliparts.net\",\"url\":\"https:\\\/\\\/poliparts.net\\\/fr\\\/\",\"logo\":{\"@type\":\"ImageObject\",\"inLanguage\":\"fr-FR\",\"@id\":\"https:\\\/\\\/poliparts.net\\\/fr\\\/#\\\/schema\\\/logo\\\/image\\\/\",\"url\":\"https:\\\/\\\/poliparts.net\\\/wp-content\\\/uploads\\\/2025\\\/05\\\/POLIPARTS-1000.png\",\"contentUrl\":\"https:\\\/\\\/poliparts.net\\\/wp-content\\\/uploads\\\/2025\\\/05\\\/POLIPARTS-1000.png\",\"width\":1000,\"height\":274,\"caption\":\"Poliparts.net\"},\"image\":{\"@id\":\"https:\\\/\\\/poliparts.net\\\/fr\\\/#\\\/schema\\\/logo\\\/image\\\/\"}}]}<\/script>\n<!-- \/ Yoast SEO plugin. -->","yoast_head_json":{"title":"Achetez des pi\u00e8ces d\u00e9tach\u00e9es et accessoires pour motos et scooters \u00e0 des prix outlet.","description":"FAQ - POLIPARTS Boutique en ligne, achetez des pi\u00e8ces d\u00e9tach\u00e9es et accessoires pour motos et scooters, qualit\u00e9 garantie, toujours \u00e0 prix outlet !","robots":{"index":"index","follow":"follow","max-snippet":"max-snippet:-1","max-image-preview":"max-image-preview:large","max-video-preview":"max-video-preview:-1"},"canonical":"https:\/\/poliparts.net\/fr\/faqs\/","og_locale":"fr_FR","og_type":"article","og_title":"Achetez des pi\u00e8ces d\u00e9tach\u00e9es et accessoires pour motos et scooters \u00e0 des prix outlet.","og_description":"FAQ - POLIPARTS Boutique en ligne, achetez des pi\u00e8ces d\u00e9tach\u00e9es et accessoires pour motos et scooters, qualit\u00e9 garantie, toujours \u00e0 prix outlet !","og_url":"https:\/\/poliparts.net\/fr\/faqs\/","og_site_name":"Poliparts.net","article_modified_time":"2025-09-02T14:23:35+00:00","twitter_card":"summary_large_image","twitter_misc":{"Dur\u00e9e de lecture estim\u00e9e":"6 minutes"},"schema":{"@context":"https:\/\/schema.org","@graph":[{"@type":"WebPage","@id":"https:\/\/poliparts.net\/fr\/faqs\/","url":"https:\/\/poliparts.net\/fr\/faqs\/","name":"Achetez des pi\u00e8ces d\u00e9tach\u00e9es et accessoires pour motos et scooters \u00e0 des prix outlet.","isPartOf":{"@id":"https:\/\/poliparts.net\/fr\/#website"},"datePublished":"2025-06-07T03:24:56+00:00","dateModified":"2025-09-02T14:23:35+00:00","description":"FAQ - POLIPARTS Boutique en ligne, achetez des pi\u00e8ces d\u00e9tach\u00e9es et accessoires pour motos et scooters, qualit\u00e9 garantie, toujours \u00e0 prix outlet !","breadcrumb":{"@id":"https:\/\/poliparts.net\/fr\/faqs\/#breadcrumb"},"inLanguage":"fr-FR","potentialAction":[{"@type":"ReadAction","target":["https:\/\/poliparts.net\/fr\/faqs\/"]}]},{"@type":"BreadcrumbList","@id":"https:\/\/poliparts.net\/fr\/faqs\/#breadcrumb","itemListElement":[{"@type":"ListItem","position":1,"name":"Home","item":"https:\/\/poliparts.net\/fr\/home\/"},{"@type":"ListItem","position":2,"name":"FAQ"}]},{"@type":"WebSite","@id":"https:\/\/poliparts.net\/fr\/#website","url":"https:\/\/poliparts.net\/fr\/","name":"Poliparts.net","description":"Accessori e Ricambi Moto Scooter:  Diretto Fabbrica, Qualit\u00e0 Top, Prezzi migliori","publisher":{"@id":"https:\/\/poliparts.net\/fr\/#organization"},"potentialAction":[{"@type":"SearchAction","target":{"@type":"EntryPoint","urlTemplate":"https:\/\/poliparts.net\/fr\/?s={search_term_string}"},"query-input":{"@type":"PropertyValueSpecification","valueRequired":true,"valueName":"search_term_string"}}],"inLanguage":"fr-FR"},{"@type":"Organization","@id":"https:\/\/poliparts.net\/fr\/#organization","name":"Poliparts.net","url":"https:\/\/poliparts.net\/fr\/","logo":{"@type":"ImageObject","inLanguage":"fr-FR","@id":"https:\/\/poliparts.net\/fr\/#\/schema\/logo\/image\/","url":"https:\/\/poliparts.net\/wp-content\/uploads\/2025\/05\/POLIPARTS-1000.png","contentUrl":"https:\/\/poliparts.net\/wp-content\/uploads\/2025\/05\/POLIPARTS-1000.png","width":1000,"height":274,"caption":"Poliparts.net"},"image":{"@id":"https:\/\/poliparts.net\/fr\/#\/schema\/logo\/image\/"}}]}},"_links":{"self":[{"href":"https:\/\/poliparts.net\/fr\/wp-json\/wp\/v2\/pages\/29351","targetHints":{"allow":["GET"]}}],"collection":[{"href":"https:\/\/poliparts.net\/fr\/wp-json\/wp\/v2\/pages"}],"about":[{"href":"https:\/\/poliparts.net\/fr\/wp-json\/wp\/v2\/types\/page"}],"author":[{"embeddable":true,"href":"https:\/\/poliparts.net\/fr\/wp-json\/wp\/v2\/users\/1"}],"replies":[{"embeddable":true,"href":"https:\/\/poliparts.net\/fr\/wp-json\/wp\/v2\/comments?post=29351"}],"version-history":[{"count":7,"href":"https:\/\/poliparts.net\/fr\/wp-json\/wp\/v2\/pages\/29351\/revisions"}],"predecessor-version":[{"id":31539,"href":"https:\/\/poliparts.net\/fr\/wp-json\/wp\/v2\/pages\/29351\/revisions\/31539"}],"wp:attachment":[{"href":"https:\/\/poliparts.net\/fr\/wp-json\/wp\/v2\/media?parent=29351"}],"curies":[{"name":"wp","href":"https:\/\/api.w.org\/{rel}","templated":true}]}}