{"id":31618,"date":"2025-09-12T15:20:32","date_gmt":"2025-09-12T13:20:32","guid":{"rendered":"https:\/\/poliparts.net\/?post_type=product&#038;p=31618"},"modified":"2025-09-12T21:15:32","modified_gmt":"2025-09-12T19:15:32","slug":"regolatore-tensione-moto-honda-sh125-150-cbf-cb-hornet-piaggio-malaguti","status":"publish","type":"product","link":"https:\/\/poliparts.net\/es\/producto\/regolatore-tensione-moto-honda-sh125-150-cbf-cb-hornet-piaggio-malaguti\/","title":{"rendered":"Regolatore di Tensione Moto per Honda SH 125 150, CBF 500 600, CB 600 Hornet, Malaguti, Piaggio Liberty \u2013 Ricambio Elettrico di Qualit\u00e0"},"content":{"rendered":"<p data-start=\"297\" data-end=\"672\">Mantieni la tua moto sempre efficiente con questo <strong data-start=\"347\" data-end=\"378\">regolatore di tensione moto<\/strong> compatibile con numerosi modelli <strong data-start=\"412\" data-end=\"441\">Honda, Piaggio e Malaguti<\/strong>.<br data-start=\"442\" data-end=\"445\" \/>Si tratta di un ricambio elettrico essenziale per garantire la corretta ricarica della batteria e la stabilit\u00e0 dell\u2019impianto elettrico, evitando sbalzi di tensione che possono danneggiare la centralina o gli altri componenti.<\/p>\n<p data-start=\"674\" data-end=\"710\">\ud83d\udd27 <strong data-start=\"677\" data-end=\"708\">Caratteristiche principali:<\/strong><\/p>\n<ul data-start=\"711\" data-end=\"958\">\n<li data-start=\"711\" data-end=\"776\">\n<p data-start=\"713\" data-end=\"776\">Regolatore di tensione di alta qualit\u00e0, affidabile e durevole<\/p>\n<\/li>\n<li data-start=\"777\" data-end=\"826\">\n<p data-start=\"779\" data-end=\"826\">Assicura una ricarica costante della batteria<\/p>\n<\/li>\n<li data-start=\"827\" data-end=\"887\">\n<p data-start=\"829\" data-end=\"887\">Progettato per prestazioni stabili anche a lungo termine<\/p>\n<\/li>\n<li data-start=\"888\" data-end=\"958\">\n<p data-start=\"890\" data-end=\"958\">Sostituzione plug &amp; play del pezzo originale, facile da installare<\/p>\n<\/li>\n<\/ul>\n<hr data-start=\"960\" data-end=\"963\" \/>\n<h3 data-start=\"965\" data-end=\"987\">\ud83d\ude80 Compatibilit\u00e0<\/h3>\n<p data-start=\"988\" data-end=\"1074\">Questo regolatore di tensione \u00e8 adatto a diversi modelli di moto e scooter, tra cui:<\/p>\n<ul data-start=\"1076\" data-end=\"1353\">\n<li data-start=\"1076\" data-end=\"1250\">\n<p data-start=\"1078\" data-end=\"1250\"><strong data-start=\"1078\" data-end=\"1087\">Honda<\/strong>: SH 125, SH 150, NES 125\/150, SES 125 Dylan, FES 125\/150 Pantheon, NSS 250 Jazz, CBF 500, CBF 600, CB 600 F Hornet, XL 125 Varadero, VT 750 Shadow Aero e altri.<\/p>\n<\/li>\n<li data-start=\"1251\" data-end=\"1308\">\n<p data-start=\"1253\" data-end=\"1308\"><strong data-start=\"1253\" data-end=\"1265\">Malaguti<\/strong>: Madison K 400, Madison K Restyling 400.<\/p>\n<\/li>\n<li data-start=\"1309\" data-end=\"1353\">\n<p data-start=\"1311\" data-end=\"1353\"><strong data-start=\"1311\" data-end=\"1322\">Piaggio<\/strong>: Liberty 50, Zip 50, X9 250.<\/p>\n<\/li>\n<\/ul>\n<p data-start=\"1355\" data-end=\"1456\">\ud83d\udccc Controlla sempre il codice del tuo modello prima dell\u2019acquisto per assicurarti la compatibilit\u00e0.<\/p>\n<hr data-start=\"960\" data-end=\"963\" \/>\n<h3 data-start=\"965\" data-end=\"987\">Tabella applicazioni:<\/h3>\n<ul>\n<li>HONDA NES 125 @\/ AROBASE 125 2000\/2000 JF07A<\/li>\n<li>HONDA NES 125 @\/ AROBASE 125 2001\/2002 JF07B<\/li>\n<li>HONDA NES 150 @\/ AROBASE 150 2001\/2001 KF03B<\/li>\n<li>HONDA NES 150 @\/ AROBASE 150 2000\/2006 KF03A<\/li>\n<li>HONDA CBF 500 500 2004\/2008 PC39C<\/li>\n<li>HONDA CBF 500 500 2004\/2008 PC39D<\/li>\n<li>HONDA CBF 500 A ABS 500 2004\/2008 PC39B<\/li>\n<li>HONDA CBF 600 S 600 2004\/2007 PC38C<\/li>\n<li>HONDA CBF 600 N 600 2004\/2007 PC38E<\/li>\n<li>HONDA CBF 600 NA ABS 600 2004\/2007 PC38H<\/li>\n<li>HONDA CBF 500 A ABS 500 2004\/2008 PC39A<\/li>\n<li>HONDA CBF 600 S 600 2004\/2007 PC38A<\/li>\n<li>HONDA CBF 600 N 600 2004\/2007 PC38G<\/li>\n<li>HONDA CBF 600 SA ABS 600 2004\/2007 PC38B<\/li>\n<li>HONDA CBF 600 SA ABS 600 2004\/2007 PC38D<\/li>\n<li>HONDA CBF 600 NA ABS 600 2004\/2007 PC38F<\/li>\n<li>HONDA SES 125 DYLAN 125 2002\/2006 JF10A<\/li>\n<li>HONDA CB 600 F HORNET 600 2002\/2006 PC36A<\/li>\n<li>HONDA CB 600 F HORNET 600 2002\/2004 PC36B<\/li>\n<li>HONDA CB 600 F HORNET 600 2002\/2006 PC36D<\/li>\n<li>HONDA CB 600 S F2 HORNET S 600 2002\/2003 PC36E<\/li>\n<li>HONDA CB 600 S F2 HORNET S 600 2002\/2003 PC36F<\/li>\n<li>HONDA CB 600 S F2 HORNET S 600 2002\/2003 PC36H<\/li>\n<li>HONDA NSS 250 JAZZ 250 2001\/2001 MF06A<\/li>\n<li>HONDA NSS 250 A JAZZ ABS 250 2001\/2002 MF06B<\/li>\n<li>HONDA FES 125 PANTHEON 125 1998\/2002 JF05A<\/li>\n<li>HONDA FES 150 PANTHEON 150 1998\/2002 KF02A<\/li>\n<li>HONDA SH 125 125 2001\/2004 JF09A<\/li>\n<li>HONDA SH 150 150 2001\/2004 KF04A<\/li>\n<li>HONDA VT 750 C2 SHADOW AERO 750 2001\/2002 RC44A<\/li>\n<li>HONDA XL 125 V VARADERO 125 2001\/2006 JC32A<\/li>\n<li>HONDA XL 125 V VARADERO 80 KM\/H 125 2002\/2006 JC32A<\/li>\n<li>HONDA XL 125 V VARADERO 80 KM\/H 125 2001\/2003 JC32C<\/li>\n<li>MALAGUTI MADISON K 400 2002\/2002 610000<\/li>\n<li>MALAGUTI MADISON K RESTYLING 400 2002\/2004 610000<\/li>\n<li>Piaggio Liberty 50 2004-2012<\/li>\n<li>Piaggio Zip 50 1992-2001<\/li>\n<li>Piaggio X9 &#8211; 250 2000\u20132003<\/li>\n<\/ul>\n","protected":false},"excerpt":{"rendered":"<p>\u3010MOTO COMPATIBILI\u3011 Verificare la DESCRIZIONE PRODOTTO per controllare modelli moto compatibili<\/p>\n<p>\u3010RIFERIMENTO ORIGINALE\u3011 31600-kfg-860<\/p>\n<p>\u3010MATERIALE\u3011 Alluminio di alta qualit\u00e0, materiali di laminazione di altissima qualit\u00e0, pi\u00f9 alto grado di componenti elettronici<\/p>\n<p>\u3010ALTA AFFIDABILITA&#8217;\u3011 Funzione SCR della tensione di cortocircuito, protezione da sovraccarico della batteria e protezione da circuito aperto della batteria, corrente di carica, stabilit\u00e0 della tensione di alimentazione, utilizzo della tecnologia SMT per montaggio superficiale, buone caratteristiche di temperatura<\/p>\n<p>\u3010SEMPLICE\u3011 sostituzione diretta all&#8217;unit\u00e0 originale, plug-and-play, adattamento diretto, installazione semplice, nessun assemblaggio richiesto. Si adatta perfettamente alla staffa del raddrizzatore esistente su tutti i modelli senza necessit\u00e0 di modifiche<\/p>\n","protected":false},"featured_media":31619,"comment_status":"open","ping_status":"closed","template":"","meta":[],"product_brand":[154,1315,222],"product_cat":[78],"product_tag":[1316,1318,1317],"class_list":{"0":"post-31618","1":"product","2":"type-product","3":"status-publish","4":"has-post-thumbnail","6":"product_brand-honda","7":"product_brand-malaguti","8":"product_brand-piaggio","9":"product_cat-regolatori-di-tensione","10":"product_tag-1316","11":"product_tag-alternatore","12":"product_tag-regolatore-di-corrente","14":"first","15":"instock","16":"sale","17":"shipping-taxable","18":"purchasable","19":"product-type-simple"},"yoast_head":"<!-- This site is optimized with the Yoast SEO plugin v27.6 - https:\/\/yoast.com\/product\/yoast-seo-wordpress\/ -->\n<title>Regolatore di Tensione Moto Honda SH, CBF, Hornet, Piaggio<\/title>\n<meta name=\"description\" content=\"Acquista regolatore di tensione moto compatibile con Honda SH 125 150, CBF 500 600, Hornet, Piaggio e Malaguti. Ricambio elettrico affidabile e durevole.\" \/>\n<meta name=\"robots\" content=\"index, follow, max-snippet:-1, max-image-preview:large, max-video-preview:-1\" \/>\n<link rel=\"canonical\" href=\"https:\/\/poliparts.net\/es\/producto\/regolatore-tensione-moto-honda-sh125-150-cbf-cb-hornet-piaggio-malaguti\/\" \/>\n<meta property=\"og:locale\" content=\"es_ES\" \/>\n<meta property=\"og:type\" content=\"article\" \/>\n<meta property=\"og:title\" content=\"Regolatore di Tensione Moto Honda SH, CBF, Hornet, Piaggio\" \/>\n<meta property=\"og:description\" content=\"Acquista regolatore di tensione moto compatibile con Honda SH 125 150, CBF 500 600, Hornet, Piaggio e Malaguti. Ricambio elettrico affidabile e durevole.\" \/>\n<meta property=\"og:url\" content=\"https:\/\/poliparts.net\/es\/producto\/regolatore-tensione-moto-honda-sh125-150-cbf-cb-hornet-piaggio-malaguti\/\" \/>\n<meta property=\"og:site_name\" content=\"Poliparts.net\" \/>\n<meta property=\"article:modified_time\" content=\"2025-09-12T19:15:32+00:00\" \/>\n<meta property=\"og:image\" content=\"https:\/\/poliparts.net\/wp-content\/uploads\/2025\/09\/Regolatore-di-Tensione-Moto-per-Honda-SH-125-150-CBF-500-600-CB-600-Hornet-Malaguti-Piaggio-Liberty-\u2013-Ricambio-Elettrico-di-Qualita-1.avif\" \/>\n\t<meta property=\"og:image:width\" content=\"1500\" \/>\n\t<meta property=\"og:image:height\" content=\"1500\" \/>\n\t<meta property=\"og:image:type\" content=\"image\/jpeg\" \/>\n<meta name=\"twitter:card\" content=\"summary_large_image\" \/>\n<meta name=\"twitter:label1\" content=\"Tiempo de lectura\" \/>\n\t<meta name=\"twitter:data1\" content=\"3 minutos\" \/>\n<script type=\"application\/ld+json\" class=\"yoast-schema-graph\">{\"@context\":\"https:\\\/\\\/schema.org\",\"@graph\":[{\"@type\":\"WebPage\",\"@id\":\"https:\\\/\\\/poliparts.net\\\/es\\\/producto\\\/regolatore-tensione-moto-honda-sh125-150-cbf-cb-hornet-piaggio-malaguti\\\/\",\"url\":\"https:\\\/\\\/poliparts.net\\\/es\\\/producto\\\/regolatore-tensione-moto-honda-sh125-150-cbf-cb-hornet-piaggio-malaguti\\\/\",\"name\":\"Regolatore di Tensione Moto Honda SH, CBF, Hornet, Piaggio\",\"isPartOf\":{\"@id\":\"https:\\\/\\\/poliparts.net\\\/es\\\/#website\"},\"primaryImageOfPage\":{\"@id\":\"https:\\\/\\\/poliparts.net\\\/es\\\/producto\\\/regolatore-tensione-moto-honda-sh125-150-cbf-cb-hornet-piaggio-malaguti\\\/#primaryimage\"},\"image\":{\"@id\":\"https:\\\/\\\/poliparts.net\\\/es\\\/producto\\\/regolatore-tensione-moto-honda-sh125-150-cbf-cb-hornet-piaggio-malaguti\\\/#primaryimage\"},\"thumbnailUrl\":\"https:\\\/\\\/poliparts.net\\\/wp-content\\\/uploads\\\/2025\\\/09\\\/Regolatore-di-Tensione-Moto-per-Honda-SH-125-150-CBF-500-600-CB-600-Hornet-Malaguti-Piaggio-Liberty-\u2013-Ricambio-Elettrico-di-Qualita-1.avif\",\"datePublished\":\"2025-09-12T13:20:32+00:00\",\"dateModified\":\"2025-09-12T19:15:32+00:00\",\"description\":\"Acquista regolatore di tensione moto compatibile con Honda SH 125 150, CBF 500 600, Hornet, Piaggio e Malaguti. Ricambio elettrico affidabile e durevole.\",\"breadcrumb\":{\"@id\":\"https:\\\/\\\/poliparts.net\\\/es\\\/producto\\\/regolatore-tensione-moto-honda-sh125-150-cbf-cb-hornet-piaggio-malaguti\\\/#breadcrumb\"},\"inLanguage\":\"es\",\"potentialAction\":[{\"@type\":\"ReadAction\",\"target\":[\"https:\\\/\\\/poliparts.net\\\/es\\\/producto\\\/regolatore-tensione-moto-honda-sh125-150-cbf-cb-hornet-piaggio-malaguti\\\/\"]}]},{\"@type\":\"ImageObject\",\"inLanguage\":\"es\",\"@id\":\"https:\\\/\\\/poliparts.net\\\/es\\\/producto\\\/regolatore-tensione-moto-honda-sh125-150-cbf-cb-hornet-piaggio-malaguti\\\/#primaryimage\",\"url\":\"https:\\\/\\\/poliparts.net\\\/wp-content\\\/uploads\\\/2025\\\/09\\\/Regolatore-di-Tensione-Moto-per-Honda-SH-125-150-CBF-500-600-CB-600-Hornet-Malaguti-Piaggio-Liberty-\u2013-Ricambio-Elettrico-di-Qualita-1.avif\",\"contentUrl\":\"https:\\\/\\\/poliparts.net\\\/wp-content\\\/uploads\\\/2025\\\/09\\\/Regolatore-di-Tensione-Moto-per-Honda-SH-125-150-CBF-500-600-CB-600-Hornet-Malaguti-Piaggio-Liberty-\u2013-Ricambio-Elettrico-di-Qualita-1.avif\",\"width\":1500,\"height\":1500,\"caption\":\"Regolatore di tensione per moto Honda, Piaggio e Malaguti \u2013 ricambio elettrico affidabile e facile da installare.\"},{\"@type\":\"BreadcrumbList\",\"@id\":\"https:\\\/\\\/poliparts.net\\\/es\\\/producto\\\/regolatore-tensione-moto-honda-sh125-150-cbf-cb-hornet-piaggio-malaguti\\\/#breadcrumb\",\"itemListElement\":[{\"@type\":\"ListItem\",\"position\":1,\"name\":\"Home\",\"item\":\"https:\\\/\\\/poliparts.net\\\/es\\\/home\\\/\"},{\"@type\":\"ListItem\",\"position\":2,\"name\":\"Tienda\",\"item\":\"https:\\\/\\\/poliparts.net\\\/es\\\/shop\\\/\"},{\"@type\":\"ListItem\",\"position\":3,\"name\":\"Regolatore di Tensione Moto per Honda SH 125 150, CBF 500 600, CB 600 Hornet, Malaguti, Piaggio Liberty \u2013 Ricambio Elettrico di Qualit\u00e0\"}]},{\"@type\":\"WebSite\",\"@id\":\"https:\\\/\\\/poliparts.net\\\/es\\\/#website\",\"url\":\"https:\\\/\\\/poliparts.net\\\/es\\\/\",\"name\":\"Poliparts.net\",\"description\":\"Accessori e Ricambi Moto Scooter:  Diretto Fabbrica, Qualit\u00e0 Top, Prezzi migliori\",\"publisher\":{\"@id\":\"https:\\\/\\\/poliparts.net\\\/es\\\/#organization\"},\"potentialAction\":[{\"@type\":\"SearchAction\",\"target\":{\"@type\":\"EntryPoint\",\"urlTemplate\":\"https:\\\/\\\/poliparts.net\\\/es\\\/?s={search_term_string}\"},\"query-input\":{\"@type\":\"PropertyValueSpecification\",\"valueRequired\":true,\"valueName\":\"search_term_string\"}}],\"inLanguage\":\"es\"},{\"@type\":\"Organization\",\"@id\":\"https:\\\/\\\/poliparts.net\\\/es\\\/#organization\",\"name\":\"Poliparts.net\",\"url\":\"https:\\\/\\\/poliparts.net\\\/es\\\/\",\"logo\":{\"@type\":\"ImageObject\",\"inLanguage\":\"es\",\"@id\":\"https:\\\/\\\/poliparts.net\\\/es\\\/#\\\/schema\\\/logo\\\/image\\\/\",\"url\":\"https:\\\/\\\/poliparts.net\\\/wp-content\\\/uploads\\\/2025\\\/05\\\/POLIPARTS-1000.png\",\"contentUrl\":\"https:\\\/\\\/poliparts.net\\\/wp-content\\\/uploads\\\/2025\\\/05\\\/POLIPARTS-1000.png\",\"width\":1000,\"height\":274,\"caption\":\"Poliparts.net\"},\"image\":{\"@id\":\"https:\\\/\\\/poliparts.net\\\/es\\\/#\\\/schema\\\/logo\\\/image\\\/\"}}]}<\/script>\n<!-- \/ Yoast SEO plugin. -->","yoast_head_json":{"title":"Regolatore di Tensione Moto Honda SH, CBF, Hornet, Piaggio","description":"Acquista regolatore di tensione moto compatibile con Honda SH 125 150, CBF 500 600, Hornet, Piaggio e Malaguti. Ricambio elettrico affidabile e durevole.","robots":{"index":"index","follow":"follow","max-snippet":"max-snippet:-1","max-image-preview":"max-image-preview:large","max-video-preview":"max-video-preview:-1"},"canonical":"https:\/\/poliparts.net\/es\/producto\/regolatore-tensione-moto-honda-sh125-150-cbf-cb-hornet-piaggio-malaguti\/","og_locale":"es_ES","og_type":"article","og_title":"Regolatore di Tensione Moto Honda SH, CBF, Hornet, Piaggio","og_description":"Acquista regolatore di tensione moto compatibile con Honda SH 125 150, CBF 500 600, Hornet, Piaggio e Malaguti. Ricambio elettrico affidabile e durevole.","og_url":"https:\/\/poliparts.net\/es\/producto\/regolatore-tensione-moto-honda-sh125-150-cbf-cb-hornet-piaggio-malaguti\/","og_site_name":"Poliparts.net","article_modified_time":"2025-09-12T19:15:32+00:00","og_image":[{"width":1500,"height":1500,"url":"https:\/\/poliparts.net\/wp-content\/uploads\/2025\/09\/Regolatore-di-Tensione-Moto-per-Honda-SH-125-150-CBF-500-600-CB-600-Hornet-Malaguti-Piaggio-Liberty-\u2013-Ricambio-Elettrico-di-Qualita-1.avif","type":"image\/jpeg"}],"twitter_card":"summary_large_image","twitter_misc":{"Tiempo de lectura":"3 minutos"},"schema":{"@context":"https:\/\/schema.org","@graph":[{"@type":"WebPage","@id":"https:\/\/poliparts.net\/es\/producto\/regolatore-tensione-moto-honda-sh125-150-cbf-cb-hornet-piaggio-malaguti\/","url":"https:\/\/poliparts.net\/es\/producto\/regolatore-tensione-moto-honda-sh125-150-cbf-cb-hornet-piaggio-malaguti\/","name":"Regolatore di Tensione Moto Honda SH, CBF, Hornet, Piaggio","isPartOf":{"@id":"https:\/\/poliparts.net\/es\/#website"},"primaryImageOfPage":{"@id":"https:\/\/poliparts.net\/es\/producto\/regolatore-tensione-moto-honda-sh125-150-cbf-cb-hornet-piaggio-malaguti\/#primaryimage"},"image":{"@id":"https:\/\/poliparts.net\/es\/producto\/regolatore-tensione-moto-honda-sh125-150-cbf-cb-hornet-piaggio-malaguti\/#primaryimage"},"thumbnailUrl":"https:\/\/poliparts.net\/wp-content\/uploads\/2025\/09\/Regolatore-di-Tensione-Moto-per-Honda-SH-125-150-CBF-500-600-CB-600-Hornet-Malaguti-Piaggio-Liberty-\u2013-Ricambio-Elettrico-di-Qualita-1.avif","datePublished":"2025-09-12T13:20:32+00:00","dateModified":"2025-09-12T19:15:32+00:00","description":"Acquista regolatore di tensione moto compatibile con Honda SH 125 150, CBF 500 600, Hornet, Piaggio e Malaguti. Ricambio elettrico affidabile e durevole.","breadcrumb":{"@id":"https:\/\/poliparts.net\/es\/producto\/regolatore-tensione-moto-honda-sh125-150-cbf-cb-hornet-piaggio-malaguti\/#breadcrumb"},"inLanguage":"es","potentialAction":[{"@type":"ReadAction","target":["https:\/\/poliparts.net\/es\/producto\/regolatore-tensione-moto-honda-sh125-150-cbf-cb-hornet-piaggio-malaguti\/"]}]},{"@type":"ImageObject","inLanguage":"es","@id":"https:\/\/poliparts.net\/es\/producto\/regolatore-tensione-moto-honda-sh125-150-cbf-cb-hornet-piaggio-malaguti\/#primaryimage","url":"https:\/\/poliparts.net\/wp-content\/uploads\/2025\/09\/Regolatore-di-Tensione-Moto-per-Honda-SH-125-150-CBF-500-600-CB-600-Hornet-Malaguti-Piaggio-Liberty-\u2013-Ricambio-Elettrico-di-Qualita-1.avif","contentUrl":"https:\/\/poliparts.net\/wp-content\/uploads\/2025\/09\/Regolatore-di-Tensione-Moto-per-Honda-SH-125-150-CBF-500-600-CB-600-Hornet-Malaguti-Piaggio-Liberty-\u2013-Ricambio-Elettrico-di-Qualita-1.avif","width":1500,"height":1500,"caption":"Regolatore di tensione per moto Honda, Piaggio e Malaguti \u2013 ricambio elettrico affidabile e facile da installare."},{"@type":"BreadcrumbList","@id":"https:\/\/poliparts.net\/es\/producto\/regolatore-tensione-moto-honda-sh125-150-cbf-cb-hornet-piaggio-malaguti\/#breadcrumb","itemListElement":[{"@type":"ListItem","position":1,"name":"Home","item":"https:\/\/poliparts.net\/es\/home\/"},{"@type":"ListItem","position":2,"name":"Tienda","item":"https:\/\/poliparts.net\/es\/shop\/"},{"@type":"ListItem","position":3,"name":"Regolatore di Tensione Moto per Honda SH 125 150, CBF 500 600, CB 600 Hornet, Malaguti, Piaggio Liberty \u2013 Ricambio Elettrico di Qualit\u00e0"}]},{"@type":"WebSite","@id":"https:\/\/poliparts.net\/es\/#website","url":"https:\/\/poliparts.net\/es\/","name":"Poliparts.net","description":"Accessori e Ricambi Moto Scooter:  Diretto Fabbrica, Qualit\u00e0 Top, Prezzi migliori","publisher":{"@id":"https:\/\/poliparts.net\/es\/#organization"},"potentialAction":[{"@type":"SearchAction","target":{"@type":"EntryPoint","urlTemplate":"https:\/\/poliparts.net\/es\/?s={search_term_string}"},"query-input":{"@type":"PropertyValueSpecification","valueRequired":true,"valueName":"search_term_string"}}],"inLanguage":"es"},{"@type":"Organization","@id":"https:\/\/poliparts.net\/es\/#organization","name":"Poliparts.net","url":"https:\/\/poliparts.net\/es\/","logo":{"@type":"ImageObject","inLanguage":"es","@id":"https:\/\/poliparts.net\/es\/#\/schema\/logo\/image\/","url":"https:\/\/poliparts.net\/wp-content\/uploads\/2025\/05\/POLIPARTS-1000.png","contentUrl":"https:\/\/poliparts.net\/wp-content\/uploads\/2025\/05\/POLIPARTS-1000.png","width":1000,"height":274,"caption":"Poliparts.net"},"image":{"@id":"https:\/\/poliparts.net\/es\/#\/schema\/logo\/image\/"}}]}},"_links":{"self":[{"href":"https:\/\/poliparts.net\/es\/wp-json\/wp\/v2\/product\/31618","targetHints":{"allow":["GET"]}}],"collection":[{"href":"https:\/\/poliparts.net\/es\/wp-json\/wp\/v2\/product"}],"about":[{"href":"https:\/\/poliparts.net\/es\/wp-json\/wp\/v2\/types\/product"}],"replies":[{"embeddable":true,"href":"https:\/\/poliparts.net\/es\/wp-json\/wp\/v2\/comments?post=31618"}],"version-history":[{"count":1,"href":"https:\/\/poliparts.net\/es\/wp-json\/wp\/v2\/product\/31618\/revisions"}],"predecessor-version":[{"id":31643,"href":"https:\/\/poliparts.net\/es\/wp-json\/wp\/v2\/product\/31618\/revisions\/31643"}],"wp:featuredmedia":[{"embeddable":true,"href":"https:\/\/poliparts.net\/es\/wp-json\/wp\/v2\/media\/31619"}],"wp:attachment":[{"href":"https:\/\/poliparts.net\/es\/wp-json\/wp\/v2\/media?parent=31618"}],"wp:term":[{"taxonomy":"product_brand","embeddable":true,"href":"https:\/\/poliparts.net\/es\/wp-json\/wp\/v2\/product_brand?post=31618"},{"taxonomy":"product_cat","embeddable":true,"href":"https:\/\/poliparts.net\/es\/wp-json\/wp\/v2\/product_cat?post=31618"},{"taxonomy":"product_tag","embeddable":true,"href":"https:\/\/poliparts.net\/es\/wp-json\/wp\/v2\/product_tag?post=31618"}],"curies":[{"name":"wp","href":"https:\/\/api.w.org\/{rel}","templated":true}]}}