{"id":31609,"date":"2025-09-09T21:53:46","date_gmt":"2025-09-09T19:53:46","guid":{"rendered":"https:\/\/poliparts.net\/product\/par-de-espejos-retrovisores-universales-ajustables-e-inclinables-para-motocicleta-y-scooter-con-kit-adaptador-negro\/"},"modified":"2025-09-09T21:53:46","modified_gmt":"2025-09-09T19:53:46","slug":"par-de-espejos-retrovisores-universales-ajustables-e-inclinables-para-motocicleta-y-scooter-con-kit-adaptador-negro","status":"publish","type":"product","link":"https:\/\/poliparts.net\/es\/producto\/par-de-espejos-retrovisores-universales-ajustables-e-inclinables-para-motocicleta-y-scooter-con-kit-adaptador-negro\/","title":{"rendered":"Par de espejos retrovisores universales ajustables e inclinables para motocicleta y scooter con kit adaptador (negro)"},"content":{"rendered":"<p><strong>Caracter\u00edsticas del producto:<\/strong><\/p>\n<ol>\n<li>Cada espejo incluye 4 adaptadores con roscas de:<br \/>\n&#8211; M10 x 1,25 R,<br \/>\n&#8211; M10 x 1,25 L,<br \/>\n&#8211; M8 x 1,25 R,<br \/>\n&#8211; M8 x 1,25 L.<br \/>\n(8 adaptadores por par)<\/li>\n<li>Articulaci\u00f3n regulable, brazo perforado y articulado, fijaci\u00f3n al manillar.<\/li>\n<li>La superficie de cada espejo es de aproximadamente 155 x 88 mm. Saliente total desde el punto de fijaci\u00f3n: 260 mm. Altura: 180 mm.<\/li>\n<li>Dise\u00f1o esencial y elegante, sustituyen a los retrovisores originales.<\/li>\n<li>Estos espejos ofrecen una visi\u00f3n n\u00edtida, gracias a sus estudiadas proporciones, a la articulaci\u00f3n que permite orientarlos 25 grados tanto arriba\/abajo como dentro\/fuera, y a la propiedad de amortiguar notablemente las vibraciones transmitidas por el manillar.<\/li>\n<li>Adem\u00e1s del factor fundamental de seguridad, la caracter\u00edstica de estos espejos es que se adaptan perfectamente a cualquier tipo de moto y scooter, desde la naked hasta la enduro, desde la tourer hasta la motard.<\/li>\n<\/ol>\n<p>&nbsp;<\/p>\n<p><strong>ATENCI\u00d3N:<\/strong><\/p>\n<p>ANTES de confirmar la compra, recomendamos comprobar que el tipo de rosca de AMBOS espejos originales de su motocicleta tenga un paso de 1,25.<\/p>\n","protected":false},"excerpt":{"rendered":"<p>HOMOLOGADO: los retrovisores est\u00e1n homologados E9, cumpliendo con la normativa de seguridad europea.<\/p>\n<p>ADAPTADORES: Cada espejo incluye 4 tipos de adaptadores con roscas de M10 x 1,25 Derecha, M10 x 1,25 Izquierda, M8 x 1,25 Derecha, M8 x 1,25 Izquierda respectivamente.<\/p>\n<p>VISI\u00d3N CLARA: gracias a las estudiadas proporciones, a la articulaci\u00f3n que permite orientarlos 25 grados tanto arriba\/abajo como dentro\/fuera y a la propiedad de amortiguar significativamente las vibraciones transmitidas por el manillar.<\/p>\n<p>PREMIUM: Fabricados con materiales de primera calidad. Dise\u00f1o sencillo y elegante, sustituyen a los retrovisores originales. Articulaci\u00f3n ajustable, brazo articulado perforado, montaje en manillar.  <\/p>\n<p>UNIVERSAL: adem\u00e1s del factor fundamental de seguridad, la caracter\u00edstica de estos espejos es que van perfectamente con cualquier tipo de moto y scooter, desde la naked hasta la enduro, desde la tourer hasta la motard.<\/p>\n","protected":false},"featured_media":31590,"comment_status":"open","ping_status":"closed","template":"","meta":[],"product_brand":[190,193,181,218,154,220,217,222,221,219,73],"product_cat":[1311],"product_tag":[1312,1314,860,1313],"class_list":{"0":"post-31609","1":"product","2":"type-product","3":"status-publish","4":"has-post-thumbnail","6":"product_brand-aprilia","7":"product_brand-benelli","8":"product_brand-bmw","9":"product_brand-harley-davidson","10":"product_brand-honda","11":"product_brand-kawasaki","12":"product_brand-ktm","13":"product_brand-piaggio","14":"product_brand-suzuki","15":"product_brand-triumph","16":"product_brand-yamaha","17":"product_cat-espejos-retrovisores","18":"product_tag-77208996-es","19":"product_tag-aprobado","20":"product_tag-e-mark-es","21":"product_tag-espejos-retrovisores","23":"first","24":"instock","25":"sale","26":"shipping-taxable","27":"purchasable","28":"product-type-variable","29":"has-default-attributes"},"yoast_head":"<!-- This site is optimized with the Yoast SEO plugin v27.3 - https:\/\/yoast.com\/product\/yoast-seo-wordpress\/ -->\n<title>Espejos universales ajustables e inclinables para motocicleta y scooter con adaptadores<\/title>\n<meta name=\"description\" content=\"Par de espejos negros universales para motocicletas y scooters, ajustables e inclinables para una visibilidad \u00f3ptima. Incluye kit adaptador para una f\u00e1cil instalaci\u00f3n y compatibilidad con m\u00faltiples modelos. Estilo, seguridad y practicidad en un solo accesorio.\" \/>\n<meta name=\"robots\" content=\"index, follow, max-snippet:-1, max-image-preview:large, max-video-preview:-1\" \/>\n<link rel=\"canonical\" href=\"https:\/\/poliparts.net\/es\/producto\/par-de-espejos-retrovisores-universales-ajustables-e-inclinables-para-motocicleta-y-scooter-con-kit-adaptador-negro\/\" \/>\n<meta property=\"og:locale\" content=\"es_ES\" \/>\n<meta property=\"og:type\" content=\"article\" \/>\n<meta property=\"og:title\" content=\"Espejos universales ajustables e inclinables para motocicleta y scooter con adaptadores\" \/>\n<meta property=\"og:description\" content=\"Par de espejos negros universales para motocicletas y scooters, ajustables e inclinables para una visibilidad \u00f3ptima. Incluye kit adaptador para una f\u00e1cil instalaci\u00f3n y compatibilidad con m\u00faltiples modelos. Estilo, seguridad y practicidad en un solo accesorio.\" \/>\n<meta property=\"og:url\" content=\"https:\/\/poliparts.net\/es\/producto\/par-de-espejos-retrovisores-universales-ajustables-e-inclinables-para-motocicleta-y-scooter-con-kit-adaptador-negro\/\" \/>\n<meta property=\"og:site_name\" content=\"Poliparts.net\" \/>\n<meta property=\"og:image\" content=\"https:\/\/poliparts.net\/wp-content\/uploads\/2025\/09\/specchietti-moto-scooter-universali-regolabili-inclinabili-con-adattatori-10.jpg\" \/>\n\t<meta property=\"og:image:width\" content=\"1500\" \/>\n\t<meta property=\"og:image:height\" content=\"1500\" \/>\n\t<meta property=\"og:image:type\" content=\"image\/jpeg\" \/>\n<meta name=\"twitter:card\" content=\"summary_large_image\" \/>\n<meta name=\"twitter:label1\" content=\"Tiempo de lectura\" \/>\n\t<meta name=\"twitter:data1\" content=\"1 minuto\" \/>\n<script type=\"application\/ld+json\" class=\"yoast-schema-graph\">{\"@context\":\"https:\\\/\\\/schema.org\",\"@graph\":[{\"@type\":\"WebPage\",\"@id\":\"https:\\\/\\\/poliparts.net\\\/es\\\/producto\\\/par-de-espejos-retrovisores-universales-ajustables-e-inclinables-para-motocicleta-y-scooter-con-kit-adaptador-negro\\\/\",\"url\":\"https:\\\/\\\/poliparts.net\\\/es\\\/producto\\\/par-de-espejos-retrovisores-universales-ajustables-e-inclinables-para-motocicleta-y-scooter-con-kit-adaptador-negro\\\/\",\"name\":\"Espejos universales ajustables e inclinables para motocicleta y scooter con adaptadores\",\"isPartOf\":{\"@id\":\"https:\\\/\\\/poliparts.net\\\/es\\\/#website\"},\"primaryImageOfPage\":{\"@id\":\"https:\\\/\\\/poliparts.net\\\/es\\\/producto\\\/par-de-espejos-retrovisores-universales-ajustables-e-inclinables-para-motocicleta-y-scooter-con-kit-adaptador-negro\\\/#primaryimage\"},\"image\":{\"@id\":\"https:\\\/\\\/poliparts.net\\\/es\\\/producto\\\/par-de-espejos-retrovisores-universales-ajustables-e-inclinables-para-motocicleta-y-scooter-con-kit-adaptador-negro\\\/#primaryimage\"},\"thumbnailUrl\":\"https:\\\/\\\/poliparts.net\\\/wp-content\\\/uploads\\\/2025\\\/09\\\/specchietti-moto-scooter-universali-regolabili-inclinabili-con-adattatori-10.jpg\",\"datePublished\":\"2025-09-09T19:53:46+00:00\",\"description\":\"Par de espejos negros universales para motocicletas y scooters, ajustables e inclinables para una visibilidad \u00f3ptima. Incluye kit adaptador para una f\u00e1cil instalaci\u00f3n y compatibilidad con m\u00faltiples modelos. Estilo, seguridad y practicidad en un solo accesorio.\",\"breadcrumb\":{\"@id\":\"https:\\\/\\\/poliparts.net\\\/es\\\/producto\\\/par-de-espejos-retrovisores-universales-ajustables-e-inclinables-para-motocicleta-y-scooter-con-kit-adaptador-negro\\\/#breadcrumb\"},\"inLanguage\":\"es\",\"potentialAction\":[{\"@type\":\"ReadAction\",\"target\":[\"https:\\\/\\\/poliparts.net\\\/es\\\/producto\\\/par-de-espejos-retrovisores-universales-ajustables-e-inclinables-para-motocicleta-y-scooter-con-kit-adaptador-negro\\\/\"]}]},{\"@type\":\"ImageObject\",\"inLanguage\":\"es\",\"@id\":\"https:\\\/\\\/poliparts.net\\\/es\\\/producto\\\/par-de-espejos-retrovisores-universales-ajustables-e-inclinables-para-motocicleta-y-scooter-con-kit-adaptador-negro\\\/#primaryimage\",\"url\":\"https:\\\/\\\/poliparts.net\\\/wp-content\\\/uploads\\\/2025\\\/09\\\/specchietti-moto-scooter-universali-regolabili-inclinabili-con-adattatori-10.jpg\",\"contentUrl\":\"https:\\\/\\\/poliparts.net\\\/wp-content\\\/uploads\\\/2025\\\/09\\\/specchietti-moto-scooter-universali-regolabili-inclinabili-con-adattatori-10.jpg\",\"width\":1500,\"height\":1500,\"caption\":\"Eleganti e funzionali: specchietti universali neri per moto e scooter, con regolazione dell\u2019inclinazione e adattatori inclusi per un montaggio semplice.\"},{\"@type\":\"BreadcrumbList\",\"@id\":\"https:\\\/\\\/poliparts.net\\\/es\\\/producto\\\/par-de-espejos-retrovisores-universales-ajustables-e-inclinables-para-motocicleta-y-scooter-con-kit-adaptador-negro\\\/#breadcrumb\",\"itemListElement\":[{\"@type\":\"ListItem\",\"position\":1,\"name\":\"Home\",\"item\":\"https:\\\/\\\/poliparts.net\\\/es\\\/home\\\/\"},{\"@type\":\"ListItem\",\"position\":2,\"name\":\"Tienda\",\"item\":\"https:\\\/\\\/poliparts.net\\\/es\\\/shop\\\/\"},{\"@type\":\"ListItem\",\"position\":3,\"name\":\"Par de espejos retrovisores universales ajustables e inclinables para motocicleta y scooter con kit adaptador (negro)\"}]},{\"@type\":\"WebSite\",\"@id\":\"https:\\\/\\\/poliparts.net\\\/es\\\/#website\",\"url\":\"https:\\\/\\\/poliparts.net\\\/es\\\/\",\"name\":\"Poliparts.net\",\"description\":\"Accessori e Ricambi Moto Scooter:  Diretto Fabbrica, Qualit\u00e0 Top, Prezzi migliori\",\"publisher\":{\"@id\":\"https:\\\/\\\/poliparts.net\\\/es\\\/#organization\"},\"potentialAction\":[{\"@type\":\"SearchAction\",\"target\":{\"@type\":\"EntryPoint\",\"urlTemplate\":\"https:\\\/\\\/poliparts.net\\\/es\\\/?s={search_term_string}\"},\"query-input\":{\"@type\":\"PropertyValueSpecification\",\"valueRequired\":true,\"valueName\":\"search_term_string\"}}],\"inLanguage\":\"es\"},{\"@type\":\"Organization\",\"@id\":\"https:\\\/\\\/poliparts.net\\\/es\\\/#organization\",\"name\":\"Poliparts.net\",\"url\":\"https:\\\/\\\/poliparts.net\\\/es\\\/\",\"logo\":{\"@type\":\"ImageObject\",\"inLanguage\":\"es\",\"@id\":\"https:\\\/\\\/poliparts.net\\\/es\\\/#\\\/schema\\\/logo\\\/image\\\/\",\"url\":\"https:\\\/\\\/poliparts.net\\\/wp-content\\\/uploads\\\/2025\\\/05\\\/POLIPARTS-1000.png\",\"contentUrl\":\"https:\\\/\\\/poliparts.net\\\/wp-content\\\/uploads\\\/2025\\\/05\\\/POLIPARTS-1000.png\",\"width\":1000,\"height\":274,\"caption\":\"Poliparts.net\"},\"image\":{\"@id\":\"https:\\\/\\\/poliparts.net\\\/es\\\/#\\\/schema\\\/logo\\\/image\\\/\"}}]}<\/script>\n<!-- \/ Yoast SEO plugin. -->","yoast_head_json":{"title":"Espejos universales ajustables e inclinables para motocicleta y scooter con adaptadores","description":"Par de espejos negros universales para motocicletas y scooters, ajustables e inclinables para una visibilidad \u00f3ptima. Incluye kit adaptador para una f\u00e1cil instalaci\u00f3n y compatibilidad con m\u00faltiples modelos. Estilo, seguridad y practicidad en un solo accesorio.","robots":{"index":"index","follow":"follow","max-snippet":"max-snippet:-1","max-image-preview":"max-image-preview:large","max-video-preview":"max-video-preview:-1"},"canonical":"https:\/\/poliparts.net\/es\/producto\/par-de-espejos-retrovisores-universales-ajustables-e-inclinables-para-motocicleta-y-scooter-con-kit-adaptador-negro\/","og_locale":"es_ES","og_type":"article","og_title":"Espejos universales ajustables e inclinables para motocicleta y scooter con adaptadores","og_description":"Par de espejos negros universales para motocicletas y scooters, ajustables e inclinables para una visibilidad \u00f3ptima. Incluye kit adaptador para una f\u00e1cil instalaci\u00f3n y compatibilidad con m\u00faltiples modelos. Estilo, seguridad y practicidad en un solo accesorio.","og_url":"https:\/\/poliparts.net\/es\/producto\/par-de-espejos-retrovisores-universales-ajustables-e-inclinables-para-motocicleta-y-scooter-con-kit-adaptador-negro\/","og_site_name":"Poliparts.net","og_image":[{"width":1500,"height":1500,"url":"https:\/\/poliparts.net\/wp-content\/uploads\/2025\/09\/specchietti-moto-scooter-universali-regolabili-inclinabili-con-adattatori-10.jpg","type":"image\/jpeg"}],"twitter_card":"summary_large_image","twitter_misc":{"Tiempo de lectura":"1 minuto"},"schema":{"@context":"https:\/\/schema.org","@graph":[{"@type":"WebPage","@id":"https:\/\/poliparts.net\/es\/producto\/par-de-espejos-retrovisores-universales-ajustables-e-inclinables-para-motocicleta-y-scooter-con-kit-adaptador-negro\/","url":"https:\/\/poliparts.net\/es\/producto\/par-de-espejos-retrovisores-universales-ajustables-e-inclinables-para-motocicleta-y-scooter-con-kit-adaptador-negro\/","name":"Espejos universales ajustables e inclinables para motocicleta y scooter con adaptadores","isPartOf":{"@id":"https:\/\/poliparts.net\/es\/#website"},"primaryImageOfPage":{"@id":"https:\/\/poliparts.net\/es\/producto\/par-de-espejos-retrovisores-universales-ajustables-e-inclinables-para-motocicleta-y-scooter-con-kit-adaptador-negro\/#primaryimage"},"image":{"@id":"https:\/\/poliparts.net\/es\/producto\/par-de-espejos-retrovisores-universales-ajustables-e-inclinables-para-motocicleta-y-scooter-con-kit-adaptador-negro\/#primaryimage"},"thumbnailUrl":"https:\/\/poliparts.net\/wp-content\/uploads\/2025\/09\/specchietti-moto-scooter-universali-regolabili-inclinabili-con-adattatori-10.jpg","datePublished":"2025-09-09T19:53:46+00:00","description":"Par de espejos negros universales para motocicletas y scooters, ajustables e inclinables para una visibilidad \u00f3ptima. Incluye kit adaptador para una f\u00e1cil instalaci\u00f3n y compatibilidad con m\u00faltiples modelos. Estilo, seguridad y practicidad en un solo accesorio.","breadcrumb":{"@id":"https:\/\/poliparts.net\/es\/producto\/par-de-espejos-retrovisores-universales-ajustables-e-inclinables-para-motocicleta-y-scooter-con-kit-adaptador-negro\/#breadcrumb"},"inLanguage":"es","potentialAction":[{"@type":"ReadAction","target":["https:\/\/poliparts.net\/es\/producto\/par-de-espejos-retrovisores-universales-ajustables-e-inclinables-para-motocicleta-y-scooter-con-kit-adaptador-negro\/"]}]},{"@type":"ImageObject","inLanguage":"es","@id":"https:\/\/poliparts.net\/es\/producto\/par-de-espejos-retrovisores-universales-ajustables-e-inclinables-para-motocicleta-y-scooter-con-kit-adaptador-negro\/#primaryimage","url":"https:\/\/poliparts.net\/wp-content\/uploads\/2025\/09\/specchietti-moto-scooter-universali-regolabili-inclinabili-con-adattatori-10.jpg","contentUrl":"https:\/\/poliparts.net\/wp-content\/uploads\/2025\/09\/specchietti-moto-scooter-universali-regolabili-inclinabili-con-adattatori-10.jpg","width":1500,"height":1500,"caption":"Eleganti e funzionali: specchietti universali neri per moto e scooter, con regolazione dell\u2019inclinazione e adattatori inclusi per un montaggio semplice."},{"@type":"BreadcrumbList","@id":"https:\/\/poliparts.net\/es\/producto\/par-de-espejos-retrovisores-universales-ajustables-e-inclinables-para-motocicleta-y-scooter-con-kit-adaptador-negro\/#breadcrumb","itemListElement":[{"@type":"ListItem","position":1,"name":"Home","item":"https:\/\/poliparts.net\/es\/home\/"},{"@type":"ListItem","position":2,"name":"Tienda","item":"https:\/\/poliparts.net\/es\/shop\/"},{"@type":"ListItem","position":3,"name":"Par de espejos retrovisores universales ajustables e inclinables para motocicleta y scooter con kit adaptador (negro)"}]},{"@type":"WebSite","@id":"https:\/\/poliparts.net\/es\/#website","url":"https:\/\/poliparts.net\/es\/","name":"Poliparts.net","description":"Accessori e Ricambi Moto Scooter:  Diretto Fabbrica, Qualit\u00e0 Top, Prezzi migliori","publisher":{"@id":"https:\/\/poliparts.net\/es\/#organization"},"potentialAction":[{"@type":"SearchAction","target":{"@type":"EntryPoint","urlTemplate":"https:\/\/poliparts.net\/es\/?s={search_term_string}"},"query-input":{"@type":"PropertyValueSpecification","valueRequired":true,"valueName":"search_term_string"}}],"inLanguage":"es"},{"@type":"Organization","@id":"https:\/\/poliparts.net\/es\/#organization","name":"Poliparts.net","url":"https:\/\/poliparts.net\/es\/","logo":{"@type":"ImageObject","inLanguage":"es","@id":"https:\/\/poliparts.net\/es\/#\/schema\/logo\/image\/","url":"https:\/\/poliparts.net\/wp-content\/uploads\/2025\/05\/POLIPARTS-1000.png","contentUrl":"https:\/\/poliparts.net\/wp-content\/uploads\/2025\/05\/POLIPARTS-1000.png","width":1000,"height":274,"caption":"Poliparts.net"},"image":{"@id":"https:\/\/poliparts.net\/es\/#\/schema\/logo\/image\/"}}]}},"_links":{"self":[{"href":"https:\/\/poliparts.net\/es\/wp-json\/wp\/v2\/product\/31609","targetHints":{"allow":["GET"]}}],"collection":[{"href":"https:\/\/poliparts.net\/es\/wp-json\/wp\/v2\/product"}],"about":[{"href":"https:\/\/poliparts.net\/es\/wp-json\/wp\/v2\/types\/product"}],"replies":[{"embeddable":true,"href":"https:\/\/poliparts.net\/es\/wp-json\/wp\/v2\/comments?post=31609"}],"version-history":[{"count":0,"href":"https:\/\/poliparts.net\/es\/wp-json\/wp\/v2\/product\/31609\/revisions"}],"wp:featuredmedia":[{"embeddable":true,"href":"https:\/\/poliparts.net\/es\/wp-json\/wp\/v2\/media\/31590"}],"wp:attachment":[{"href":"https:\/\/poliparts.net\/es\/wp-json\/wp\/v2\/media?parent=31609"}],"wp:term":[{"taxonomy":"product_brand","embeddable":true,"href":"https:\/\/poliparts.net\/es\/wp-json\/wp\/v2\/product_brand?post=31609"},{"taxonomy":"product_cat","embeddable":true,"href":"https:\/\/poliparts.net\/es\/wp-json\/wp\/v2\/product_cat?post=31609"},{"taxonomy":"product_tag","embeddable":true,"href":"https:\/\/poliparts.net\/es\/wp-json\/wp\/v2\/product_tag?post=31609"}],"curies":[{"name":"wp","href":"https:\/\/api.w.org\/{rel}","templated":true}]}}