{"id":31568,"date":"2025-09-03T21:16:14","date_gmt":"2025-09-03T19:16:14","guid":{"rendered":"https:\/\/poliparts.net\/product\/soporte-universal-para-matricula-de-motocicleta-ajustable-inclinable-y-de-aluminio-color-negro\/"},"modified":"2025-09-03T21:16:14","modified_gmt":"2025-09-03T19:16:14","slug":"soporte-universal-para-matricula-de-motocicleta-ajustable-inclinable-y-de-aluminio-color-negro","status":"publish","type":"product","link":"https:\/\/poliparts.net\/es\/producto\/soporte-universal-para-matricula-de-motocicleta-ajustable-inclinable-y-de-aluminio-color-negro\/","title":{"rendered":"Soporte universal para matr\u00edcula de motocicleta, ajustable, inclinable y de aluminio, color negro"},"content":{"rendered":"<p><strong>CARACTER\u00cdSTICAS DEL PRODUCTO:<\/strong><\/p>\n<ul>\n<li>El portamatr\u00edculas POLIPARTS es una gama de productos realizados por profesionales del sector cuidando cada detalle.<\/li>\n<li>El producto est\u00e1 fabricado en aluminio de alta calidad en color negro.<\/li>\n<li>Fabricado con material s\u00f3lido cortado con l\u00e1ser.<\/li>\n<li>Compatible con todos los modelos de motocicletas universales.<\/li>\n<li>F\u00e1cil montaje, inclinable y regulable.<\/li>\n<li>Se adapta f\u00e1cilmente a cualquier paso de rueda, tanto original como de recambio.<\/li>\n<\/ul>\n","protected":false},"excerpt":{"rendered":"<p>\u3010UNIVERSAL\u3011El producto es universal y se adapta a todas las motocicletas. Soporte plano para paso de rueda. <\/p>\n<p>\u3010INCLINABLE\u3011Ajuste de altura, ancho e inclinaci\u00f3n<\/p>\n<p>\u3010AJUSTABLE\u3011Ajuste del recorrido de las direccionales. Iluminaci\u00f3n de matr\u00edcula. <\/p>\n<p>\u3010Material\u3011Aluminio de alta calidad. Cortado a l\u00e1ser a partir de un bloque macizo. <\/p>\n<p>\u3010ELEGANTE\u3011Color negro. Acabado en polvo epoxi. <\/p>\n","protected":false},"featured_media":31547,"comment_status":"open","ping_status":"closed","template":"","meta":[],"product_brand":[190,193,181,218,154,220,217,222,221,219,73],"product_cat":[1289],"product_tag":[1292,1291,1290],"class_list":{"0":"post-31568","1":"product","2":"type-product","3":"status-publish","4":"has-post-thumbnail","6":"product_brand-aprilia","7":"product_brand-benelli","8":"product_brand-bmw","9":"product_brand-harley-davidson","10":"product_brand-honda","11":"product_brand-kawasaki","12":"product_brand-ktm","13":"product_brand-piaggio","14":"product_brand-suzuki","15":"product_brand-triumph","16":"product_brand-yamaha","17":"product_cat-portamatriculas","18":"product_tag-lampa-es","19":"product_tag-luz-de-matricula","20":"product_tag-soporte-de-matricula","22":"first","23":"instock","24":"shipping-taxable","25":"purchasable","26":"product-type-simple"},"yoast_head":"<!-- This site is optimized with the Yoast SEO plugin v27.3 - https:\/\/yoast.com\/product\/yoast-seo-wordpress\/ -->\n<title>Soporte universal para matr\u00edcula de motocicleta en aluminio negro, ajustable e inclinable.<\/title>\n<meta name=\"description\" content=\"Descubra el portamatr\u00edculas universal POLIPARTS de aluminio negro cortado a l\u00e1ser, ajustable en altura, anchura e inclinaci\u00f3n. Compatibilidad universal.\" \/>\n<meta name=\"robots\" content=\"index, follow, max-snippet:-1, max-image-preview:large, max-video-preview:-1\" \/>\n<link rel=\"canonical\" href=\"https:\/\/poliparts.net\/es\/producto\/soporte-universal-para-matricula-de-motocicleta-ajustable-inclinable-y-de-aluminio-color-negro\/\" \/>\n<meta property=\"og:locale\" content=\"es_ES\" \/>\n<meta property=\"og:type\" content=\"article\" \/>\n<meta property=\"og:title\" content=\"Soporte universal para matr\u00edcula de motocicleta en aluminio negro, ajustable e inclinable.\" \/>\n<meta property=\"og:description\" content=\"Descubra el portamatr\u00edculas universal POLIPARTS de aluminio negro cortado a l\u00e1ser, ajustable en altura, anchura e inclinaci\u00f3n. Compatibilidad universal.\" \/>\n<meta property=\"og:url\" content=\"https:\/\/poliparts.net\/es\/producto\/soporte-universal-para-matricula-de-motocicleta-ajustable-inclinable-y-de-aluminio-color-negro\/\" \/>\n<meta property=\"og:site_name\" content=\"Poliparts.net\" \/>\n<meta property=\"og:image\" content=\"https:\/\/poliparts.net\/wp-content\/uploads\/2025\/09\/portatarga-moto-universale.jpg\" \/>\n\t<meta property=\"og:image:width\" content=\"1100\" \/>\n\t<meta property=\"og:image:height\" content=\"1100\" \/>\n\t<meta property=\"og:image:type\" content=\"image\/jpeg\" \/>\n<meta name=\"twitter:card\" content=\"summary_large_image\" \/>\n<script type=\"application\/ld+json\" class=\"yoast-schema-graph\">{\"@context\":\"https:\\\/\\\/schema.org\",\"@graph\":[{\"@type\":\"WebPage\",\"@id\":\"https:\\\/\\\/poliparts.net\\\/es\\\/producto\\\/soporte-universal-para-matricula-de-motocicleta-ajustable-inclinable-y-de-aluminio-color-negro\\\/\",\"url\":\"https:\\\/\\\/poliparts.net\\\/es\\\/producto\\\/soporte-universal-para-matricula-de-motocicleta-ajustable-inclinable-y-de-aluminio-color-negro\\\/\",\"name\":\"Soporte universal para matr\u00edcula de motocicleta en aluminio negro, ajustable e inclinable.\",\"isPartOf\":{\"@id\":\"https:\\\/\\\/poliparts.net\\\/es\\\/#website\"},\"primaryImageOfPage\":{\"@id\":\"https:\\\/\\\/poliparts.net\\\/es\\\/producto\\\/soporte-universal-para-matricula-de-motocicleta-ajustable-inclinable-y-de-aluminio-color-negro\\\/#primaryimage\"},\"image\":{\"@id\":\"https:\\\/\\\/poliparts.net\\\/es\\\/producto\\\/soporte-universal-para-matricula-de-motocicleta-ajustable-inclinable-y-de-aluminio-color-negro\\\/#primaryimage\"},\"thumbnailUrl\":\"https:\\\/\\\/poliparts.net\\\/wp-content\\\/uploads\\\/2025\\\/09\\\/portatarga-moto-universale.jpg\",\"datePublished\":\"2025-09-03T19:16:14+00:00\",\"description\":\"Descubra el portamatr\u00edculas universal POLIPARTS de aluminio negro cortado a l\u00e1ser, ajustable en altura, anchura e inclinaci\u00f3n. Compatibilidad universal.\",\"breadcrumb\":{\"@id\":\"https:\\\/\\\/poliparts.net\\\/es\\\/producto\\\/soporte-universal-para-matricula-de-motocicleta-ajustable-inclinable-y-de-aluminio-color-negro\\\/#breadcrumb\"},\"inLanguage\":\"es\",\"potentialAction\":[{\"@type\":\"ReadAction\",\"target\":[\"https:\\\/\\\/poliparts.net\\\/es\\\/producto\\\/soporte-universal-para-matricula-de-motocicleta-ajustable-inclinable-y-de-aluminio-color-negro\\\/\"]}]},{\"@type\":\"ImageObject\",\"inLanguage\":\"es\",\"@id\":\"https:\\\/\\\/poliparts.net\\\/es\\\/producto\\\/soporte-universal-para-matricula-de-motocicleta-ajustable-inclinable-y-de-aluminio-color-negro\\\/#primaryimage\",\"url\":\"https:\\\/\\\/poliparts.net\\\/wp-content\\\/uploads\\\/2025\\\/09\\\/portatarga-moto-universale.jpg\",\"contentUrl\":\"https:\\\/\\\/poliparts.net\\\/wp-content\\\/uploads\\\/2025\\\/09\\\/portatarga-moto-universale.jpg\",\"width\":1100,\"height\":1100,\"caption\":\"Portatarga in alluminio nero universale per moto, con regolazione di altezza, larghezza e inclinazione \u2013 compatibile con codoni originali e aftermarket.\"},{\"@type\":\"BreadcrumbList\",\"@id\":\"https:\\\/\\\/poliparts.net\\\/es\\\/producto\\\/soporte-universal-para-matricula-de-motocicleta-ajustable-inclinable-y-de-aluminio-color-negro\\\/#breadcrumb\",\"itemListElement\":[{\"@type\":\"ListItem\",\"position\":1,\"name\":\"Home\",\"item\":\"https:\\\/\\\/poliparts.net\\\/es\\\/home\\\/\"},{\"@type\":\"ListItem\",\"position\":2,\"name\":\"Tienda\",\"item\":\"https:\\\/\\\/poliparts.net\\\/es\\\/shop\\\/\"},{\"@type\":\"ListItem\",\"position\":3,\"name\":\"Soporte universal para matr\u00edcula de motocicleta, ajustable, inclinable y de aluminio, color negro\"}]},{\"@type\":\"WebSite\",\"@id\":\"https:\\\/\\\/poliparts.net\\\/es\\\/#website\",\"url\":\"https:\\\/\\\/poliparts.net\\\/es\\\/\",\"name\":\"Poliparts.net\",\"description\":\"Accessori e Ricambi Moto Scooter:  Diretto Fabbrica, Qualit\u00e0 Top, Prezzi migliori\",\"publisher\":{\"@id\":\"https:\\\/\\\/poliparts.net\\\/es\\\/#organization\"},\"potentialAction\":[{\"@type\":\"SearchAction\",\"target\":{\"@type\":\"EntryPoint\",\"urlTemplate\":\"https:\\\/\\\/poliparts.net\\\/es\\\/?s={search_term_string}\"},\"query-input\":{\"@type\":\"PropertyValueSpecification\",\"valueRequired\":true,\"valueName\":\"search_term_string\"}}],\"inLanguage\":\"es\"},{\"@type\":\"Organization\",\"@id\":\"https:\\\/\\\/poliparts.net\\\/es\\\/#organization\",\"name\":\"Poliparts.net\",\"url\":\"https:\\\/\\\/poliparts.net\\\/es\\\/\",\"logo\":{\"@type\":\"ImageObject\",\"inLanguage\":\"es\",\"@id\":\"https:\\\/\\\/poliparts.net\\\/es\\\/#\\\/schema\\\/logo\\\/image\\\/\",\"url\":\"https:\\\/\\\/poliparts.net\\\/wp-content\\\/uploads\\\/2025\\\/05\\\/POLIPARTS-1000.png\",\"contentUrl\":\"https:\\\/\\\/poliparts.net\\\/wp-content\\\/uploads\\\/2025\\\/05\\\/POLIPARTS-1000.png\",\"width\":1000,\"height\":274,\"caption\":\"Poliparts.net\"},\"image\":{\"@id\":\"https:\\\/\\\/poliparts.net\\\/es\\\/#\\\/schema\\\/logo\\\/image\\\/\"}}]}<\/script>\n<!-- \/ Yoast SEO plugin. -->","yoast_head_json":{"title":"Soporte universal para matr\u00edcula de motocicleta en aluminio negro, ajustable e inclinable.","description":"Descubra el portamatr\u00edculas universal POLIPARTS de aluminio negro cortado a l\u00e1ser, ajustable en altura, anchura e inclinaci\u00f3n. Compatibilidad universal.","robots":{"index":"index","follow":"follow","max-snippet":"max-snippet:-1","max-image-preview":"max-image-preview:large","max-video-preview":"max-video-preview:-1"},"canonical":"https:\/\/poliparts.net\/es\/producto\/soporte-universal-para-matricula-de-motocicleta-ajustable-inclinable-y-de-aluminio-color-negro\/","og_locale":"es_ES","og_type":"article","og_title":"Soporte universal para matr\u00edcula de motocicleta en aluminio negro, ajustable e inclinable.","og_description":"Descubra el portamatr\u00edculas universal POLIPARTS de aluminio negro cortado a l\u00e1ser, ajustable en altura, anchura e inclinaci\u00f3n. Compatibilidad universal.","og_url":"https:\/\/poliparts.net\/es\/producto\/soporte-universal-para-matricula-de-motocicleta-ajustable-inclinable-y-de-aluminio-color-negro\/","og_site_name":"Poliparts.net","og_image":[{"width":1100,"height":1100,"url":"https:\/\/poliparts.net\/wp-content\/uploads\/2025\/09\/portatarga-moto-universale.jpg","type":"image\/jpeg"}],"twitter_card":"summary_large_image","schema":{"@context":"https:\/\/schema.org","@graph":[{"@type":"WebPage","@id":"https:\/\/poliparts.net\/es\/producto\/soporte-universal-para-matricula-de-motocicleta-ajustable-inclinable-y-de-aluminio-color-negro\/","url":"https:\/\/poliparts.net\/es\/producto\/soporte-universal-para-matricula-de-motocicleta-ajustable-inclinable-y-de-aluminio-color-negro\/","name":"Soporte universal para matr\u00edcula de motocicleta en aluminio negro, ajustable e inclinable.","isPartOf":{"@id":"https:\/\/poliparts.net\/es\/#website"},"primaryImageOfPage":{"@id":"https:\/\/poliparts.net\/es\/producto\/soporte-universal-para-matricula-de-motocicleta-ajustable-inclinable-y-de-aluminio-color-negro\/#primaryimage"},"image":{"@id":"https:\/\/poliparts.net\/es\/producto\/soporte-universal-para-matricula-de-motocicleta-ajustable-inclinable-y-de-aluminio-color-negro\/#primaryimage"},"thumbnailUrl":"https:\/\/poliparts.net\/wp-content\/uploads\/2025\/09\/portatarga-moto-universale.jpg","datePublished":"2025-09-03T19:16:14+00:00","description":"Descubra el portamatr\u00edculas universal POLIPARTS de aluminio negro cortado a l\u00e1ser, ajustable en altura, anchura e inclinaci\u00f3n. Compatibilidad universal.","breadcrumb":{"@id":"https:\/\/poliparts.net\/es\/producto\/soporte-universal-para-matricula-de-motocicleta-ajustable-inclinable-y-de-aluminio-color-negro\/#breadcrumb"},"inLanguage":"es","potentialAction":[{"@type":"ReadAction","target":["https:\/\/poliparts.net\/es\/producto\/soporte-universal-para-matricula-de-motocicleta-ajustable-inclinable-y-de-aluminio-color-negro\/"]}]},{"@type":"ImageObject","inLanguage":"es","@id":"https:\/\/poliparts.net\/es\/producto\/soporte-universal-para-matricula-de-motocicleta-ajustable-inclinable-y-de-aluminio-color-negro\/#primaryimage","url":"https:\/\/poliparts.net\/wp-content\/uploads\/2025\/09\/portatarga-moto-universale.jpg","contentUrl":"https:\/\/poliparts.net\/wp-content\/uploads\/2025\/09\/portatarga-moto-universale.jpg","width":1100,"height":1100,"caption":"Portatarga in alluminio nero universale per moto, con regolazione di altezza, larghezza e inclinazione \u2013 compatibile con codoni originali e aftermarket."},{"@type":"BreadcrumbList","@id":"https:\/\/poliparts.net\/es\/producto\/soporte-universal-para-matricula-de-motocicleta-ajustable-inclinable-y-de-aluminio-color-negro\/#breadcrumb","itemListElement":[{"@type":"ListItem","position":1,"name":"Home","item":"https:\/\/poliparts.net\/es\/home\/"},{"@type":"ListItem","position":2,"name":"Tienda","item":"https:\/\/poliparts.net\/es\/shop\/"},{"@type":"ListItem","position":3,"name":"Soporte universal para matr\u00edcula de motocicleta, ajustable, inclinable y de aluminio, color negro"}]},{"@type":"WebSite","@id":"https:\/\/poliparts.net\/es\/#website","url":"https:\/\/poliparts.net\/es\/","name":"Poliparts.net","description":"Accessori e Ricambi Moto Scooter:  Diretto Fabbrica, Qualit\u00e0 Top, Prezzi migliori","publisher":{"@id":"https:\/\/poliparts.net\/es\/#organization"},"potentialAction":[{"@type":"SearchAction","target":{"@type":"EntryPoint","urlTemplate":"https:\/\/poliparts.net\/es\/?s={search_term_string}"},"query-input":{"@type":"PropertyValueSpecification","valueRequired":true,"valueName":"search_term_string"}}],"inLanguage":"es"},{"@type":"Organization","@id":"https:\/\/poliparts.net\/es\/#organization","name":"Poliparts.net","url":"https:\/\/poliparts.net\/es\/","logo":{"@type":"ImageObject","inLanguage":"es","@id":"https:\/\/poliparts.net\/es\/#\/schema\/logo\/image\/","url":"https:\/\/poliparts.net\/wp-content\/uploads\/2025\/05\/POLIPARTS-1000.png","contentUrl":"https:\/\/poliparts.net\/wp-content\/uploads\/2025\/05\/POLIPARTS-1000.png","width":1000,"height":274,"caption":"Poliparts.net"},"image":{"@id":"https:\/\/poliparts.net\/es\/#\/schema\/logo\/image\/"}}]}},"_links":{"self":[{"href":"https:\/\/poliparts.net\/es\/wp-json\/wp\/v2\/product\/31568","targetHints":{"allow":["GET"]}}],"collection":[{"href":"https:\/\/poliparts.net\/es\/wp-json\/wp\/v2\/product"}],"about":[{"href":"https:\/\/poliparts.net\/es\/wp-json\/wp\/v2\/types\/product"}],"replies":[{"embeddable":true,"href":"https:\/\/poliparts.net\/es\/wp-json\/wp\/v2\/comments?post=31568"}],"version-history":[{"count":0,"href":"https:\/\/poliparts.net\/es\/wp-json\/wp\/v2\/product\/31568\/revisions"}],"wp:featuredmedia":[{"embeddable":true,"href":"https:\/\/poliparts.net\/es\/wp-json\/wp\/v2\/media\/31547"}],"wp:attachment":[{"href":"https:\/\/poliparts.net\/es\/wp-json\/wp\/v2\/media?parent=31568"}],"wp:term":[{"taxonomy":"product_brand","embeddable":true,"href":"https:\/\/poliparts.net\/es\/wp-json\/wp\/v2\/product_brand?post=31568"},{"taxonomy":"product_cat","embeddable":true,"href":"https:\/\/poliparts.net\/es\/wp-json\/wp\/v2\/product_cat?post=31568"},{"taxonomy":"product_tag","embeddable":true,"href":"https:\/\/poliparts.net\/es\/wp-json\/wp\/v2\/product_tag?post=31568"}],"curies":[{"name":"wp","href":"https:\/\/api.w.org\/{rel}","templated":true}]}}