{"id":30224,"date":"2025-05-31T15:30:03","date_gmt":"2025-05-31T13:30:03","guid":{"rendered":"https:\/\/poliparts.net\/product\/kit-completo-de-elevacion-de-amortiguadores-con-puntal-para-yamaha-xp-t-max-tmax-500-anos-de-2001-a-2011\/"},"modified":"2025-09-03T21:34:28","modified_gmt":"2025-09-03T19:34:28","slug":"kit-completo-de-elevacion-de-amortiguadores-con-puntal-para-yamaha-xp-t-max-tmax-500-anos-de-2001-a-2011","status":"publish","type":"product","link":"https:\/\/poliparts.net\/es\/producto\/kit-completo-de-elevacion-de-amortiguadores-con-puntal-para-yamaha-xp-t-max-tmax-500-anos-de-2001-a-2011\/","title":{"rendered":"Kit completo de elevaci\u00f3n de amortiguadores con puntal para YAMAHA XP T-MAX TMAX 500 A\u00f1os de 2001 a 2011"},"content":{"rendered":"<p><strong>CARACTER\u00cdSTICAS DEL PRODUCTO:<\/strong><\/p>\n<ul>\n<li>Las competiciones de Maxiscooter han puesto de relieve los puntos d\u00e9biles del T-Max.<\/li>\n<li>Durante el trofeo se puso a prueba su comportamiento en curvas y una experimentaci\u00f3n larga y cuidadosa condujo a la definici\u00f3n del kit Suspension Bracket 25+.<\/li>\n<li>La optimizaci\u00f3n del paso por curva, conseguida elevando 25 mm la parte trasera del veh\u00edculo, es la panacea que confiere mayor estabilidad al veh\u00edculo y, adem\u00e1s, contrarresta el problema de las colisiones con el suelo.<\/li>\n<li>Para instalar el kit, solo hay que desmontar el caballete central. No se requieren modificaciones de ning\u00fan tipo. <\/li>\n<\/ul>\n","protected":false},"excerpt":{"rendered":"<p>\u3010COMPATIBILIDAD\u3011El producto es compatible con YAMAHA XP T MAX T-MAX 500 a\u00f1o 2001 2002 2003 2004 2005 2006 2007 2008 2009 2010 2011<\/p>\n<p>\u3010CARACTER\u00cdSTICAS\u3011 F\u00e1cil instalaci\u00f3n. Resistente a golpes y vibraciones. M\u00e1xima ligereza y fiabilidad.  <\/p>\n<p>\u3010+25 mm\u3011Optimizaci\u00f3n en curvas, lograda elevando la parte trasera del veh\u00edculo en 25 mm<\/p>\n<p>\u3010ALTA CALIDAD\u3011Est\u00e1n fabricados con material de alta calidad, resistente al deterioro, cambios de temperatura y agentes qu\u00edmicos.<\/p>\n<p>\u3010TUNING\u3011Ideal para conducci\u00f3n deportiva pero tambi\u00e9n para viajes con pasajero y equipaje<\/p>\n","protected":false},"featured_media":30225,"comment_status":"open","ping_status":"closed","template":"","meta":[],"product_brand":[73],"product_cat":[1195,1194],"product_tag":[532,1199,1198,1200,515,1197,1196,1201,484,485,483,486],"class_list":{"0":"post-30224","1":"product","2":"type-product","3":"status-publish","4":"has-post-thumbnail","6":"product_brand-yamaha","7":"product_cat-elevacion-del-amortiguador","8":"product_cat-partes-del-cuerpo","9":"product_tag-amortiguador","10":"product_tag-cnc-es","11":"product_tag-ergal-es","12":"product_tag-malossi-es","13":"product_tag-maxi-scooter","14":"product_tag-modifiche-es","15":"product_tag-racing-es","16":"product_tag-suspension-bracket-kit-riser-es","17":"product_tag-t-max-es","18":"product_tag-tmax-es","19":"product_tag-tuning-es","20":"product_tag-yamaha-es","22":"first","23":"instock","24":"sale","25":"shipping-taxable","26":"purchasable","27":"product-type-simple"},"yoast_head":"<!-- This site is optimized with the Yoast SEO plugin v27.3 - https:\/\/yoast.com\/product\/yoast-seo-wordpress\/ -->\n<title>Kit de elevaci\u00f3n de amortiguadores para Yamaha TMAX 500 (2001-2011) \u2013 +25 mm Estabilidad y ajuste<\/title>\n<meta name=\"description\" content=\"Mejora la estabilidad de tu Yamaha TMAX 500 (2001\u20132011) con el Kit de Elevaci\u00f3n de Amortiguadores + Puntal: +25mm de altura trasera, instalaci\u00f3n sencilla, materiales resistentes e ideal para conducci\u00f3n deportiva y touring.\" \/>\n<meta name=\"robots\" content=\"index, follow, max-snippet:-1, max-image-preview:large, max-video-preview:-1\" \/>\n<link rel=\"canonical\" href=\"https:\/\/poliparts.net\/es\/producto\/kit-completo-de-elevacion-de-amortiguadores-con-puntal-para-yamaha-xp-t-max-tmax-500-anos-de-2001-a-2011\/\" \/>\n<meta property=\"og:locale\" content=\"es_ES\" \/>\n<meta property=\"og:type\" content=\"article\" \/>\n<meta property=\"og:title\" content=\"Kit de elevaci\u00f3n de amortiguadores para Yamaha TMAX 500 (2001-2011) \u2013 +25 mm Estabilidad y ajuste\" \/>\n<meta property=\"og:description\" content=\"Mejora la estabilidad de tu Yamaha TMAX 500 (2001\u20132011) con el Kit de Elevaci\u00f3n de Amortiguadores + Puntal: +25mm de altura trasera, instalaci\u00f3n sencilla, materiales resistentes e ideal para conducci\u00f3n deportiva y touring.\" \/>\n<meta property=\"og:url\" content=\"https:\/\/poliparts.net\/es\/producto\/kit-completo-de-elevacion-de-amortiguadores-con-puntal-para-yamaha-xp-t-max-tmax-500-anos-de-2001-a-2011\/\" \/>\n<meta property=\"og:site_name\" content=\"Poliparts.net\" \/>\n<meta property=\"article:modified_time\" content=\"2025-09-03T19:34:28+00:00\" \/>\n<meta property=\"og:image\" content=\"https:\/\/poliparts.net\/wp-content\/uploads\/2025\/05\/poliparts-rialzo-ammortizzatore-yamaha-tmax-500.jpg\" \/>\n\t<meta property=\"og:image:width\" content=\"600\" \/>\n\t<meta property=\"og:image:height\" content=\"600\" \/>\n\t<meta property=\"og:image:type\" content=\"image\/jpeg\" \/>\n<meta name=\"twitter:card\" content=\"summary_large_image\" \/>\n<meta name=\"twitter:label1\" content=\"Tiempo de lectura\" \/>\n\t<meta name=\"twitter:data1\" content=\"1 minuto\" \/>\n<script type=\"application\/ld+json\" class=\"yoast-schema-graph\">{\"@context\":\"https:\\\/\\\/schema.org\",\"@graph\":[{\"@type\":\"WebPage\",\"@id\":\"https:\\\/\\\/poliparts.net\\\/es\\\/producto\\\/kit-completo-de-elevacion-de-amortiguadores-con-puntal-para-yamaha-xp-t-max-tmax-500-anos-de-2001-a-2011\\\/\",\"url\":\"https:\\\/\\\/poliparts.net\\\/es\\\/producto\\\/kit-completo-de-elevacion-de-amortiguadores-con-puntal-para-yamaha-xp-t-max-tmax-500-anos-de-2001-a-2011\\\/\",\"name\":\"Kit de elevaci\u00f3n de amortiguadores para Yamaha TMAX 500 (2001-2011) \u2013 +25 mm Estabilidad y ajuste\",\"isPartOf\":{\"@id\":\"https:\\\/\\\/poliparts.net\\\/es\\\/#website\"},\"primaryImageOfPage\":{\"@id\":\"https:\\\/\\\/poliparts.net\\\/es\\\/producto\\\/kit-completo-de-elevacion-de-amortiguadores-con-puntal-para-yamaha-xp-t-max-tmax-500-anos-de-2001-a-2011\\\/#primaryimage\"},\"image\":{\"@id\":\"https:\\\/\\\/poliparts.net\\\/es\\\/producto\\\/kit-completo-de-elevacion-de-amortiguadores-con-puntal-para-yamaha-xp-t-max-tmax-500-anos-de-2001-a-2011\\\/#primaryimage\"},\"thumbnailUrl\":\"https:\\\/\\\/poliparts.net\\\/wp-content\\\/uploads\\\/2025\\\/05\\\/poliparts-rialzo-ammortizzatore-yamaha-tmax-500.jpg\",\"datePublished\":\"2025-05-31T13:30:03+00:00\",\"dateModified\":\"2025-09-03T19:34:28+00:00\",\"description\":\"Mejora la estabilidad de tu Yamaha TMAX 500 (2001\u20132011) con el Kit de Elevaci\u00f3n de Amortiguadores + Puntal: +25mm de altura trasera, instalaci\u00f3n sencilla, materiales resistentes e ideal para conducci\u00f3n deportiva y touring.\",\"breadcrumb\":{\"@id\":\"https:\\\/\\\/poliparts.net\\\/es\\\/producto\\\/kit-completo-de-elevacion-de-amortiguadores-con-puntal-para-yamaha-xp-t-max-tmax-500-anos-de-2001-a-2011\\\/#breadcrumb\"},\"inLanguage\":\"es\",\"potentialAction\":[{\"@type\":\"ReadAction\",\"target\":[\"https:\\\/\\\/poliparts.net\\\/es\\\/producto\\\/kit-completo-de-elevacion-de-amortiguadores-con-puntal-para-yamaha-xp-t-max-tmax-500-anos-de-2001-a-2011\\\/\"]}]},{\"@type\":\"ImageObject\",\"inLanguage\":\"es\",\"@id\":\"https:\\\/\\\/poliparts.net\\\/es\\\/producto\\\/kit-completo-de-elevacion-de-amortiguadores-con-puntal-para-yamaha-xp-t-max-tmax-500-anos-de-2001-a-2011\\\/#primaryimage\",\"url\":\"https:\\\/\\\/poliparts.net\\\/wp-content\\\/uploads\\\/2025\\\/05\\\/poliparts-rialzo-ammortizzatore-yamaha-tmax-500.jpg\",\"contentUrl\":\"https:\\\/\\\/poliparts.net\\\/wp-content\\\/uploads\\\/2025\\\/05\\\/poliparts-rialzo-ammortizzatore-yamaha-tmax-500.jpg\",\"width\":600,\"height\":600,\"caption\":\"POLIPARTS kit completo rialzo ammortizzatore yamaha tmax t-max 500\"},{\"@type\":\"BreadcrumbList\",\"@id\":\"https:\\\/\\\/poliparts.net\\\/es\\\/producto\\\/kit-completo-de-elevacion-de-amortiguadores-con-puntal-para-yamaha-xp-t-max-tmax-500-anos-de-2001-a-2011\\\/#breadcrumb\",\"itemListElement\":[{\"@type\":\"ListItem\",\"position\":1,\"name\":\"Home\",\"item\":\"https:\\\/\\\/poliparts.net\\\/es\\\/home\\\/\"},{\"@type\":\"ListItem\",\"position\":2,\"name\":\"Tienda\",\"item\":\"https:\\\/\\\/poliparts.net\\\/es\\\/shop\\\/\"},{\"@type\":\"ListItem\",\"position\":3,\"name\":\"Kit completo de elevaci\u00f3n de amortiguadores con puntal para YAMAHA XP T-MAX TMAX 500 A\u00f1os de 2001 a 2011\"}]},{\"@type\":\"WebSite\",\"@id\":\"https:\\\/\\\/poliparts.net\\\/es\\\/#website\",\"url\":\"https:\\\/\\\/poliparts.net\\\/es\\\/\",\"name\":\"Poliparts.net\",\"description\":\"Accessori e Ricambi Moto Scooter:  Diretto Fabbrica, Qualit\u00e0 Top, Prezzi migliori\",\"publisher\":{\"@id\":\"https:\\\/\\\/poliparts.net\\\/es\\\/#organization\"},\"potentialAction\":[{\"@type\":\"SearchAction\",\"target\":{\"@type\":\"EntryPoint\",\"urlTemplate\":\"https:\\\/\\\/poliparts.net\\\/es\\\/?s={search_term_string}\"},\"query-input\":{\"@type\":\"PropertyValueSpecification\",\"valueRequired\":true,\"valueName\":\"search_term_string\"}}],\"inLanguage\":\"es\"},{\"@type\":\"Organization\",\"@id\":\"https:\\\/\\\/poliparts.net\\\/es\\\/#organization\",\"name\":\"Poliparts.net\",\"url\":\"https:\\\/\\\/poliparts.net\\\/es\\\/\",\"logo\":{\"@type\":\"ImageObject\",\"inLanguage\":\"es\",\"@id\":\"https:\\\/\\\/poliparts.net\\\/es\\\/#\\\/schema\\\/logo\\\/image\\\/\",\"url\":\"https:\\\/\\\/poliparts.net\\\/wp-content\\\/uploads\\\/2025\\\/05\\\/POLIPARTS-1000.png\",\"contentUrl\":\"https:\\\/\\\/poliparts.net\\\/wp-content\\\/uploads\\\/2025\\\/05\\\/POLIPARTS-1000.png\",\"width\":1000,\"height\":274,\"caption\":\"Poliparts.net\"},\"image\":{\"@id\":\"https:\\\/\\\/poliparts.net\\\/es\\\/#\\\/schema\\\/logo\\\/image\\\/\"}}]}<\/script>\n<!-- \/ Yoast SEO plugin. -->","yoast_head_json":{"title":"Kit de elevaci\u00f3n de amortiguadores para Yamaha TMAX 500 (2001-2011) \u2013 +25 mm Estabilidad y ajuste","description":"Mejora la estabilidad de tu Yamaha TMAX 500 (2001\u20132011) con el Kit de Elevaci\u00f3n de Amortiguadores + Puntal: +25mm de altura trasera, instalaci\u00f3n sencilla, materiales resistentes e ideal para conducci\u00f3n deportiva y touring.","robots":{"index":"index","follow":"follow","max-snippet":"max-snippet:-1","max-image-preview":"max-image-preview:large","max-video-preview":"max-video-preview:-1"},"canonical":"https:\/\/poliparts.net\/es\/producto\/kit-completo-de-elevacion-de-amortiguadores-con-puntal-para-yamaha-xp-t-max-tmax-500-anos-de-2001-a-2011\/","og_locale":"es_ES","og_type":"article","og_title":"Kit de elevaci\u00f3n de amortiguadores para Yamaha TMAX 500 (2001-2011) \u2013 +25 mm Estabilidad y ajuste","og_description":"Mejora la estabilidad de tu Yamaha TMAX 500 (2001\u20132011) con el Kit de Elevaci\u00f3n de Amortiguadores + Puntal: +25mm de altura trasera, instalaci\u00f3n sencilla, materiales resistentes e ideal para conducci\u00f3n deportiva y touring.","og_url":"https:\/\/poliparts.net\/es\/producto\/kit-completo-de-elevacion-de-amortiguadores-con-puntal-para-yamaha-xp-t-max-tmax-500-anos-de-2001-a-2011\/","og_site_name":"Poliparts.net","article_modified_time":"2025-09-03T19:34:28+00:00","og_image":[{"width":600,"height":600,"url":"https:\/\/poliparts.net\/wp-content\/uploads\/2025\/05\/poliparts-rialzo-ammortizzatore-yamaha-tmax-500.jpg","type":"image\/jpeg"}],"twitter_card":"summary_large_image","twitter_misc":{"Tiempo de lectura":"1 minuto"},"schema":{"@context":"https:\/\/schema.org","@graph":[{"@type":"WebPage","@id":"https:\/\/poliparts.net\/es\/producto\/kit-completo-de-elevacion-de-amortiguadores-con-puntal-para-yamaha-xp-t-max-tmax-500-anos-de-2001-a-2011\/","url":"https:\/\/poliparts.net\/es\/producto\/kit-completo-de-elevacion-de-amortiguadores-con-puntal-para-yamaha-xp-t-max-tmax-500-anos-de-2001-a-2011\/","name":"Kit de elevaci\u00f3n de amortiguadores para Yamaha TMAX 500 (2001-2011) \u2013 +25 mm Estabilidad y ajuste","isPartOf":{"@id":"https:\/\/poliparts.net\/es\/#website"},"primaryImageOfPage":{"@id":"https:\/\/poliparts.net\/es\/producto\/kit-completo-de-elevacion-de-amortiguadores-con-puntal-para-yamaha-xp-t-max-tmax-500-anos-de-2001-a-2011\/#primaryimage"},"image":{"@id":"https:\/\/poliparts.net\/es\/producto\/kit-completo-de-elevacion-de-amortiguadores-con-puntal-para-yamaha-xp-t-max-tmax-500-anos-de-2001-a-2011\/#primaryimage"},"thumbnailUrl":"https:\/\/poliparts.net\/wp-content\/uploads\/2025\/05\/poliparts-rialzo-ammortizzatore-yamaha-tmax-500.jpg","datePublished":"2025-05-31T13:30:03+00:00","dateModified":"2025-09-03T19:34:28+00:00","description":"Mejora la estabilidad de tu Yamaha TMAX 500 (2001\u20132011) con el Kit de Elevaci\u00f3n de Amortiguadores + Puntal: +25mm de altura trasera, instalaci\u00f3n sencilla, materiales resistentes e ideal para conducci\u00f3n deportiva y touring.","breadcrumb":{"@id":"https:\/\/poliparts.net\/es\/producto\/kit-completo-de-elevacion-de-amortiguadores-con-puntal-para-yamaha-xp-t-max-tmax-500-anos-de-2001-a-2011\/#breadcrumb"},"inLanguage":"es","potentialAction":[{"@type":"ReadAction","target":["https:\/\/poliparts.net\/es\/producto\/kit-completo-de-elevacion-de-amortiguadores-con-puntal-para-yamaha-xp-t-max-tmax-500-anos-de-2001-a-2011\/"]}]},{"@type":"ImageObject","inLanguage":"es","@id":"https:\/\/poliparts.net\/es\/producto\/kit-completo-de-elevacion-de-amortiguadores-con-puntal-para-yamaha-xp-t-max-tmax-500-anos-de-2001-a-2011\/#primaryimage","url":"https:\/\/poliparts.net\/wp-content\/uploads\/2025\/05\/poliparts-rialzo-ammortizzatore-yamaha-tmax-500.jpg","contentUrl":"https:\/\/poliparts.net\/wp-content\/uploads\/2025\/05\/poliparts-rialzo-ammortizzatore-yamaha-tmax-500.jpg","width":600,"height":600,"caption":"POLIPARTS kit completo rialzo ammortizzatore yamaha tmax t-max 500"},{"@type":"BreadcrumbList","@id":"https:\/\/poliparts.net\/es\/producto\/kit-completo-de-elevacion-de-amortiguadores-con-puntal-para-yamaha-xp-t-max-tmax-500-anos-de-2001-a-2011\/#breadcrumb","itemListElement":[{"@type":"ListItem","position":1,"name":"Home","item":"https:\/\/poliparts.net\/es\/home\/"},{"@type":"ListItem","position":2,"name":"Tienda","item":"https:\/\/poliparts.net\/es\/shop\/"},{"@type":"ListItem","position":3,"name":"Kit completo de elevaci\u00f3n de amortiguadores con puntal para YAMAHA XP T-MAX TMAX 500 A\u00f1os de 2001 a 2011"}]},{"@type":"WebSite","@id":"https:\/\/poliparts.net\/es\/#website","url":"https:\/\/poliparts.net\/es\/","name":"Poliparts.net","description":"Accessori e Ricambi Moto Scooter:  Diretto Fabbrica, Qualit\u00e0 Top, Prezzi migliori","publisher":{"@id":"https:\/\/poliparts.net\/es\/#organization"},"potentialAction":[{"@type":"SearchAction","target":{"@type":"EntryPoint","urlTemplate":"https:\/\/poliparts.net\/es\/?s={search_term_string}"},"query-input":{"@type":"PropertyValueSpecification","valueRequired":true,"valueName":"search_term_string"}}],"inLanguage":"es"},{"@type":"Organization","@id":"https:\/\/poliparts.net\/es\/#organization","name":"Poliparts.net","url":"https:\/\/poliparts.net\/es\/","logo":{"@type":"ImageObject","inLanguage":"es","@id":"https:\/\/poliparts.net\/es\/#\/schema\/logo\/image\/","url":"https:\/\/poliparts.net\/wp-content\/uploads\/2025\/05\/POLIPARTS-1000.png","contentUrl":"https:\/\/poliparts.net\/wp-content\/uploads\/2025\/05\/POLIPARTS-1000.png","width":1000,"height":274,"caption":"Poliparts.net"},"image":{"@id":"https:\/\/poliparts.net\/es\/#\/schema\/logo\/image\/"}}]}},"_links":{"self":[{"href":"https:\/\/poliparts.net\/es\/wp-json\/wp\/v2\/product\/30224","targetHints":{"allow":["GET"]}}],"collection":[{"href":"https:\/\/poliparts.net\/es\/wp-json\/wp\/v2\/product"}],"about":[{"href":"https:\/\/poliparts.net\/es\/wp-json\/wp\/v2\/types\/product"}],"replies":[{"embeddable":true,"href":"https:\/\/poliparts.net\/es\/wp-json\/wp\/v2\/comments?post=30224"}],"version-history":[{"count":1,"href":"https:\/\/poliparts.net\/es\/wp-json\/wp\/v2\/product\/30224\/revisions"}],"predecessor-version":[{"id":31575,"href":"https:\/\/poliparts.net\/es\/wp-json\/wp\/v2\/product\/30224\/revisions\/31575"}],"wp:featuredmedia":[{"embeddable":true,"href":"https:\/\/poliparts.net\/es\/wp-json\/wp\/v2\/media\/30225"}],"wp:attachment":[{"href":"https:\/\/poliparts.net\/es\/wp-json\/wp\/v2\/media?parent=30224"}],"wp:term":[{"taxonomy":"product_brand","embeddable":true,"href":"https:\/\/poliparts.net\/es\/wp-json\/wp\/v2\/product_brand?post=30224"},{"taxonomy":"product_cat","embeddable":true,"href":"https:\/\/poliparts.net\/es\/wp-json\/wp\/v2\/product_cat?post=30224"},{"taxonomy":"product_tag","embeddable":true,"href":"https:\/\/poliparts.net\/es\/wp-json\/wp\/v2\/product_tag?post=30224"}],"curies":[{"name":"wp","href":"https:\/\/api.w.org\/{rel}","templated":true}]}}