{"id":30215,"date":"2025-05-31T14:00:37","date_gmt":"2025-05-31T12:00:37","guid":{"rendered":"https:\/\/poliparts.net\/product\/filtro-de-aceite-para-benelli-bn-125-tnt-125-ano-2017-2018-2019-2020\/"},"modified":"2025-09-04T16:18:09","modified_gmt":"2025-09-04T14:18:09","slug":"filtro-de-aceite-para-benelli-bn-125-tnt-125-ano-2017-2018-2019-2020","status":"publish","type":"product","link":"https:\/\/poliparts.net\/es\/producto\/filtro-de-aceite-para-benelli-bn-125-tnt-125-ano-2017-2018-2019-2020\/","title":{"rendered":"Filtro de aceite para Benelli BN 125 TNT 125 A\u00f1o 2017 2018 2019 2020"},"content":{"rendered":"<p><strong>APLICACIONES:<\/strong><\/p>\n<ul>\n<li>BENELLI BN 125 a\u00f1o 2018 2019 2020<\/li>\n<li>BENELLI TNT 125 a\u00f1o 2017 2018 2019 2020<\/li>\n<\/ul>\n<p><strong>REFERENCIA ORIGINAL:<\/strong><\/p>\n<ul>\n<li>BENELLI 169124320000<\/li>\n<\/ul>\n","protected":false},"excerpt":{"rendered":"<p>\u3010COMPATIBILIDAD\u3011Consulte la descripci\u00f3n del producto para comprobar la compatibilidad del producto.<\/p>\n<p>\u3010REFERENCIA ORIGINAL\u3011BENELLI 169124320000<\/p>\n<p>\u3010CARACTER\u00cdSTICAS\u3011 Instalaci\u00f3n sencilla, reemplazo perfecto del componente original. Fabricados con materiales de alta calidad, resistentes al deterioro, a los cambios de temperatura y a los agentes qu\u00edmicos. <\/p>\n<p>&nbsp;<\/p>\n","protected":false},"featured_media":30216,"comment_status":"open","ping_status":"closed","template":"","meta":[],"product_brand":[193],"product_cat":[1168,1169],"product_tag":[1176,1178,1175,1172,1173,1170,1171,1179,1174,1177],"class_list":{"0":"post-30215","1":"product","2":"type-product","3":"status-publish","4":"has-post-thumbnail","6":"product_brand-benelli","7":"product_cat-filtros","8":"product_cat-filtros-de-aceite","9":"product_tag-benelli-es","10":"product_tag-bn-125-es","11":"product_tag-filtro-de-aceite","12":"product_tag-hiflo-es","13":"product_tag-kn-es","14":"product_tag-meiwa-es","15":"product_tag-miw-es","16":"product_tag-oem-es","17":"product_tag-oil-filter-es","18":"product_tag-tnt-125-eu4-es","20":"first","21":"instock","22":"shipping-taxable","23":"purchasable","24":"product-type-simple"},"yoast_head":"<!-- This site is optimized with the Yoast SEO plugin v27.3 - https:\/\/yoast.com\/product\/yoast-seo-wordpress\/ -->\n<title>Filtro de aceite para Benelli BN 125 TNT 125 A\u00f1o 2017 2018 2019 2020 - Poliparts.net<\/title>\n<meta name=\"description\" content=\"Filtro de aceite compatible con Benelli BN 125 y TNT 125 (2017-2020). N\u00famero de pieza original: 169124320000. F\u00e1cil instalaci\u00f3n, materiales duraderos y rendimiento fiable.\" \/>\n<meta name=\"robots\" content=\"index, follow, max-snippet:-1, max-image-preview:large, max-video-preview:-1\" \/>\n<link rel=\"canonical\" href=\"https:\/\/poliparts.net\/es\/producto\/filtro-de-aceite-para-benelli-bn-125-tnt-125-ano-2017-2018-2019-2020\/\" \/>\n<meta property=\"og:locale\" content=\"es_ES\" \/>\n<meta property=\"og:type\" content=\"article\" \/>\n<meta property=\"og:title\" content=\"Filtro de aceite para Benelli BN 125 TNT 125 A\u00f1o 2017 2018 2019 2020 - Poliparts.net\" \/>\n<meta property=\"og:description\" content=\"Filtro de aceite compatible con Benelli BN 125 y TNT 125 (2017-2020). N\u00famero de pieza original: 169124320000. F\u00e1cil instalaci\u00f3n, materiales duraderos y rendimiento fiable.\" \/>\n<meta property=\"og:url\" content=\"https:\/\/poliparts.net\/es\/producto\/filtro-de-aceite-para-benelli-bn-125-tnt-125-ano-2017-2018-2019-2020\/\" \/>\n<meta property=\"og:site_name\" content=\"Poliparts.net\" \/>\n<meta property=\"article:modified_time\" content=\"2025-09-04T14:18:09+00:00\" \/>\n<meta property=\"og:image\" content=\"https:\/\/poliparts.net\/wp-content\/uploads\/2025\/05\/oil-filter-benelli-tnt-125-bn-125.jpg\" \/>\n\t<meta property=\"og:image:width\" content=\"600\" \/>\n\t<meta property=\"og:image:height\" content=\"600\" \/>\n\t<meta property=\"og:image:type\" content=\"image\/jpeg\" \/>\n<meta name=\"twitter:card\" content=\"summary_large_image\" \/>\n<script type=\"application\/ld+json\" class=\"yoast-schema-graph\">{\"@context\":\"https:\\\/\\\/schema.org\",\"@graph\":[{\"@type\":\"WebPage\",\"@id\":\"https:\\\/\\\/poliparts.net\\\/es\\\/producto\\\/filtro-de-aceite-para-benelli-bn-125-tnt-125-ano-2017-2018-2019-2020\\\/\",\"url\":\"https:\\\/\\\/poliparts.net\\\/es\\\/producto\\\/filtro-de-aceite-para-benelli-bn-125-tnt-125-ano-2017-2018-2019-2020\\\/\",\"name\":\"Filtro de aceite para Benelli BN 125 TNT 125 A\u00f1o 2017 2018 2019 2020 - Poliparts.net\",\"isPartOf\":{\"@id\":\"https:\\\/\\\/poliparts.net\\\/es\\\/#website\"},\"primaryImageOfPage\":{\"@id\":\"https:\\\/\\\/poliparts.net\\\/es\\\/producto\\\/filtro-de-aceite-para-benelli-bn-125-tnt-125-ano-2017-2018-2019-2020\\\/#primaryimage\"},\"image\":{\"@id\":\"https:\\\/\\\/poliparts.net\\\/es\\\/producto\\\/filtro-de-aceite-para-benelli-bn-125-tnt-125-ano-2017-2018-2019-2020\\\/#primaryimage\"},\"thumbnailUrl\":\"https:\\\/\\\/poliparts.net\\\/wp-content\\\/uploads\\\/2025\\\/05\\\/oil-filter-benelli-tnt-125-bn-125.jpg\",\"datePublished\":\"2025-05-31T12:00:37+00:00\",\"dateModified\":\"2025-09-04T14:18:09+00:00\",\"description\":\"Filtro de aceite compatible con Benelli BN 125 y TNT 125 (2017-2020). N\u00famero de pieza original: 169124320000. F\u00e1cil instalaci\u00f3n, materiales duraderos y rendimiento fiable.\",\"breadcrumb\":{\"@id\":\"https:\\\/\\\/poliparts.net\\\/es\\\/producto\\\/filtro-de-aceite-para-benelli-bn-125-tnt-125-ano-2017-2018-2019-2020\\\/#breadcrumb\"},\"inLanguage\":\"es\",\"potentialAction\":[{\"@type\":\"ReadAction\",\"target\":[\"https:\\\/\\\/poliparts.net\\\/es\\\/producto\\\/filtro-de-aceite-para-benelli-bn-125-tnt-125-ano-2017-2018-2019-2020\\\/\"]}]},{\"@type\":\"ImageObject\",\"inLanguage\":\"es\",\"@id\":\"https:\\\/\\\/poliparts.net\\\/es\\\/producto\\\/filtro-de-aceite-para-benelli-bn-125-tnt-125-ano-2017-2018-2019-2020\\\/#primaryimage\",\"url\":\"https:\\\/\\\/poliparts.net\\\/wp-content\\\/uploads\\\/2025\\\/05\\\/oil-filter-benelli-tnt-125-bn-125.jpg\",\"contentUrl\":\"https:\\\/\\\/poliparts.net\\\/wp-content\\\/uploads\\\/2025\\\/05\\\/oil-filter-benelli-tnt-125-bn-125.jpg\",\"width\":600,\"height\":600},{\"@type\":\"BreadcrumbList\",\"@id\":\"https:\\\/\\\/poliparts.net\\\/es\\\/producto\\\/filtro-de-aceite-para-benelli-bn-125-tnt-125-ano-2017-2018-2019-2020\\\/#breadcrumb\",\"itemListElement\":[{\"@type\":\"ListItem\",\"position\":1,\"name\":\"Home\",\"item\":\"https:\\\/\\\/poliparts.net\\\/es\\\/home\\\/\"},{\"@type\":\"ListItem\",\"position\":2,\"name\":\"Tienda\",\"item\":\"https:\\\/\\\/poliparts.net\\\/es\\\/shop\\\/\"},{\"@type\":\"ListItem\",\"position\":3,\"name\":\"Filtro de aceite para Benelli BN 125 TNT 125 A\u00f1o 2017 2018 2019 2020\"}]},{\"@type\":\"WebSite\",\"@id\":\"https:\\\/\\\/poliparts.net\\\/es\\\/#website\",\"url\":\"https:\\\/\\\/poliparts.net\\\/es\\\/\",\"name\":\"Poliparts.net\",\"description\":\"Accessori e Ricambi Moto Scooter:  Diretto Fabbrica, Qualit\u00e0 Top, Prezzi migliori\",\"publisher\":{\"@id\":\"https:\\\/\\\/poliparts.net\\\/es\\\/#organization\"},\"potentialAction\":[{\"@type\":\"SearchAction\",\"target\":{\"@type\":\"EntryPoint\",\"urlTemplate\":\"https:\\\/\\\/poliparts.net\\\/es\\\/?s={search_term_string}\"},\"query-input\":{\"@type\":\"PropertyValueSpecification\",\"valueRequired\":true,\"valueName\":\"search_term_string\"}}],\"inLanguage\":\"es\"},{\"@type\":\"Organization\",\"@id\":\"https:\\\/\\\/poliparts.net\\\/es\\\/#organization\",\"name\":\"Poliparts.net\",\"url\":\"https:\\\/\\\/poliparts.net\\\/es\\\/\",\"logo\":{\"@type\":\"ImageObject\",\"inLanguage\":\"es\",\"@id\":\"https:\\\/\\\/poliparts.net\\\/es\\\/#\\\/schema\\\/logo\\\/image\\\/\",\"url\":\"https:\\\/\\\/poliparts.net\\\/wp-content\\\/uploads\\\/2025\\\/05\\\/POLIPARTS-1000.png\",\"contentUrl\":\"https:\\\/\\\/poliparts.net\\\/wp-content\\\/uploads\\\/2025\\\/05\\\/POLIPARTS-1000.png\",\"width\":1000,\"height\":274,\"caption\":\"Poliparts.net\"},\"image\":{\"@id\":\"https:\\\/\\\/poliparts.net\\\/es\\\/#\\\/schema\\\/logo\\\/image\\\/\"}}]}<\/script>\n<!-- \/ Yoast SEO plugin. -->","yoast_head_json":{"title":"Filtro de aceite para Benelli BN 125 TNT 125 A\u00f1o 2017 2018 2019 2020 - Poliparts.net","description":"Filtro de aceite compatible con Benelli BN 125 y TNT 125 (2017-2020). N\u00famero de pieza original: 169124320000. F\u00e1cil instalaci\u00f3n, materiales duraderos y rendimiento fiable.","robots":{"index":"index","follow":"follow","max-snippet":"max-snippet:-1","max-image-preview":"max-image-preview:large","max-video-preview":"max-video-preview:-1"},"canonical":"https:\/\/poliparts.net\/es\/producto\/filtro-de-aceite-para-benelli-bn-125-tnt-125-ano-2017-2018-2019-2020\/","og_locale":"es_ES","og_type":"article","og_title":"Filtro de aceite para Benelli BN 125 TNT 125 A\u00f1o 2017 2018 2019 2020 - Poliparts.net","og_description":"Filtro de aceite compatible con Benelli BN 125 y TNT 125 (2017-2020). N\u00famero de pieza original: 169124320000. F\u00e1cil instalaci\u00f3n, materiales duraderos y rendimiento fiable.","og_url":"https:\/\/poliparts.net\/es\/producto\/filtro-de-aceite-para-benelli-bn-125-tnt-125-ano-2017-2018-2019-2020\/","og_site_name":"Poliparts.net","article_modified_time":"2025-09-04T14:18:09+00:00","og_image":[{"width":600,"height":600,"url":"https:\/\/poliparts.net\/wp-content\/uploads\/2025\/05\/oil-filter-benelli-tnt-125-bn-125.jpg","type":"image\/jpeg"}],"twitter_card":"summary_large_image","schema":{"@context":"https:\/\/schema.org","@graph":[{"@type":"WebPage","@id":"https:\/\/poliparts.net\/es\/producto\/filtro-de-aceite-para-benelli-bn-125-tnt-125-ano-2017-2018-2019-2020\/","url":"https:\/\/poliparts.net\/es\/producto\/filtro-de-aceite-para-benelli-bn-125-tnt-125-ano-2017-2018-2019-2020\/","name":"Filtro de aceite para Benelli BN 125 TNT 125 A\u00f1o 2017 2018 2019 2020 - Poliparts.net","isPartOf":{"@id":"https:\/\/poliparts.net\/es\/#website"},"primaryImageOfPage":{"@id":"https:\/\/poliparts.net\/es\/producto\/filtro-de-aceite-para-benelli-bn-125-tnt-125-ano-2017-2018-2019-2020\/#primaryimage"},"image":{"@id":"https:\/\/poliparts.net\/es\/producto\/filtro-de-aceite-para-benelli-bn-125-tnt-125-ano-2017-2018-2019-2020\/#primaryimage"},"thumbnailUrl":"https:\/\/poliparts.net\/wp-content\/uploads\/2025\/05\/oil-filter-benelli-tnt-125-bn-125.jpg","datePublished":"2025-05-31T12:00:37+00:00","dateModified":"2025-09-04T14:18:09+00:00","description":"Filtro de aceite compatible con Benelli BN 125 y TNT 125 (2017-2020). N\u00famero de pieza original: 169124320000. F\u00e1cil instalaci\u00f3n, materiales duraderos y rendimiento fiable.","breadcrumb":{"@id":"https:\/\/poliparts.net\/es\/producto\/filtro-de-aceite-para-benelli-bn-125-tnt-125-ano-2017-2018-2019-2020\/#breadcrumb"},"inLanguage":"es","potentialAction":[{"@type":"ReadAction","target":["https:\/\/poliparts.net\/es\/producto\/filtro-de-aceite-para-benelli-bn-125-tnt-125-ano-2017-2018-2019-2020\/"]}]},{"@type":"ImageObject","inLanguage":"es","@id":"https:\/\/poliparts.net\/es\/producto\/filtro-de-aceite-para-benelli-bn-125-tnt-125-ano-2017-2018-2019-2020\/#primaryimage","url":"https:\/\/poliparts.net\/wp-content\/uploads\/2025\/05\/oil-filter-benelli-tnt-125-bn-125.jpg","contentUrl":"https:\/\/poliparts.net\/wp-content\/uploads\/2025\/05\/oil-filter-benelli-tnt-125-bn-125.jpg","width":600,"height":600},{"@type":"BreadcrumbList","@id":"https:\/\/poliparts.net\/es\/producto\/filtro-de-aceite-para-benelli-bn-125-tnt-125-ano-2017-2018-2019-2020\/#breadcrumb","itemListElement":[{"@type":"ListItem","position":1,"name":"Home","item":"https:\/\/poliparts.net\/es\/home\/"},{"@type":"ListItem","position":2,"name":"Tienda","item":"https:\/\/poliparts.net\/es\/shop\/"},{"@type":"ListItem","position":3,"name":"Filtro de aceite para Benelli BN 125 TNT 125 A\u00f1o 2017 2018 2019 2020"}]},{"@type":"WebSite","@id":"https:\/\/poliparts.net\/es\/#website","url":"https:\/\/poliparts.net\/es\/","name":"Poliparts.net","description":"Accessori e Ricambi Moto Scooter:  Diretto Fabbrica, Qualit\u00e0 Top, Prezzi migliori","publisher":{"@id":"https:\/\/poliparts.net\/es\/#organization"},"potentialAction":[{"@type":"SearchAction","target":{"@type":"EntryPoint","urlTemplate":"https:\/\/poliparts.net\/es\/?s={search_term_string}"},"query-input":{"@type":"PropertyValueSpecification","valueRequired":true,"valueName":"search_term_string"}}],"inLanguage":"es"},{"@type":"Organization","@id":"https:\/\/poliparts.net\/es\/#organization","name":"Poliparts.net","url":"https:\/\/poliparts.net\/es\/","logo":{"@type":"ImageObject","inLanguage":"es","@id":"https:\/\/poliparts.net\/es\/#\/schema\/logo\/image\/","url":"https:\/\/poliparts.net\/wp-content\/uploads\/2025\/05\/POLIPARTS-1000.png","contentUrl":"https:\/\/poliparts.net\/wp-content\/uploads\/2025\/05\/POLIPARTS-1000.png","width":1000,"height":274,"caption":"Poliparts.net"},"image":{"@id":"https:\/\/poliparts.net\/es\/#\/schema\/logo\/image\/"}}]}},"_links":{"self":[{"href":"https:\/\/poliparts.net\/es\/wp-json\/wp\/v2\/product\/30215","targetHints":{"allow":["GET"]}}],"collection":[{"href":"https:\/\/poliparts.net\/es\/wp-json\/wp\/v2\/product"}],"about":[{"href":"https:\/\/poliparts.net\/es\/wp-json\/wp\/v2\/types\/product"}],"replies":[{"embeddable":true,"href":"https:\/\/poliparts.net\/es\/wp-json\/wp\/v2\/comments?post=30215"}],"version-history":[{"count":1,"href":"https:\/\/poliparts.net\/es\/wp-json\/wp\/v2\/product\/30215\/revisions"}],"predecessor-version":[{"id":31578,"href":"https:\/\/poliparts.net\/es\/wp-json\/wp\/v2\/product\/30215\/revisions\/31578"}],"wp:featuredmedia":[{"embeddable":true,"href":"https:\/\/poliparts.net\/es\/wp-json\/wp\/v2\/media\/30216"}],"wp:attachment":[{"href":"https:\/\/poliparts.net\/es\/wp-json\/wp\/v2\/media?parent=30215"}],"wp:term":[{"taxonomy":"product_brand","embeddable":true,"href":"https:\/\/poliparts.net\/es\/wp-json\/wp\/v2\/product_brand?post=30215"},{"taxonomy":"product_cat","embeddable":true,"href":"https:\/\/poliparts.net\/es\/wp-json\/wp\/v2\/product_cat?post=30215"},{"taxonomy":"product_tag","embeddable":true,"href":"https:\/\/poliparts.net\/es\/wp-json\/wp\/v2\/product_tag?post=30215"}],"curies":[{"name":"wp","href":"https:\/\/api.w.org\/{rel}","templated":true}]}}