{"id":29916,"date":"2025-05-25T03:20:26","date_gmt":"2025-05-25T01:20:26","guid":{"rendered":"https:\/\/poliparts.net\/product\/par-de-amortiguadores-y-resortes-de-gas-para-elevacion-de-asiento-caja-de-almacenamiento-varilla-de-soporte-para-yamaha-tmax-500-2008-2011-y-t-max-530-2012-2016-2-piezas\/"},"modified":"2025-05-25T03:20:26","modified_gmt":"2025-05-25T01:20:26","slug":"par-de-amortiguadores-y-resortes-de-gas-para-elevacion-de-asiento-caja-de-almacenamiento-varilla-de-soporte-para-yamaha-tmax-500-2008-2011-y-t-max-530-2012-2016-2-piezas","status":"publish","type":"product","link":"https:\/\/poliparts.net\/es\/producto\/par-de-amortiguadores-y-resortes-de-gas-para-elevacion-de-asiento-caja-de-almacenamiento-varilla-de-soporte-para-yamaha-tmax-500-2008-2011-y-t-max-530-2012-2016-2-piezas\/","title":{"rendered":"Par de amortiguadores y resortes de gas para elevaci\u00f3n de asiento, caja de almacenamiento, varilla de soporte para Yamaha TMAX 500 (2008-2011) y T-MAX 530 (2012-2016) (2 piezas)"},"content":{"rendered":"<p><strong>COMPATIBILIDAD<\/strong><\/p>\n<ul>\n<li>YAMAHA T MAX 500 a\u00f1o 2008 2009 2010 2011<\/li>\n<li>YAMAHA T Max 530 a\u00f1o 2012 2013 2014 2015 2016<\/li>\n<\/ul>\n<p><strong>CARACTER\u00cdSTICAS<\/strong><\/p>\n<ul>\n<li>Par de amortiguadores Tmax, recomendado para ser instalado por profesionales.<\/li>\n<li>Con la nueva funci\u00f3n de reducci\u00f3n de vibraciones te ayuda a disfrutar de un viaje c\u00f3modo.<\/li>\n<li> Ayudan a ajustar el cierre del sill\u00edn y proporcionan mayor estabilidad para mantenerlo en su posici\u00f3n.<\/li>\n<li>Id\u00e9ntico en forma y calidad a los brazos originales, este kit permite restaurar completamente la funcionalidad del compartimento bajo el asiento.<\/li>\n<li>Cuando los componentes anticuados o muy desgastados hacen que levantar el asiento resulte inc\u00f3modo, la instalaci\u00f3n de este kit soluciona la situaci\u00f3n.<\/li>\n<\/ul>\n","protected":false},"excerpt":{"rendered":"<p>\u3010COMPATIBILIDAD\u3011Amortiguadores YAMAHA T MAX 500 a\u00f1os 2008 2009 2010 2011 y T-Max 530 a\u00f1os 2012 2013 2014 2015 2016<\/p>\n<p>\u3010CARACTER\u00cdSTICAS\u3011Ayudan a ajustar el cierre del sill\u00edn y proporcionan mayor estabilidad para mantenerlo en posici\u00f3n.<\/p>\n<p>\u3010VENTAJAS\u3011Par de amortiguadores Tmax, recomendados para instalaci\u00f3n profesional. La nueva funci\u00f3n de reducci\u00f3n de vibraciones te ayuda a disfrutar de una conducci\u00f3n c\u00f3moda. <\/p>\n<p>\u3010CALIDAD\u3011Id\u00e9ntico en forma y calidad a los brazos originales, este kit permite restaurar completamente la funcionalidad del compartimento debajo del asiento.<\/p>\n<p>\u3010SOLUCI\u00d3N\u3011Cuando los componentes anticuados o muy desgastados dificultan la elevaci\u00f3n del asiento, la instalaci\u00f3n de este kit solucionar\u00e1 la situaci\u00f3n.<\/p>\n","protected":false},"featured_media":29920,"comment_status":"open","ping_status":"closed","template":"","meta":[],"product_brand":[73],"product_cat":[531],"product_tag":[532,534,537,536,535,539,533,538,485,486],"class_list":{"0":"post-29916","1":"product","2":"type-product","3":"status-publish","4":"has-post-thumbnail","6":"product_brand-yamaha","7":"product_cat-amortiguadores-de-sillin","8":"product_tag-amortiguador","9":"product_tag-amortiguador-de-sillin","10":"product_tag-caja-de-almacenamiento","11":"product_tag-gas-spring-es","12":"product_tag-resorte-de-gas-del-asiento","13":"product_tag-serbatoio-es","14":"product_tag-sillin","15":"product_tag-soporte-de-subastas","16":"product_tag-tmax-es","17":"product_tag-yamaha-es","19":"first","20":"instock","21":"shipping-taxable","22":"purchasable","23":"product-type-simple"},"yoast_head":"<!-- This site is optimized with the Yoast SEO plugin v27.3 - https:\/\/yoast.com\/product\/yoast-seo-wordpress\/ -->\n<title>Par de amortiguadores y resortes de gas para elevaci\u00f3n de asiento, caja de almacenamiento, varilla de soporte para Yamaha TMAX 500 (2008-2011) y T-MAX 530 (2012-2016) (2 piezas) - Poliparts.net<\/title>\n<meta name=\"robots\" content=\"index, follow, max-snippet:-1, max-image-preview:large, max-video-preview:-1\" \/>\n<link rel=\"canonical\" href=\"https:\/\/poliparts.net\/es\/producto\/par-de-amortiguadores-y-resortes-de-gas-para-elevacion-de-asiento-caja-de-almacenamiento-varilla-de-soporte-para-yamaha-tmax-500-2008-2011-y-t-max-530-2012-2016-2-piezas\/\" \/>\n<meta property=\"og:locale\" content=\"es_ES\" \/>\n<meta property=\"og:type\" content=\"article\" \/>\n<meta property=\"og:title\" content=\"Par de amortiguadores y resortes de gas para elevaci\u00f3n de asiento, caja de almacenamiento, varilla de soporte para Yamaha TMAX 500 (2008-2011) y T-MAX 530 (2012-2016) (2 piezas) - Poliparts.net\" \/>\n<meta property=\"og:description\" content=\"\u3010COMPATIBILIDAD\u3011Amortiguadores YAMAHA T MAX 500 a\u00f1os 2008 2009 2010 2011 y T-Max 530 a\u00f1os 2012 2013 2014 2015 2016 \u3010CARACTER\u00cdSTICAS\u3011Ayudan a ajustar el cierre del sill\u00edn y proporcionan mayor estabilidad para mantenerlo en posici\u00f3n. \u3010VENTAJAS\u3011Par de amortiguadores Tmax, recomendados para instalaci\u00f3n profesional. La nueva funci\u00f3n de reducci\u00f3n de vibraciones te ayuda a disfrutar de una conducci\u00f3n c\u00f3moda.  \u3010CALIDAD\u3011Id\u00e9ntico en forma y calidad a los brazos originales, este kit permite restaurar completamente la funcionalidad del compartimento debajo del asiento. \u3010SOLUCI\u00d3N\u3011Cuando los componentes anticuados o muy desgastados dificultan la elevaci\u00f3n del asiento, la instalaci\u00f3n de este kit solucionar\u00e1 la situaci\u00f3n.\" \/>\n<meta property=\"og:url\" content=\"https:\/\/poliparts.net\/es\/producto\/par-de-amortiguadores-y-resortes-de-gas-para-elevacion-de-asiento-caja-de-almacenamiento-varilla-de-soporte-para-yamaha-tmax-500-2008-2011-y-t-max-530-2012-2016-2-piezas\/\" \/>\n<meta property=\"og:site_name\" content=\"Poliparts.net\" \/>\n<meta property=\"og:image\" content=\"https:\/\/poliparts.net\/wp-content\/uploads\/2025\/05\/ammortizzatore-sella-tmax.jpg\" \/>\n\t<meta property=\"og:image:width\" content=\"1500\" \/>\n\t<meta property=\"og:image:height\" content=\"1500\" \/>\n\t<meta property=\"og:image:type\" content=\"image\/jpeg\" \/>\n<meta name=\"twitter:card\" content=\"summary_large_image\" \/>\n<meta name=\"twitter:label1\" content=\"Tiempo de lectura\" \/>\n\t<meta name=\"twitter:data1\" content=\"1 minuto\" \/>\n<script type=\"application\/ld+json\" class=\"yoast-schema-graph\">{\"@context\":\"https:\\\/\\\/schema.org\",\"@graph\":[{\"@type\":\"WebPage\",\"@id\":\"https:\\\/\\\/poliparts.net\\\/es\\\/producto\\\/par-de-amortiguadores-y-resortes-de-gas-para-elevacion-de-asiento-caja-de-almacenamiento-varilla-de-soporte-para-yamaha-tmax-500-2008-2011-y-t-max-530-2012-2016-2-piezas\\\/\",\"url\":\"https:\\\/\\\/poliparts.net\\\/es\\\/producto\\\/par-de-amortiguadores-y-resortes-de-gas-para-elevacion-de-asiento-caja-de-almacenamiento-varilla-de-soporte-para-yamaha-tmax-500-2008-2011-y-t-max-530-2012-2016-2-piezas\\\/\",\"name\":\"Par de amortiguadores y resortes de gas para elevaci\u00f3n de asiento, caja de almacenamiento, varilla de soporte para Yamaha TMAX 500 (2008-2011) y T-MAX 530 (2012-2016) (2 piezas) - Poliparts.net\",\"isPartOf\":{\"@id\":\"https:\\\/\\\/poliparts.net\\\/es\\\/#website\"},\"primaryImageOfPage\":{\"@id\":\"https:\\\/\\\/poliparts.net\\\/es\\\/producto\\\/par-de-amortiguadores-y-resortes-de-gas-para-elevacion-de-asiento-caja-de-almacenamiento-varilla-de-soporte-para-yamaha-tmax-500-2008-2011-y-t-max-530-2012-2016-2-piezas\\\/#primaryimage\"},\"image\":{\"@id\":\"https:\\\/\\\/poliparts.net\\\/es\\\/producto\\\/par-de-amortiguadores-y-resortes-de-gas-para-elevacion-de-asiento-caja-de-almacenamiento-varilla-de-soporte-para-yamaha-tmax-500-2008-2011-y-t-max-530-2012-2016-2-piezas\\\/#primaryimage\"},\"thumbnailUrl\":\"https:\\\/\\\/poliparts.net\\\/wp-content\\\/uploads\\\/2025\\\/05\\\/ammortizzatore-sella-tmax.jpg\",\"datePublished\":\"2025-05-25T01:20:26+00:00\",\"breadcrumb\":{\"@id\":\"https:\\\/\\\/poliparts.net\\\/es\\\/producto\\\/par-de-amortiguadores-y-resortes-de-gas-para-elevacion-de-asiento-caja-de-almacenamiento-varilla-de-soporte-para-yamaha-tmax-500-2008-2011-y-t-max-530-2012-2016-2-piezas\\\/#breadcrumb\"},\"inLanguage\":\"es\",\"potentialAction\":[{\"@type\":\"ReadAction\",\"target\":[\"https:\\\/\\\/poliparts.net\\\/es\\\/producto\\\/par-de-amortiguadores-y-resortes-de-gas-para-elevacion-de-asiento-caja-de-almacenamiento-varilla-de-soporte-para-yamaha-tmax-500-2008-2011-y-t-max-530-2012-2016-2-piezas\\\/\"]}]},{\"@type\":\"ImageObject\",\"inLanguage\":\"es\",\"@id\":\"https:\\\/\\\/poliparts.net\\\/es\\\/producto\\\/par-de-amortiguadores-y-resortes-de-gas-para-elevacion-de-asiento-caja-de-almacenamiento-varilla-de-soporte-para-yamaha-tmax-500-2008-2011-y-t-max-530-2012-2016-2-piezas\\\/#primaryimage\",\"url\":\"https:\\\/\\\/poliparts.net\\\/wp-content\\\/uploads\\\/2025\\\/05\\\/ammortizzatore-sella-tmax.jpg\",\"contentUrl\":\"https:\\\/\\\/poliparts.net\\\/wp-content\\\/uploads\\\/2025\\\/05\\\/ammortizzatore-sella-tmax.jpg\",\"width\":1500,\"height\":1500,\"caption\":\"seat gas spring tmax 500 t-max 530 yamaha\"},{\"@type\":\"BreadcrumbList\",\"@id\":\"https:\\\/\\\/poliparts.net\\\/es\\\/producto\\\/par-de-amortiguadores-y-resortes-de-gas-para-elevacion-de-asiento-caja-de-almacenamiento-varilla-de-soporte-para-yamaha-tmax-500-2008-2011-y-t-max-530-2012-2016-2-piezas\\\/#breadcrumb\",\"itemListElement\":[{\"@type\":\"ListItem\",\"position\":1,\"name\":\"Home\",\"item\":\"https:\\\/\\\/poliparts.net\\\/es\\\/home\\\/\"},{\"@type\":\"ListItem\",\"position\":2,\"name\":\"Tienda\",\"item\":\"https:\\\/\\\/poliparts.net\\\/es\\\/shop\\\/\"},{\"@type\":\"ListItem\",\"position\":3,\"name\":\"Par de amortiguadores y resortes de gas para elevaci\u00f3n de asiento, caja de almacenamiento, varilla de soporte para Yamaha TMAX 500 (2008-2011) y T-MAX 530 (2012-2016) (2 piezas)\"}]},{\"@type\":\"WebSite\",\"@id\":\"https:\\\/\\\/poliparts.net\\\/es\\\/#website\",\"url\":\"https:\\\/\\\/poliparts.net\\\/es\\\/\",\"name\":\"Poliparts.net\",\"description\":\"Accessori e Ricambi Moto Scooter:  Diretto Fabbrica, Qualit\u00e0 Top, Prezzi migliori\",\"publisher\":{\"@id\":\"https:\\\/\\\/poliparts.net\\\/es\\\/#organization\"},\"potentialAction\":[{\"@type\":\"SearchAction\",\"target\":{\"@type\":\"EntryPoint\",\"urlTemplate\":\"https:\\\/\\\/poliparts.net\\\/es\\\/?s={search_term_string}\"},\"query-input\":{\"@type\":\"PropertyValueSpecification\",\"valueRequired\":true,\"valueName\":\"search_term_string\"}}],\"inLanguage\":\"es\"},{\"@type\":\"Organization\",\"@id\":\"https:\\\/\\\/poliparts.net\\\/es\\\/#organization\",\"name\":\"Poliparts.net\",\"url\":\"https:\\\/\\\/poliparts.net\\\/es\\\/\",\"logo\":{\"@type\":\"ImageObject\",\"inLanguage\":\"es\",\"@id\":\"https:\\\/\\\/poliparts.net\\\/es\\\/#\\\/schema\\\/logo\\\/image\\\/\",\"url\":\"https:\\\/\\\/poliparts.net\\\/wp-content\\\/uploads\\\/2025\\\/05\\\/POLIPARTS-1000.png\",\"contentUrl\":\"https:\\\/\\\/poliparts.net\\\/wp-content\\\/uploads\\\/2025\\\/05\\\/POLIPARTS-1000.png\",\"width\":1000,\"height\":274,\"caption\":\"Poliparts.net\"},\"image\":{\"@id\":\"https:\\\/\\\/poliparts.net\\\/es\\\/#\\\/schema\\\/logo\\\/image\\\/\"}}]}<\/script>\n<!-- \/ Yoast SEO plugin. -->","yoast_head_json":{"title":"Par de amortiguadores y resortes de gas para elevaci\u00f3n de asiento, caja de almacenamiento, varilla de soporte para Yamaha TMAX 500 (2008-2011) y T-MAX 530 (2012-2016) (2 piezas) - Poliparts.net","robots":{"index":"index","follow":"follow","max-snippet":"max-snippet:-1","max-image-preview":"max-image-preview:large","max-video-preview":"max-video-preview:-1"},"canonical":"https:\/\/poliparts.net\/es\/producto\/par-de-amortiguadores-y-resortes-de-gas-para-elevacion-de-asiento-caja-de-almacenamiento-varilla-de-soporte-para-yamaha-tmax-500-2008-2011-y-t-max-530-2012-2016-2-piezas\/","og_locale":"es_ES","og_type":"article","og_title":"Par de amortiguadores y resortes de gas para elevaci\u00f3n de asiento, caja de almacenamiento, varilla de soporte para Yamaha TMAX 500 (2008-2011) y T-MAX 530 (2012-2016) (2 piezas) - Poliparts.net","og_description":"\u3010COMPATIBILIDAD\u3011Amortiguadores YAMAHA T MAX 500 a\u00f1os 2008 2009 2010 2011 y T-Max 530 a\u00f1os 2012 2013 2014 2015 2016 \u3010CARACTER\u00cdSTICAS\u3011Ayudan a ajustar el cierre del sill\u00edn y proporcionan mayor estabilidad para mantenerlo en posici\u00f3n. \u3010VENTAJAS\u3011Par de amortiguadores Tmax, recomendados para instalaci\u00f3n profesional. La nueva funci\u00f3n de reducci\u00f3n de vibraciones te ayuda a disfrutar de una conducci\u00f3n c\u00f3moda.  \u3010CALIDAD\u3011Id\u00e9ntico en forma y calidad a los brazos originales, este kit permite restaurar completamente la funcionalidad del compartimento debajo del asiento. \u3010SOLUCI\u00d3N\u3011Cuando los componentes anticuados o muy desgastados dificultan la elevaci\u00f3n del asiento, la instalaci\u00f3n de este kit solucionar\u00e1 la situaci\u00f3n.","og_url":"https:\/\/poliparts.net\/es\/producto\/par-de-amortiguadores-y-resortes-de-gas-para-elevacion-de-asiento-caja-de-almacenamiento-varilla-de-soporte-para-yamaha-tmax-500-2008-2011-y-t-max-530-2012-2016-2-piezas\/","og_site_name":"Poliparts.net","og_image":[{"width":1500,"height":1500,"url":"https:\/\/poliparts.net\/wp-content\/uploads\/2025\/05\/ammortizzatore-sella-tmax.jpg","type":"image\/jpeg"}],"twitter_card":"summary_large_image","twitter_misc":{"Tiempo de lectura":"1 minuto"},"schema":{"@context":"https:\/\/schema.org","@graph":[{"@type":"WebPage","@id":"https:\/\/poliparts.net\/es\/producto\/par-de-amortiguadores-y-resortes-de-gas-para-elevacion-de-asiento-caja-de-almacenamiento-varilla-de-soporte-para-yamaha-tmax-500-2008-2011-y-t-max-530-2012-2016-2-piezas\/","url":"https:\/\/poliparts.net\/es\/producto\/par-de-amortiguadores-y-resortes-de-gas-para-elevacion-de-asiento-caja-de-almacenamiento-varilla-de-soporte-para-yamaha-tmax-500-2008-2011-y-t-max-530-2012-2016-2-piezas\/","name":"Par de amortiguadores y resortes de gas para elevaci\u00f3n de asiento, caja de almacenamiento, varilla de soporte para Yamaha TMAX 500 (2008-2011) y T-MAX 530 (2012-2016) (2 piezas) - Poliparts.net","isPartOf":{"@id":"https:\/\/poliparts.net\/es\/#website"},"primaryImageOfPage":{"@id":"https:\/\/poliparts.net\/es\/producto\/par-de-amortiguadores-y-resortes-de-gas-para-elevacion-de-asiento-caja-de-almacenamiento-varilla-de-soporte-para-yamaha-tmax-500-2008-2011-y-t-max-530-2012-2016-2-piezas\/#primaryimage"},"image":{"@id":"https:\/\/poliparts.net\/es\/producto\/par-de-amortiguadores-y-resortes-de-gas-para-elevacion-de-asiento-caja-de-almacenamiento-varilla-de-soporte-para-yamaha-tmax-500-2008-2011-y-t-max-530-2012-2016-2-piezas\/#primaryimage"},"thumbnailUrl":"https:\/\/poliparts.net\/wp-content\/uploads\/2025\/05\/ammortizzatore-sella-tmax.jpg","datePublished":"2025-05-25T01:20:26+00:00","breadcrumb":{"@id":"https:\/\/poliparts.net\/es\/producto\/par-de-amortiguadores-y-resortes-de-gas-para-elevacion-de-asiento-caja-de-almacenamiento-varilla-de-soporte-para-yamaha-tmax-500-2008-2011-y-t-max-530-2012-2016-2-piezas\/#breadcrumb"},"inLanguage":"es","potentialAction":[{"@type":"ReadAction","target":["https:\/\/poliparts.net\/es\/producto\/par-de-amortiguadores-y-resortes-de-gas-para-elevacion-de-asiento-caja-de-almacenamiento-varilla-de-soporte-para-yamaha-tmax-500-2008-2011-y-t-max-530-2012-2016-2-piezas\/"]}]},{"@type":"ImageObject","inLanguage":"es","@id":"https:\/\/poliparts.net\/es\/producto\/par-de-amortiguadores-y-resortes-de-gas-para-elevacion-de-asiento-caja-de-almacenamiento-varilla-de-soporte-para-yamaha-tmax-500-2008-2011-y-t-max-530-2012-2016-2-piezas\/#primaryimage","url":"https:\/\/poliparts.net\/wp-content\/uploads\/2025\/05\/ammortizzatore-sella-tmax.jpg","contentUrl":"https:\/\/poliparts.net\/wp-content\/uploads\/2025\/05\/ammortizzatore-sella-tmax.jpg","width":1500,"height":1500,"caption":"seat gas spring tmax 500 t-max 530 yamaha"},{"@type":"BreadcrumbList","@id":"https:\/\/poliparts.net\/es\/producto\/par-de-amortiguadores-y-resortes-de-gas-para-elevacion-de-asiento-caja-de-almacenamiento-varilla-de-soporte-para-yamaha-tmax-500-2008-2011-y-t-max-530-2012-2016-2-piezas\/#breadcrumb","itemListElement":[{"@type":"ListItem","position":1,"name":"Home","item":"https:\/\/poliparts.net\/es\/home\/"},{"@type":"ListItem","position":2,"name":"Tienda","item":"https:\/\/poliparts.net\/es\/shop\/"},{"@type":"ListItem","position":3,"name":"Par de amortiguadores y resortes de gas para elevaci\u00f3n de asiento, caja de almacenamiento, varilla de soporte para Yamaha TMAX 500 (2008-2011) y T-MAX 530 (2012-2016) (2 piezas)"}]},{"@type":"WebSite","@id":"https:\/\/poliparts.net\/es\/#website","url":"https:\/\/poliparts.net\/es\/","name":"Poliparts.net","description":"Accessori e Ricambi Moto Scooter:  Diretto Fabbrica, Qualit\u00e0 Top, Prezzi migliori","publisher":{"@id":"https:\/\/poliparts.net\/es\/#organization"},"potentialAction":[{"@type":"SearchAction","target":{"@type":"EntryPoint","urlTemplate":"https:\/\/poliparts.net\/es\/?s={search_term_string}"},"query-input":{"@type":"PropertyValueSpecification","valueRequired":true,"valueName":"search_term_string"}}],"inLanguage":"es"},{"@type":"Organization","@id":"https:\/\/poliparts.net\/es\/#organization","name":"Poliparts.net","url":"https:\/\/poliparts.net\/es\/","logo":{"@type":"ImageObject","inLanguage":"es","@id":"https:\/\/poliparts.net\/es\/#\/schema\/logo\/image\/","url":"https:\/\/poliparts.net\/wp-content\/uploads\/2025\/05\/POLIPARTS-1000.png","contentUrl":"https:\/\/poliparts.net\/wp-content\/uploads\/2025\/05\/POLIPARTS-1000.png","width":1000,"height":274,"caption":"Poliparts.net"},"image":{"@id":"https:\/\/poliparts.net\/es\/#\/schema\/logo\/image\/"}}]}},"_links":{"self":[{"href":"https:\/\/poliparts.net\/es\/wp-json\/wp\/v2\/product\/29916","targetHints":{"allow":["GET"]}}],"collection":[{"href":"https:\/\/poliparts.net\/es\/wp-json\/wp\/v2\/product"}],"about":[{"href":"https:\/\/poliparts.net\/es\/wp-json\/wp\/v2\/types\/product"}],"replies":[{"embeddable":true,"href":"https:\/\/poliparts.net\/es\/wp-json\/wp\/v2\/comments?post=29916"}],"version-history":[{"count":0,"href":"https:\/\/poliparts.net\/es\/wp-json\/wp\/v2\/product\/29916\/revisions"}],"wp:featuredmedia":[{"embeddable":true,"href":"https:\/\/poliparts.net\/es\/wp-json\/wp\/v2\/media\/29920"}],"wp:attachment":[{"href":"https:\/\/poliparts.net\/es\/wp-json\/wp\/v2\/media?parent=29916"}],"wp:term":[{"taxonomy":"product_brand","embeddable":true,"href":"https:\/\/poliparts.net\/es\/wp-json\/wp\/v2\/product_brand?post=29916"},{"taxonomy":"product_cat","embeddable":true,"href":"https:\/\/poliparts.net\/es\/wp-json\/wp\/v2\/product_cat?post=29916"},{"taxonomy":"product_tag","embeddable":true,"href":"https:\/\/poliparts.net\/es\/wp-json\/wp\/v2\/product_tag?post=29916"}],"curies":[{"name":"wp","href":"https:\/\/api.w.org\/{rel}","templated":true}]}}