{"id":29900,"date":"2025-05-25T03:10:44","date_gmt":"2025-05-25T01:10:44","guid":{"rendered":"https:\/\/poliparts.net\/product\/pegatinas-de-resina-3d-impermeables-con-letras-xmax-para-yamaha-x-max-x-max-125-250-300-400-2-unidades\/"},"modified":"2025-08-17T15:17:01","modified_gmt":"2025-08-17T13:17:01","slug":"pegatinas-de-resina-3d-impermeables-con-letras-xmax-para-yamaha-x-max-x-max-125-250-300-400-2-unidades","status":"publish","type":"product","link":"https:\/\/poliparts.net\/es\/producto\/pegatinas-de-resina-3d-impermeables-con-letras-xmax-para-yamaha-x-max-x-max-125-250-300-400-2-unidades\/","title":{"rendered":"Pegatinas de resina 3D impermeables con letras XMAX para Yamaha X-MAX X MAX 125 250 300 400 (2 unidades)"},"content":{"rendered":"<p><strong>DETALLES DEL PRODUCTO:<\/strong><\/p>\n<ol>\n<li>Par de pegatinas de resina 3D con escritura XMAX en varios colores.<\/li>\n<li>Pegatinas de resina ideales para cualquier tipo de uso.<\/li>\n<li>Todas nuestras pegatinas est\u00e1n espec\u00edficamente dise\u00f1adas y fabricadas para garantizar la protecci\u00f3n contra ara\u00f1azos, golpes y la intemperie.<\/li>\n<li>Durable y f\u00e1cil de colocar.<\/li>\n<li>La impresi\u00f3n es en Alta Definici\u00f3n y los colores perduran en el tiempo y no se desvanecen f\u00e1cilmente gracias al tratamiento especial por el cual la resina act\u00faa como filtro contra los rayos UV.<\/li>\n<li>Color: Negro, Plata, Oro, Rojo.<\/li>\n<li>Cantidad: 2 piezas (1 par).<\/li>\n<li>Tama\u00f1o: 160 x 26 mm<\/li>\n<li>Compatible: Yamaha X-MAX XMAX 125 250 300 400 cc<\/li>\n<\/ol>\n","protected":false},"excerpt":{"rendered":"<ul>\n<li>\u3010COMPATIBILIDAD\u3011El producto es compatible con Yamaha XMAX 125 250 300 400 cc<\/li>\n<li>\u3010TAMA\u00d1O\u3011160 x 26 mm<\/li>\n<li>\u3010CANTIDAD\u3011 2 piezas (1 par)<\/li>\n<li>\u3010MATERIAL\u3011Pegatinas de resina con impresi\u00f3n de alta calidad. Material duradero y resistente. Se adhieren perfectamente y son f\u00e1ciles de aplicar.  <\/li>\n<li>\u3010CONFIABILIDAD\u3011El revestimiento de resina hace que la pegatina sea m\u00e1s brillante y la protege de ara\u00f1azos, polvo, lluvia y viento.<\/li>\n<\/ul>\n","protected":false},"featured_media":29903,"comment_status":"open","ping_status":"closed","template":"","meta":[],"product_brand":[73],"product_cat":[482],"product_tag":[530,517,516,492,493,524,520,525,519,522,515,526,527,494,490,491,523,489,488,518,521,487,486],"class_list":{"0":"post-29900","1":"product","2":"type-product","3":"status-publish","4":"has-post-thumbnail","6":"product_brand-yamaha","7":"product_cat-pegatinas-calcomanias","8":"product_tag-3d-es","9":"product_tag-3m-es","10":"product_tag-adesivi-es","11":"product_tag-calcomania","12":"product_tag-en-relieve","13":"product_tag-excelente-estado","14":"product_tag-graffio-es","15":"product_tag-llanta","16":"product_tag-luz","17":"product_tag-mal-tiempo","18":"product_tag-maxi-scooter","19":"product_tag-racing-bike-es","20":"product_tag-rayas-de-ruedas","21":"product_tag-recubrimiento-de-resina","22":"product_tag-resina-es","23":"product_tag-resina-es-2","24":"product_tag-resistente-al-lavado","25":"product_tag-sticker-es","26":"product_tag-stickers-es","27":"product_tag-tanque-de-casco","28":"product_tag-urti-es","29":"product_tag-xmax-es","30":"product_tag-yamaha-es","32":"first","33":"instock","34":"sale","35":"shipping-taxable","36":"purchasable","37":"product-type-variable"},"yoast_head":"<!-- This site is optimized with the Yoast SEO plugin v27.3 - https:\/\/yoast.com\/product\/yoast-seo-wordpress\/ -->\n<title>Pegatinas de resina 3D impermeables con letras XMAX para Yamaha X-MAX X MAX 125 250 300 400 (2 unidades) - Poliparts.net<\/title>\n<meta name=\"robots\" content=\"index, follow, max-snippet:-1, max-image-preview:large, max-video-preview:-1\" \/>\n<link rel=\"canonical\" href=\"https:\/\/poliparts.net\/es\/producto\/pegatinas-de-resina-3d-impermeables-con-letras-xmax-para-yamaha-x-max-x-max-125-250-300-400-2-unidades\/\" \/>\n<meta property=\"og:locale\" content=\"es_ES\" \/>\n<meta property=\"og:type\" content=\"article\" \/>\n<meta property=\"og:title\" content=\"Pegatinas de resina 3D impermeables con letras XMAX para Yamaha X-MAX X MAX 125 250 300 400 (2 unidades) - Poliparts.net\" \/>\n<meta property=\"og:description\" content=\"\u3010COMPATIBILIDAD\u3011El producto es compatible con Yamaha XMAX 125 250 300 400 cc  \u3010TAMA\u00d1O\u3011160 x 26 mm  \u3010CANTIDAD\u3011 2 piezas (1 par)  \u3010MATERIAL\u3011Pegatinas de resina con impresi\u00f3n de alta calidad. Material duradero y resistente. Se adhieren perfectamente y son f\u00e1ciles de aplicar.   \u3010CONFIABILIDAD\u3011El revestimiento de resina hace que la pegatina sea m\u00e1s brillante y la protege de ara\u00f1azos, polvo, lluvia y viento.\" \/>\n<meta property=\"og:url\" content=\"https:\/\/poliparts.net\/es\/producto\/pegatinas-de-resina-3d-impermeables-con-letras-xmax-para-yamaha-x-max-x-max-125-250-300-400-2-unidades\/\" \/>\n<meta property=\"og:site_name\" content=\"Poliparts.net\" \/>\n<meta property=\"article:modified_time\" content=\"2025-08-17T13:17:01+00:00\" \/>\n<meta property=\"og:image\" content=\"https:\/\/poliparts.net\/wp-content\/uploads\/2025\/05\/adesivi-sticker-yamaha-xmax-resina.jpg\" \/>\n\t<meta property=\"og:image:width\" content=\"1800\" \/>\n\t<meta property=\"og:image:height\" content=\"1800\" \/>\n\t<meta property=\"og:image:type\" content=\"image\/jpeg\" \/>\n<meta name=\"twitter:card\" content=\"summary_large_image\" \/>\n<meta name=\"twitter:label1\" content=\"Tiempo de lectura\" \/>\n\t<meta name=\"twitter:data1\" content=\"1 minuto\" \/>\n<script type=\"application\/ld+json\" class=\"yoast-schema-graph\">{\"@context\":\"https:\\\/\\\/schema.org\",\"@graph\":[{\"@type\":\"WebPage\",\"@id\":\"https:\\\/\\\/poliparts.net\\\/es\\\/producto\\\/pegatinas-de-resina-3d-impermeables-con-letras-xmax-para-yamaha-x-max-x-max-125-250-300-400-2-unidades\\\/\",\"url\":\"https:\\\/\\\/poliparts.net\\\/es\\\/producto\\\/pegatinas-de-resina-3d-impermeables-con-letras-xmax-para-yamaha-x-max-x-max-125-250-300-400-2-unidades\\\/\",\"name\":\"Pegatinas de resina 3D impermeables con letras XMAX para Yamaha X-MAX X MAX 125 250 300 400 (2 unidades) - Poliparts.net\",\"isPartOf\":{\"@id\":\"https:\\\/\\\/poliparts.net\\\/es\\\/#website\"},\"primaryImageOfPage\":{\"@id\":\"https:\\\/\\\/poliparts.net\\\/es\\\/producto\\\/pegatinas-de-resina-3d-impermeables-con-letras-xmax-para-yamaha-x-max-x-max-125-250-300-400-2-unidades\\\/#primaryimage\"},\"image\":{\"@id\":\"https:\\\/\\\/poliparts.net\\\/es\\\/producto\\\/pegatinas-de-resina-3d-impermeables-con-letras-xmax-para-yamaha-x-max-x-max-125-250-300-400-2-unidades\\\/#primaryimage\"},\"thumbnailUrl\":\"https:\\\/\\\/poliparts.net\\\/wp-content\\\/uploads\\\/2025\\\/05\\\/adesivi-sticker-yamaha-xmax-resina.jpg\",\"datePublished\":\"2025-05-25T01:10:44+00:00\",\"dateModified\":\"2025-08-17T13:17:01+00:00\",\"breadcrumb\":{\"@id\":\"https:\\\/\\\/poliparts.net\\\/es\\\/producto\\\/pegatinas-de-resina-3d-impermeables-con-letras-xmax-para-yamaha-x-max-x-max-125-250-300-400-2-unidades\\\/#breadcrumb\"},\"inLanguage\":\"es\",\"potentialAction\":[{\"@type\":\"ReadAction\",\"target\":[\"https:\\\/\\\/poliparts.net\\\/es\\\/producto\\\/pegatinas-de-resina-3d-impermeables-con-letras-xmax-para-yamaha-x-max-x-max-125-250-300-400-2-unidades\\\/\"]}]},{\"@type\":\"ImageObject\",\"inLanguage\":\"es\",\"@id\":\"https:\\\/\\\/poliparts.net\\\/es\\\/producto\\\/pegatinas-de-resina-3d-impermeables-con-letras-xmax-para-yamaha-x-max-x-max-125-250-300-400-2-unidades\\\/#primaryimage\",\"url\":\"https:\\\/\\\/poliparts.net\\\/wp-content\\\/uploads\\\/2025\\\/05\\\/adesivi-sticker-yamaha-xmax-resina.jpg\",\"contentUrl\":\"https:\\\/\\\/poliparts.net\\\/wp-content\\\/uploads\\\/2025\\\/05\\\/adesivi-sticker-yamaha-xmax-resina.jpg\",\"width\":1800,\"height\":1800,\"caption\":\"adesivi yamaha x-max resina 3d\"},{\"@type\":\"BreadcrumbList\",\"@id\":\"https:\\\/\\\/poliparts.net\\\/es\\\/producto\\\/pegatinas-de-resina-3d-impermeables-con-letras-xmax-para-yamaha-x-max-x-max-125-250-300-400-2-unidades\\\/#breadcrumb\",\"itemListElement\":[{\"@type\":\"ListItem\",\"position\":1,\"name\":\"Home\",\"item\":\"https:\\\/\\\/poliparts.net\\\/es\\\/home\\\/\"},{\"@type\":\"ListItem\",\"position\":2,\"name\":\"Tienda\",\"item\":\"https:\\\/\\\/poliparts.net\\\/es\\\/shop\\\/\"},{\"@type\":\"ListItem\",\"position\":3,\"name\":\"Pegatinas de resina 3D impermeables con letras XMAX para Yamaha X-MAX X MAX 125 250 300 400 (2 unidades)\"}]},{\"@type\":\"WebSite\",\"@id\":\"https:\\\/\\\/poliparts.net\\\/es\\\/#website\",\"url\":\"https:\\\/\\\/poliparts.net\\\/es\\\/\",\"name\":\"Poliparts.net\",\"description\":\"Accessori e Ricambi Moto Scooter:  Diretto Fabbrica, Qualit\u00e0 Top, Prezzi migliori\",\"publisher\":{\"@id\":\"https:\\\/\\\/poliparts.net\\\/es\\\/#organization\"},\"potentialAction\":[{\"@type\":\"SearchAction\",\"target\":{\"@type\":\"EntryPoint\",\"urlTemplate\":\"https:\\\/\\\/poliparts.net\\\/es\\\/?s={search_term_string}\"},\"query-input\":{\"@type\":\"PropertyValueSpecification\",\"valueRequired\":true,\"valueName\":\"search_term_string\"}}],\"inLanguage\":\"es\"},{\"@type\":\"Organization\",\"@id\":\"https:\\\/\\\/poliparts.net\\\/es\\\/#organization\",\"name\":\"Poliparts.net\",\"url\":\"https:\\\/\\\/poliparts.net\\\/es\\\/\",\"logo\":{\"@type\":\"ImageObject\",\"inLanguage\":\"es\",\"@id\":\"https:\\\/\\\/poliparts.net\\\/es\\\/#\\\/schema\\\/logo\\\/image\\\/\",\"url\":\"https:\\\/\\\/poliparts.net\\\/wp-content\\\/uploads\\\/2025\\\/05\\\/POLIPARTS-1000.png\",\"contentUrl\":\"https:\\\/\\\/poliparts.net\\\/wp-content\\\/uploads\\\/2025\\\/05\\\/POLIPARTS-1000.png\",\"width\":1000,\"height\":274,\"caption\":\"Poliparts.net\"},\"image\":{\"@id\":\"https:\\\/\\\/poliparts.net\\\/es\\\/#\\\/schema\\\/logo\\\/image\\\/\"}}]}<\/script>\n<!-- \/ Yoast SEO plugin. -->","yoast_head_json":{"title":"Pegatinas de resina 3D impermeables con letras XMAX para Yamaha X-MAX X MAX 125 250 300 400 (2 unidades) - Poliparts.net","robots":{"index":"index","follow":"follow","max-snippet":"max-snippet:-1","max-image-preview":"max-image-preview:large","max-video-preview":"max-video-preview:-1"},"canonical":"https:\/\/poliparts.net\/es\/producto\/pegatinas-de-resina-3d-impermeables-con-letras-xmax-para-yamaha-x-max-x-max-125-250-300-400-2-unidades\/","og_locale":"es_ES","og_type":"article","og_title":"Pegatinas de resina 3D impermeables con letras XMAX para Yamaha X-MAX X MAX 125 250 300 400 (2 unidades) - Poliparts.net","og_description":"\u3010COMPATIBILIDAD\u3011El producto es compatible con Yamaha XMAX 125 250 300 400 cc  \u3010TAMA\u00d1O\u3011160 x 26 mm  \u3010CANTIDAD\u3011 2 piezas (1 par)  \u3010MATERIAL\u3011Pegatinas de resina con impresi\u00f3n de alta calidad. Material duradero y resistente. Se adhieren perfectamente y son f\u00e1ciles de aplicar.   \u3010CONFIABILIDAD\u3011El revestimiento de resina hace que la pegatina sea m\u00e1s brillante y la protege de ara\u00f1azos, polvo, lluvia y viento.","og_url":"https:\/\/poliparts.net\/es\/producto\/pegatinas-de-resina-3d-impermeables-con-letras-xmax-para-yamaha-x-max-x-max-125-250-300-400-2-unidades\/","og_site_name":"Poliparts.net","article_modified_time":"2025-08-17T13:17:01+00:00","og_image":[{"width":1800,"height":1800,"url":"https:\/\/poliparts.net\/wp-content\/uploads\/2025\/05\/adesivi-sticker-yamaha-xmax-resina.jpg","type":"image\/jpeg"}],"twitter_card":"summary_large_image","twitter_misc":{"Tiempo de lectura":"1 minuto"},"schema":{"@context":"https:\/\/schema.org","@graph":[{"@type":"WebPage","@id":"https:\/\/poliparts.net\/es\/producto\/pegatinas-de-resina-3d-impermeables-con-letras-xmax-para-yamaha-x-max-x-max-125-250-300-400-2-unidades\/","url":"https:\/\/poliparts.net\/es\/producto\/pegatinas-de-resina-3d-impermeables-con-letras-xmax-para-yamaha-x-max-x-max-125-250-300-400-2-unidades\/","name":"Pegatinas de resina 3D impermeables con letras XMAX para Yamaha X-MAX X MAX 125 250 300 400 (2 unidades) - Poliparts.net","isPartOf":{"@id":"https:\/\/poliparts.net\/es\/#website"},"primaryImageOfPage":{"@id":"https:\/\/poliparts.net\/es\/producto\/pegatinas-de-resina-3d-impermeables-con-letras-xmax-para-yamaha-x-max-x-max-125-250-300-400-2-unidades\/#primaryimage"},"image":{"@id":"https:\/\/poliparts.net\/es\/producto\/pegatinas-de-resina-3d-impermeables-con-letras-xmax-para-yamaha-x-max-x-max-125-250-300-400-2-unidades\/#primaryimage"},"thumbnailUrl":"https:\/\/poliparts.net\/wp-content\/uploads\/2025\/05\/adesivi-sticker-yamaha-xmax-resina.jpg","datePublished":"2025-05-25T01:10:44+00:00","dateModified":"2025-08-17T13:17:01+00:00","breadcrumb":{"@id":"https:\/\/poliparts.net\/es\/producto\/pegatinas-de-resina-3d-impermeables-con-letras-xmax-para-yamaha-x-max-x-max-125-250-300-400-2-unidades\/#breadcrumb"},"inLanguage":"es","potentialAction":[{"@type":"ReadAction","target":["https:\/\/poliparts.net\/es\/producto\/pegatinas-de-resina-3d-impermeables-con-letras-xmax-para-yamaha-x-max-x-max-125-250-300-400-2-unidades\/"]}]},{"@type":"ImageObject","inLanguage":"es","@id":"https:\/\/poliparts.net\/es\/producto\/pegatinas-de-resina-3d-impermeables-con-letras-xmax-para-yamaha-x-max-x-max-125-250-300-400-2-unidades\/#primaryimage","url":"https:\/\/poliparts.net\/wp-content\/uploads\/2025\/05\/adesivi-sticker-yamaha-xmax-resina.jpg","contentUrl":"https:\/\/poliparts.net\/wp-content\/uploads\/2025\/05\/adesivi-sticker-yamaha-xmax-resina.jpg","width":1800,"height":1800,"caption":"adesivi yamaha x-max resina 3d"},{"@type":"BreadcrumbList","@id":"https:\/\/poliparts.net\/es\/producto\/pegatinas-de-resina-3d-impermeables-con-letras-xmax-para-yamaha-x-max-x-max-125-250-300-400-2-unidades\/#breadcrumb","itemListElement":[{"@type":"ListItem","position":1,"name":"Home","item":"https:\/\/poliparts.net\/es\/home\/"},{"@type":"ListItem","position":2,"name":"Tienda","item":"https:\/\/poliparts.net\/es\/shop\/"},{"@type":"ListItem","position":3,"name":"Pegatinas de resina 3D impermeables con letras XMAX para Yamaha X-MAX X MAX 125 250 300 400 (2 unidades)"}]},{"@type":"WebSite","@id":"https:\/\/poliparts.net\/es\/#website","url":"https:\/\/poliparts.net\/es\/","name":"Poliparts.net","description":"Accessori e Ricambi Moto Scooter:  Diretto Fabbrica, Qualit\u00e0 Top, Prezzi migliori","publisher":{"@id":"https:\/\/poliparts.net\/es\/#organization"},"potentialAction":[{"@type":"SearchAction","target":{"@type":"EntryPoint","urlTemplate":"https:\/\/poliparts.net\/es\/?s={search_term_string}"},"query-input":{"@type":"PropertyValueSpecification","valueRequired":true,"valueName":"search_term_string"}}],"inLanguage":"es"},{"@type":"Organization","@id":"https:\/\/poliparts.net\/es\/#organization","name":"Poliparts.net","url":"https:\/\/poliparts.net\/es\/","logo":{"@type":"ImageObject","inLanguage":"es","@id":"https:\/\/poliparts.net\/es\/#\/schema\/logo\/image\/","url":"https:\/\/poliparts.net\/wp-content\/uploads\/2025\/05\/POLIPARTS-1000.png","contentUrl":"https:\/\/poliparts.net\/wp-content\/uploads\/2025\/05\/POLIPARTS-1000.png","width":1000,"height":274,"caption":"Poliparts.net"},"image":{"@id":"https:\/\/poliparts.net\/es\/#\/schema\/logo\/image\/"}}]}},"_links":{"self":[{"href":"https:\/\/poliparts.net\/es\/wp-json\/wp\/v2\/product\/29900","targetHints":{"allow":["GET"]}}],"collection":[{"href":"https:\/\/poliparts.net\/es\/wp-json\/wp\/v2\/product"}],"about":[{"href":"https:\/\/poliparts.net\/es\/wp-json\/wp\/v2\/types\/product"}],"replies":[{"embeddable":true,"href":"https:\/\/poliparts.net\/es\/wp-json\/wp\/v2\/comments?post=29900"}],"version-history":[{"count":1,"href":"https:\/\/poliparts.net\/es\/wp-json\/wp\/v2\/product\/29900\/revisions"}],"predecessor-version":[{"id":30231,"href":"https:\/\/poliparts.net\/es\/wp-json\/wp\/v2\/product\/29900\/revisions\/30231"}],"wp:featuredmedia":[{"embeddable":true,"href":"https:\/\/poliparts.net\/es\/wp-json\/wp\/v2\/media\/29903"}],"wp:attachment":[{"href":"https:\/\/poliparts.net\/es\/wp-json\/wp\/v2\/media?parent=29900"}],"wp:term":[{"taxonomy":"product_brand","embeddable":true,"href":"https:\/\/poliparts.net\/es\/wp-json\/wp\/v2\/product_brand?post=29900"},{"taxonomy":"product_cat","embeddable":true,"href":"https:\/\/poliparts.net\/es\/wp-json\/wp\/v2\/product_cat?post=29900"},{"taxonomy":"product_tag","embeddable":true,"href":"https:\/\/poliparts.net\/es\/wp-json\/wp\/v2\/product_tag?post=29900"}],"curies":[{"name":"wp","href":"https:\/\/api.w.org\/{rel}","templated":true}]}}