{"id":29870,"date":"2025-05-24T06:31:51","date_gmt":"2025-05-24T04:31:51","guid":{"rendered":"https:\/\/poliparts.net\/product\/emblema-adhesivo-de-acero-inoxidable-con-el-logotipo-de-yamaha-y-efecto-relieve-3d\/"},"modified":"2025-08-17T15:15:41","modified_gmt":"2025-08-17T13:15:41","slug":"emblema-adhesivo-de-acero-inoxidable-con-el-logotipo-de-yamaha-y-efecto-relieve-3d","status":"publish","type":"product","link":"https:\/\/poliparts.net\/es\/producto\/emblema-adhesivo-de-acero-inoxidable-con-el-logotipo-de-yamaha-y-efecto-relieve-3d\/","title":{"rendered":"Emblema adhesivo de acero inoxidable con el logotipo de Yamaha y efecto relieve 3D"},"content":{"rendered":"<p><strong>DETALLES DEL PRODUCTO:<\/strong><\/p>\n<ul>\n<li>Material de acero inoxidable con la superficie recubierta de resina 3D.<\/li>\n<li>Di\u00e1metro 55mm.<\/li>\n<li>M\u00e1s brillante y resistente a ara\u00f1azos, polvo, lluvia y viento.<\/li>\n<li>Material de alta calidad, resistente al lavado.<\/li>\n<\/ul>\n","protected":false},"excerpt":{"rendered":"<ul>\n<li>\u3010DIMENSIONES\u3011Di\u00e1metro 55mm.<\/li>\n<li>\u3010MATERIAL\u3011Acero inoxidable de alta calidad, resistente al lavado, recubierto de resina con efecto 3D.<\/li>\n<li>\u3010CONFIABILIDAD\u3011El material de aleaci\u00f3n hace que la pegatina sea m\u00e1s brillante y m\u00e1s resistente a los ara\u00f1azos, el polvo, la lluvia y el viento.<\/li>\n<\/ul>\n","protected":false},"featured_media":29871,"comment_status":"open","ping_status":"closed","template":"","meta":[],"product_brand":[73],"product_cat":[482],"product_tag":[499,498,504,501,492,497,493,502,500,496,505,503,495,494,490,491,506,489,488,484,485,483,507,487,486],"class_list":{"0":"post-29870","1":"product","2":"type-product","3":"status-publish","4":"has-post-thumbnail","6":"product_brand-yamaha","7":"product_cat-pegatinas-calcomanias","8":"product_tag-abovedado","9":"product_tag-aluminio","10":"product_tag-atv-es","11":"product_tag-autoadesivo-es","12":"product_tag-calcomania","13":"product_tag-emblema-es","14":"product_tag-en-relieve","15":"product_tag-esquiar","16":"product_tag-gel","17":"product_tag-genuino","18":"product_tag-motonieve","19":"product_tag-nautico-es","20":"product_tag-original","21":"product_tag-recubrimiento-de-resina","22":"product_tag-resina-es","23":"product_tag-resina-es-2","24":"product_tag-scooter","25":"product_tag-sticker-es","26":"product_tag-stickers-es","27":"product_tag-t-max-es","28":"product_tag-tmax-es","29":"product_tag-tuning-es","30":"product_tag-x-max-es","31":"product_tag-xmax-es","32":"product_tag-yamaha-es","34":"first","35":"instock","36":"sale","37":"shipping-taxable","38":"purchasable","39":"product-type-simple"},"yoast_head":"<!-- This site is optimized with the Yoast SEO plugin v27.3 - https:\/\/yoast.com\/product\/yoast-seo-wordpress\/ -->\n<title>Emblema adhesivo de acero inoxidable con el logotipo de Yamaha y efecto relieve 3D - Poliparts.net<\/title>\n<meta name=\"robots\" content=\"index, follow, max-snippet:-1, max-image-preview:large, max-video-preview:-1\" \/>\n<link rel=\"canonical\" href=\"https:\/\/poliparts.net\/es\/producto\/emblema-adhesivo-de-acero-inoxidable-con-el-logotipo-de-yamaha-y-efecto-relieve-3d\/\" \/>\n<meta property=\"og:locale\" content=\"es_ES\" \/>\n<meta property=\"og:type\" content=\"article\" \/>\n<meta property=\"og:title\" content=\"Emblema adhesivo de acero inoxidable con el logotipo de Yamaha y efecto relieve 3D - Poliparts.net\" \/>\n<meta property=\"og:description\" content=\"\u3010DIMENSIONES\u3011Di\u00e1metro 55mm.  \u3010MATERIAL\u3011Acero inoxidable de alta calidad, resistente al lavado, recubierto de resina con efecto 3D.  \u3010CONFIABILIDAD\u3011El material de aleaci\u00f3n hace que la pegatina sea m\u00e1s brillante y m\u00e1s resistente a los ara\u00f1azos, el polvo, la lluvia y el viento.\" \/>\n<meta property=\"og:url\" content=\"https:\/\/poliparts.net\/es\/producto\/emblema-adhesivo-de-acero-inoxidable-con-el-logotipo-de-yamaha-y-efecto-relieve-3d\/\" \/>\n<meta property=\"og:site_name\" content=\"Poliparts.net\" \/>\n<meta property=\"article:modified_time\" content=\"2025-08-17T13:15:41+00:00\" \/>\n<meta property=\"og:image\" content=\"https:\/\/poliparts.net\/wp-content\/uploads\/2025\/05\/adesivi-logo-yamaha.jpg\" \/>\n\t<meta property=\"og:image:width\" content=\"1500\" \/>\n\t<meta property=\"og:image:height\" content=\"1500\" \/>\n\t<meta property=\"og:image:type\" content=\"image\/jpeg\" \/>\n<meta name=\"twitter:card\" content=\"summary_large_image\" \/>\n<script type=\"application\/ld+json\" class=\"yoast-schema-graph\">{\"@context\":\"https:\\\/\\\/schema.org\",\"@graph\":[{\"@type\":\"WebPage\",\"@id\":\"https:\\\/\\\/poliparts.net\\\/es\\\/producto\\\/emblema-adhesivo-de-acero-inoxidable-con-el-logotipo-de-yamaha-y-efecto-relieve-3d\\\/\",\"url\":\"https:\\\/\\\/poliparts.net\\\/es\\\/producto\\\/emblema-adhesivo-de-acero-inoxidable-con-el-logotipo-de-yamaha-y-efecto-relieve-3d\\\/\",\"name\":\"Emblema adhesivo de acero inoxidable con el logotipo de Yamaha y efecto relieve 3D - Poliparts.net\",\"isPartOf\":{\"@id\":\"https:\\\/\\\/poliparts.net\\\/es\\\/#website\"},\"primaryImageOfPage\":{\"@id\":\"https:\\\/\\\/poliparts.net\\\/es\\\/producto\\\/emblema-adhesivo-de-acero-inoxidable-con-el-logotipo-de-yamaha-y-efecto-relieve-3d\\\/#primaryimage\"},\"image\":{\"@id\":\"https:\\\/\\\/poliparts.net\\\/es\\\/producto\\\/emblema-adhesivo-de-acero-inoxidable-con-el-logotipo-de-yamaha-y-efecto-relieve-3d\\\/#primaryimage\"},\"thumbnailUrl\":\"https:\\\/\\\/poliparts.net\\\/wp-content\\\/uploads\\\/2025\\\/05\\\/adesivi-logo-yamaha.jpg\",\"datePublished\":\"2025-05-24T04:31:51+00:00\",\"dateModified\":\"2025-08-17T13:15:41+00:00\",\"breadcrumb\":{\"@id\":\"https:\\\/\\\/poliparts.net\\\/es\\\/producto\\\/emblema-adhesivo-de-acero-inoxidable-con-el-logotipo-de-yamaha-y-efecto-relieve-3d\\\/#breadcrumb\"},\"inLanguage\":\"es\",\"potentialAction\":[{\"@type\":\"ReadAction\",\"target\":[\"https:\\\/\\\/poliparts.net\\\/es\\\/producto\\\/emblema-adhesivo-de-acero-inoxidable-con-el-logotipo-de-yamaha-y-efecto-relieve-3d\\\/\"]}]},{\"@type\":\"ImageObject\",\"inLanguage\":\"es\",\"@id\":\"https:\\\/\\\/poliparts.net\\\/es\\\/producto\\\/emblema-adhesivo-de-acero-inoxidable-con-el-logotipo-de-yamaha-y-efecto-relieve-3d\\\/#primaryimage\",\"url\":\"https:\\\/\\\/poliparts.net\\\/wp-content\\\/uploads\\\/2025\\\/05\\\/adesivi-logo-yamaha.jpg\",\"contentUrl\":\"https:\\\/\\\/poliparts.net\\\/wp-content\\\/uploads\\\/2025\\\/05\\\/adesivi-logo-yamaha.jpg\",\"width\":1500,\"height\":1500},{\"@type\":\"BreadcrumbList\",\"@id\":\"https:\\\/\\\/poliparts.net\\\/es\\\/producto\\\/emblema-adhesivo-de-acero-inoxidable-con-el-logotipo-de-yamaha-y-efecto-relieve-3d\\\/#breadcrumb\",\"itemListElement\":[{\"@type\":\"ListItem\",\"position\":1,\"name\":\"Home\",\"item\":\"https:\\\/\\\/poliparts.net\\\/es\\\/home\\\/\"},{\"@type\":\"ListItem\",\"position\":2,\"name\":\"Tienda\",\"item\":\"https:\\\/\\\/poliparts.net\\\/es\\\/shop\\\/\"},{\"@type\":\"ListItem\",\"position\":3,\"name\":\"Emblema adhesivo de acero inoxidable con el logotipo de Yamaha y efecto relieve 3D\"}]},{\"@type\":\"WebSite\",\"@id\":\"https:\\\/\\\/poliparts.net\\\/es\\\/#website\",\"url\":\"https:\\\/\\\/poliparts.net\\\/es\\\/\",\"name\":\"Poliparts.net\",\"description\":\"Accessori e Ricambi Moto Scooter:  Diretto Fabbrica, Qualit\u00e0 Top, Prezzi migliori\",\"publisher\":{\"@id\":\"https:\\\/\\\/poliparts.net\\\/es\\\/#organization\"},\"potentialAction\":[{\"@type\":\"SearchAction\",\"target\":{\"@type\":\"EntryPoint\",\"urlTemplate\":\"https:\\\/\\\/poliparts.net\\\/es\\\/?s={search_term_string}\"},\"query-input\":{\"@type\":\"PropertyValueSpecification\",\"valueRequired\":true,\"valueName\":\"search_term_string\"}}],\"inLanguage\":\"es\"},{\"@type\":\"Organization\",\"@id\":\"https:\\\/\\\/poliparts.net\\\/es\\\/#organization\",\"name\":\"Poliparts.net\",\"url\":\"https:\\\/\\\/poliparts.net\\\/es\\\/\",\"logo\":{\"@type\":\"ImageObject\",\"inLanguage\":\"es\",\"@id\":\"https:\\\/\\\/poliparts.net\\\/es\\\/#\\\/schema\\\/logo\\\/image\\\/\",\"url\":\"https:\\\/\\\/poliparts.net\\\/wp-content\\\/uploads\\\/2025\\\/05\\\/POLIPARTS-1000.png\",\"contentUrl\":\"https:\\\/\\\/poliparts.net\\\/wp-content\\\/uploads\\\/2025\\\/05\\\/POLIPARTS-1000.png\",\"width\":1000,\"height\":274,\"caption\":\"Poliparts.net\"},\"image\":{\"@id\":\"https:\\\/\\\/poliparts.net\\\/es\\\/#\\\/schema\\\/logo\\\/image\\\/\"}}]}<\/script>\n<!-- \/ Yoast SEO plugin. -->","yoast_head_json":{"title":"Emblema adhesivo de acero inoxidable con el logotipo de Yamaha y efecto relieve 3D - Poliparts.net","robots":{"index":"index","follow":"follow","max-snippet":"max-snippet:-1","max-image-preview":"max-image-preview:large","max-video-preview":"max-video-preview:-1"},"canonical":"https:\/\/poliparts.net\/es\/producto\/emblema-adhesivo-de-acero-inoxidable-con-el-logotipo-de-yamaha-y-efecto-relieve-3d\/","og_locale":"es_ES","og_type":"article","og_title":"Emblema adhesivo de acero inoxidable con el logotipo de Yamaha y efecto relieve 3D - Poliparts.net","og_description":"\u3010DIMENSIONES\u3011Di\u00e1metro 55mm.  \u3010MATERIAL\u3011Acero inoxidable de alta calidad, resistente al lavado, recubierto de resina con efecto 3D.  \u3010CONFIABILIDAD\u3011El material de aleaci\u00f3n hace que la pegatina sea m\u00e1s brillante y m\u00e1s resistente a los ara\u00f1azos, el polvo, la lluvia y el viento.","og_url":"https:\/\/poliparts.net\/es\/producto\/emblema-adhesivo-de-acero-inoxidable-con-el-logotipo-de-yamaha-y-efecto-relieve-3d\/","og_site_name":"Poliparts.net","article_modified_time":"2025-08-17T13:15:41+00:00","og_image":[{"width":1500,"height":1500,"url":"https:\/\/poliparts.net\/wp-content\/uploads\/2025\/05\/adesivi-logo-yamaha.jpg","type":"image\/jpeg"}],"twitter_card":"summary_large_image","schema":{"@context":"https:\/\/schema.org","@graph":[{"@type":"WebPage","@id":"https:\/\/poliparts.net\/es\/producto\/emblema-adhesivo-de-acero-inoxidable-con-el-logotipo-de-yamaha-y-efecto-relieve-3d\/","url":"https:\/\/poliparts.net\/es\/producto\/emblema-adhesivo-de-acero-inoxidable-con-el-logotipo-de-yamaha-y-efecto-relieve-3d\/","name":"Emblema adhesivo de acero inoxidable con el logotipo de Yamaha y efecto relieve 3D - Poliparts.net","isPartOf":{"@id":"https:\/\/poliparts.net\/es\/#website"},"primaryImageOfPage":{"@id":"https:\/\/poliparts.net\/es\/producto\/emblema-adhesivo-de-acero-inoxidable-con-el-logotipo-de-yamaha-y-efecto-relieve-3d\/#primaryimage"},"image":{"@id":"https:\/\/poliparts.net\/es\/producto\/emblema-adhesivo-de-acero-inoxidable-con-el-logotipo-de-yamaha-y-efecto-relieve-3d\/#primaryimage"},"thumbnailUrl":"https:\/\/poliparts.net\/wp-content\/uploads\/2025\/05\/adesivi-logo-yamaha.jpg","datePublished":"2025-05-24T04:31:51+00:00","dateModified":"2025-08-17T13:15:41+00:00","breadcrumb":{"@id":"https:\/\/poliparts.net\/es\/producto\/emblema-adhesivo-de-acero-inoxidable-con-el-logotipo-de-yamaha-y-efecto-relieve-3d\/#breadcrumb"},"inLanguage":"es","potentialAction":[{"@type":"ReadAction","target":["https:\/\/poliparts.net\/es\/producto\/emblema-adhesivo-de-acero-inoxidable-con-el-logotipo-de-yamaha-y-efecto-relieve-3d\/"]}]},{"@type":"ImageObject","inLanguage":"es","@id":"https:\/\/poliparts.net\/es\/producto\/emblema-adhesivo-de-acero-inoxidable-con-el-logotipo-de-yamaha-y-efecto-relieve-3d\/#primaryimage","url":"https:\/\/poliparts.net\/wp-content\/uploads\/2025\/05\/adesivi-logo-yamaha.jpg","contentUrl":"https:\/\/poliparts.net\/wp-content\/uploads\/2025\/05\/adesivi-logo-yamaha.jpg","width":1500,"height":1500},{"@type":"BreadcrumbList","@id":"https:\/\/poliparts.net\/es\/producto\/emblema-adhesivo-de-acero-inoxidable-con-el-logotipo-de-yamaha-y-efecto-relieve-3d\/#breadcrumb","itemListElement":[{"@type":"ListItem","position":1,"name":"Home","item":"https:\/\/poliparts.net\/es\/home\/"},{"@type":"ListItem","position":2,"name":"Tienda","item":"https:\/\/poliparts.net\/es\/shop\/"},{"@type":"ListItem","position":3,"name":"Emblema adhesivo de acero inoxidable con el logotipo de Yamaha y efecto relieve 3D"}]},{"@type":"WebSite","@id":"https:\/\/poliparts.net\/es\/#website","url":"https:\/\/poliparts.net\/es\/","name":"Poliparts.net","description":"Accessori e Ricambi Moto Scooter:  Diretto Fabbrica, Qualit\u00e0 Top, Prezzi migliori","publisher":{"@id":"https:\/\/poliparts.net\/es\/#organization"},"potentialAction":[{"@type":"SearchAction","target":{"@type":"EntryPoint","urlTemplate":"https:\/\/poliparts.net\/es\/?s={search_term_string}"},"query-input":{"@type":"PropertyValueSpecification","valueRequired":true,"valueName":"search_term_string"}}],"inLanguage":"es"},{"@type":"Organization","@id":"https:\/\/poliparts.net\/es\/#organization","name":"Poliparts.net","url":"https:\/\/poliparts.net\/es\/","logo":{"@type":"ImageObject","inLanguage":"es","@id":"https:\/\/poliparts.net\/es\/#\/schema\/logo\/image\/","url":"https:\/\/poliparts.net\/wp-content\/uploads\/2025\/05\/POLIPARTS-1000.png","contentUrl":"https:\/\/poliparts.net\/wp-content\/uploads\/2025\/05\/POLIPARTS-1000.png","width":1000,"height":274,"caption":"Poliparts.net"},"image":{"@id":"https:\/\/poliparts.net\/es\/#\/schema\/logo\/image\/"}}]}},"_links":{"self":[{"href":"https:\/\/poliparts.net\/es\/wp-json\/wp\/v2\/product\/29870","targetHints":{"allow":["GET"]}}],"collection":[{"href":"https:\/\/poliparts.net\/es\/wp-json\/wp\/v2\/product"}],"about":[{"href":"https:\/\/poliparts.net\/es\/wp-json\/wp\/v2\/types\/product"}],"replies":[{"embeddable":true,"href":"https:\/\/poliparts.net\/es\/wp-json\/wp\/v2\/comments?post=29870"}],"version-history":[{"count":1,"href":"https:\/\/poliparts.net\/es\/wp-json\/wp\/v2\/product\/29870\/revisions"}],"predecessor-version":[{"id":30229,"href":"https:\/\/poliparts.net\/es\/wp-json\/wp\/v2\/product\/29870\/revisions\/30229"}],"wp:featuredmedia":[{"embeddable":true,"href":"https:\/\/poliparts.net\/es\/wp-json\/wp\/v2\/media\/29871"}],"wp:attachment":[{"href":"https:\/\/poliparts.net\/es\/wp-json\/wp\/v2\/media?parent=29870"}],"wp:term":[{"taxonomy":"product_brand","embeddable":true,"href":"https:\/\/poliparts.net\/es\/wp-json\/wp\/v2\/product_brand?post=29870"},{"taxonomy":"product_cat","embeddable":true,"href":"https:\/\/poliparts.net\/es\/wp-json\/wp\/v2\/product_cat?post=29870"},{"taxonomy":"product_tag","embeddable":true,"href":"https:\/\/poliparts.net\/es\/wp-json\/wp\/v2\/product_tag?post=29870"}],"curies":[{"name":"wp","href":"https:\/\/api.w.org\/{rel}","templated":true}]}}