{"id":29424,"date":"2025-05-21T15:41:54","date_gmt":"2025-05-21T13:41:54","guid":{"rendered":"https:\/\/poliparts.net\/reembolsos-y-devoluciones\/"},"modified":"2025-06-29T06:16:32","modified_gmt":"2025-06-29T04:16:32","slug":"reembolsos-y-devoluciones","status":"publish","type":"page","link":"https:\/\/poliparts.net\/es\/reembolsos-y-devoluciones\/","title":{"rendered":"Reembolsos y devoluciones"},"content":{"rendered":"\t\t<div data-elementor-type=\"wp-page\" data-elementor-id=\"29424\" class=\"elementor elementor-29424 elementor-14\" data-elementor-post-type=\"page\">\n\t\t\t\t<div class=\"wd-negative-gap elementor-element elementor-element-7e76a63a e-flex e-con-boxed e-con e-parent\" data-id=\"7e76a63a\" data-element_type=\"container\" data-e-type=\"container\">\n\t\t\t\t\t<div class=\"e-con-inner\">\n\t\t\t\t<div class=\"elementor-element elementor-element-5b5d15fd color-scheme-inherit text-left elementor-widget elementor-widget-text-editor\" data-id=\"5b5d15fd\" data-element_type=\"widget\" data-e-type=\"widget\" data-widget_type=\"text-editor.default\">\n\t\t\t\t<div class=\"elementor-widget-container\">\n\t\t\t\t\t\t\t\t\t\n<h2>Reembolsos y devoluciones<\/h2>\n\n<p>Nuestra pol\u00edtica de reembolsos y devoluciones tiene una duraci\u00f3n de 14 d\u00edas. Si han transcurrido 14 d\u00edas desde su compra, no podremos ofrecerle un reembolso completo ni un cambio. Para poder devolver el art\u00edculo, este debe estar sin usar y en las mismas condiciones en que lo recibi\u00f3. Tambi\u00e9n debe estar en su embalaje original. Solo tiene que informarnos de su intenci\u00f3n de desistir del contrato por mensaje o correo electr\u00f3nico (<span style=\"text-decoration: underline;\"><a href=\"mailto:info@poliparts.net\">info@poliparts.net<\/a><\/span>) y le proporcionaremos todas las instrucciones. El derecho a desistir del contrato no aplica si ha adquirido productos hechos a medida o personalizados.     <\/p>\n\n<h2 class=\"wp-block-heading\">Devoluci\u00f3n<\/h2>\n\n<p>La devoluci\u00f3n del producto al remitente corre por su cuenta y responsabilidad, y puede realizarse mediante el servicio de mensajer\u00eda que prefiera. En un plazo de 14 d\u00edas a partir de la notificaci\u00f3n de la devoluci\u00f3n, deber\u00e1 devolvernos los productos intactos, etiquetados y en su embalaje original (si corresponde, en bolsa de pl\u00e1stico o caja, seg\u00fan el tipo de art\u00edculo), incluyendo el albar\u00e1n de entrega. <\/p>\n\n<h3 class=\"wp-block-heading\">Reembolso<\/h3>\n\n<p>El reembolso de su devoluci\u00f3n se realizar\u00e1 en un plazo m\u00e1ximo de 14 d\u00edas desde que se nos informe de su decisi\u00f3n de ejercer el derecho de desistimiento. No obstante, nos reservamos el derecho a retener el reembolso hasta que la mercanc\u00eda llegue a nuestro almac\u00e9n. <\/p>\n\n<h3 class=\"wp-block-heading\">Cambio<\/h3>\n\n<p>Si ha recibido un producto defectuoso, comun\u00edquese con nosotros lo antes posible a trav\u00e9s de la mensajer\u00eda del sitio y le proporcionaremos instrucciones para un posible reemplazo o recogida.<\/p>\n<p>Si el art\u00edculo que recibe no coincide con lo que orden\u00f3, no abra el paquete y cont\u00e1ctenos.<\/p>\n<p>Solo reemplazamos art\u00edculos defectuosos o da\u00f1ados. Si necesita cambiarlo por el mismo art\u00edculo, env\u00edenos un correo electr\u00f3nico a <span style=\"text-decoration: underline;\"><a href=\"mailto:info@poliparts.net\">info@poliparts.net<\/a><\/span>. <\/p>\n\n<h2 class=\"wp-block-heading\">Nota<\/h2>\n\n<p>Usted es responsable de la disminuci\u00f3n del valor de los bienes resultante de una manipulaci\u00f3n distinta a la necesaria para determinar la naturaleza, caracter\u00edsticas y funcionamiento de los mismos. Por lo tanto, si los bienes devueltos est\u00e1n da\u00f1ados (por ejemplo, la etiqueta de autenticidad y el precinto de seguridad, signos de desgaste, abrasi\u00f3n, muescas, ara\u00f1azos, deformaciones, etc.), no est\u00e1n completos con todos sus elementos y accesorios (incluidas las etiquetas y los r\u00f3tulos inalterados y adheridos al producto), no van acompa\u00f1ados de las instrucciones, notas o manuales adjuntos, el embalaje y envoltorio originales y el certificado de garant\u00eda, si lo hay, usted ser\u00e1 responsable de la disminuci\u00f3n del valor de los bienes y tendr\u00e1 derecho a un reembolso equivalente al valor residual del Producto. Por lo tanto, se le invita a no manipular los bienes m\u00e1s all\u00e1 de lo estrictamente necesario para determinar la naturaleza, caracter\u00edsticas y funcionamiento de los mismos y a cubrir el embalaje original de los Productos con otro embalaje protector que preserve su integridad y los proteja durante el transporte, incluso de escrituras o etiquetas.  <\/p>\n\n<h2 class=\"wp-block-heading\">\u00bfNecesitas ayuda?<\/h2>\n\n<p>Cont\u00e1ctenos en <span style=\"text-decoration: underline;\"><a href=\"mailto:info@poliparts.net\">info@poliparts.net<\/a><\/span> para preguntas sobre reembolsos y devoluciones.<\/p>\n\t\t\t\t\t\t\t\t<\/div>\n\t\t\t\t<\/div>\n\t\t\t\t\t<\/div>\n\t\t\t\t<\/div>\n\t\t\t\t<\/div>\n\t\t","protected":false},"excerpt":{"rendered":"<p>Reembolsos y devoluciones Nuestra pol\u00edtica de reembolsos y devoluciones tiene una duraci\u00f3n de 14 d\u00edas. Si han transcurrido 14 d\u00edas<\/p>\n","protected":false},"author":1,"featured_media":0,"parent":0,"menu_order":0,"comment_status":"closed","ping_status":"closed","template":"","meta":{"footnotes":""},"class_list":["post-29424","page","type-page","status-publish","hentry"],"yoast_head":"<!-- This site is optimized with the Yoast SEO plugin v27.3 - https:\/\/yoast.com\/product\/yoast-seo-wordpress\/ -->\n<title>Reembolsos y devoluciones - Poliparts.net<\/title>\n<meta name=\"robots\" content=\"index, follow, max-snippet:-1, max-image-preview:large, max-video-preview:-1\" \/>\n<link rel=\"canonical\" href=\"https:\/\/poliparts.net\/es\/reembolsos-y-devoluciones\/\" \/>\n<meta property=\"og:locale\" content=\"es_ES\" \/>\n<meta property=\"og:type\" content=\"article\" \/>\n<meta property=\"og:title\" content=\"Reembolsos y devoluciones - Poliparts.net\" \/>\n<meta property=\"og:description\" content=\"Reembolsos y devoluciones Nuestra pol\u00edtica de reembolsos y devoluciones tiene una duraci\u00f3n de 14 d\u00edas. Si han transcurrido 14 d\u00edas\" \/>\n<meta property=\"og:url\" content=\"https:\/\/poliparts.net\/es\/reembolsos-y-devoluciones\/\" \/>\n<meta property=\"og:site_name\" content=\"Poliparts.net\" \/>\n<meta property=\"article:modified_time\" content=\"2025-06-29T04:16:32+00:00\" \/>\n<meta name=\"twitter:card\" content=\"summary_large_image\" \/>\n<meta name=\"twitter:label1\" content=\"Tiempo de lectura\" \/>\n\t<meta name=\"twitter:data1\" content=\"3 minutos\" \/>\n<script type=\"application\/ld+json\" class=\"yoast-schema-graph\">{\"@context\":\"https:\\\/\\\/schema.org\",\"@graph\":[{\"@type\":\"WebPage\",\"@id\":\"https:\\\/\\\/poliparts.net\\\/es\\\/reembolsos-y-devoluciones\\\/\",\"url\":\"https:\\\/\\\/poliparts.net\\\/es\\\/reembolsos-y-devoluciones\\\/\",\"name\":\"Reembolsos y devoluciones - Poliparts.net\",\"isPartOf\":{\"@id\":\"https:\\\/\\\/poliparts.net\\\/es\\\/#website\"},\"datePublished\":\"2025-05-21T13:41:54+00:00\",\"dateModified\":\"2025-06-29T04:16:32+00:00\",\"breadcrumb\":{\"@id\":\"https:\\\/\\\/poliparts.net\\\/es\\\/reembolsos-y-devoluciones\\\/#breadcrumb\"},\"inLanguage\":\"es\",\"potentialAction\":[{\"@type\":\"ReadAction\",\"target\":[\"https:\\\/\\\/poliparts.net\\\/es\\\/reembolsos-y-devoluciones\\\/\"]}]},{\"@type\":\"BreadcrumbList\",\"@id\":\"https:\\\/\\\/poliparts.net\\\/es\\\/reembolsos-y-devoluciones\\\/#breadcrumb\",\"itemListElement\":[{\"@type\":\"ListItem\",\"position\":1,\"name\":\"Home\",\"item\":\"https:\\\/\\\/poliparts.net\\\/es\\\/home\\\/\"},{\"@type\":\"ListItem\",\"position\":2,\"name\":\"Reembolsos y devoluciones\"}]},{\"@type\":\"WebSite\",\"@id\":\"https:\\\/\\\/poliparts.net\\\/es\\\/#website\",\"url\":\"https:\\\/\\\/poliparts.net\\\/es\\\/\",\"name\":\"Poliparts.net\",\"description\":\"Accessori e Ricambi Moto Scooter:  Diretto Fabbrica, Qualit\u00e0 Top, Prezzi migliori\",\"publisher\":{\"@id\":\"https:\\\/\\\/poliparts.net\\\/es\\\/#organization\"},\"potentialAction\":[{\"@type\":\"SearchAction\",\"target\":{\"@type\":\"EntryPoint\",\"urlTemplate\":\"https:\\\/\\\/poliparts.net\\\/es\\\/?s={search_term_string}\"},\"query-input\":{\"@type\":\"PropertyValueSpecification\",\"valueRequired\":true,\"valueName\":\"search_term_string\"}}],\"inLanguage\":\"es\"},{\"@type\":\"Organization\",\"@id\":\"https:\\\/\\\/poliparts.net\\\/es\\\/#organization\",\"name\":\"Poliparts.net\",\"url\":\"https:\\\/\\\/poliparts.net\\\/es\\\/\",\"logo\":{\"@type\":\"ImageObject\",\"inLanguage\":\"es\",\"@id\":\"https:\\\/\\\/poliparts.net\\\/es\\\/#\\\/schema\\\/logo\\\/image\\\/\",\"url\":\"https:\\\/\\\/poliparts.net\\\/wp-content\\\/uploads\\\/2025\\\/05\\\/POLIPARTS-1000.png\",\"contentUrl\":\"https:\\\/\\\/poliparts.net\\\/wp-content\\\/uploads\\\/2025\\\/05\\\/POLIPARTS-1000.png\",\"width\":1000,\"height\":274,\"caption\":\"Poliparts.net\"},\"image\":{\"@id\":\"https:\\\/\\\/poliparts.net\\\/es\\\/#\\\/schema\\\/logo\\\/image\\\/\"}}]}<\/script>\n<!-- \/ Yoast SEO plugin. -->","yoast_head_json":{"title":"Reembolsos y devoluciones - Poliparts.net","robots":{"index":"index","follow":"follow","max-snippet":"max-snippet:-1","max-image-preview":"max-image-preview:large","max-video-preview":"max-video-preview:-1"},"canonical":"https:\/\/poliparts.net\/es\/reembolsos-y-devoluciones\/","og_locale":"es_ES","og_type":"article","og_title":"Reembolsos y devoluciones - Poliparts.net","og_description":"Reembolsos y devoluciones Nuestra pol\u00edtica de reembolsos y devoluciones tiene una duraci\u00f3n de 14 d\u00edas. Si han transcurrido 14 d\u00edas","og_url":"https:\/\/poliparts.net\/es\/reembolsos-y-devoluciones\/","og_site_name":"Poliparts.net","article_modified_time":"2025-06-29T04:16:32+00:00","twitter_card":"summary_large_image","twitter_misc":{"Tiempo de lectura":"3 minutos"},"schema":{"@context":"https:\/\/schema.org","@graph":[{"@type":"WebPage","@id":"https:\/\/poliparts.net\/es\/reembolsos-y-devoluciones\/","url":"https:\/\/poliparts.net\/es\/reembolsos-y-devoluciones\/","name":"Reembolsos y devoluciones - Poliparts.net","isPartOf":{"@id":"https:\/\/poliparts.net\/es\/#website"},"datePublished":"2025-05-21T13:41:54+00:00","dateModified":"2025-06-29T04:16:32+00:00","breadcrumb":{"@id":"https:\/\/poliparts.net\/es\/reembolsos-y-devoluciones\/#breadcrumb"},"inLanguage":"es","potentialAction":[{"@type":"ReadAction","target":["https:\/\/poliparts.net\/es\/reembolsos-y-devoluciones\/"]}]},{"@type":"BreadcrumbList","@id":"https:\/\/poliparts.net\/es\/reembolsos-y-devoluciones\/#breadcrumb","itemListElement":[{"@type":"ListItem","position":1,"name":"Home","item":"https:\/\/poliparts.net\/es\/home\/"},{"@type":"ListItem","position":2,"name":"Reembolsos y devoluciones"}]},{"@type":"WebSite","@id":"https:\/\/poliparts.net\/es\/#website","url":"https:\/\/poliparts.net\/es\/","name":"Poliparts.net","description":"Accessori e Ricambi Moto Scooter:  Diretto Fabbrica, Qualit\u00e0 Top, Prezzi migliori","publisher":{"@id":"https:\/\/poliparts.net\/es\/#organization"},"potentialAction":[{"@type":"SearchAction","target":{"@type":"EntryPoint","urlTemplate":"https:\/\/poliparts.net\/es\/?s={search_term_string}"},"query-input":{"@type":"PropertyValueSpecification","valueRequired":true,"valueName":"search_term_string"}}],"inLanguage":"es"},{"@type":"Organization","@id":"https:\/\/poliparts.net\/es\/#organization","name":"Poliparts.net","url":"https:\/\/poliparts.net\/es\/","logo":{"@type":"ImageObject","inLanguage":"es","@id":"https:\/\/poliparts.net\/es\/#\/schema\/logo\/image\/","url":"https:\/\/poliparts.net\/wp-content\/uploads\/2025\/05\/POLIPARTS-1000.png","contentUrl":"https:\/\/poliparts.net\/wp-content\/uploads\/2025\/05\/POLIPARTS-1000.png","width":1000,"height":274,"caption":"Poliparts.net"},"image":{"@id":"https:\/\/poliparts.net\/es\/#\/schema\/logo\/image\/"}}]}},"_links":{"self":[{"href":"https:\/\/poliparts.net\/es\/wp-json\/wp\/v2\/pages\/29424","targetHints":{"allow":["GET"]}}],"collection":[{"href":"https:\/\/poliparts.net\/es\/wp-json\/wp\/v2\/pages"}],"about":[{"href":"https:\/\/poliparts.net\/es\/wp-json\/wp\/v2\/types\/page"}],"author":[{"embeddable":true,"href":"https:\/\/poliparts.net\/es\/wp-json\/wp\/v2\/users\/1"}],"replies":[{"embeddable":true,"href":"https:\/\/poliparts.net\/es\/wp-json\/wp\/v2\/comments?post=29424"}],"version-history":[{"count":5,"href":"https:\/\/poliparts.net\/es\/wp-json\/wp\/v2\/pages\/29424\/revisions"}],"predecessor-version":[{"id":29670,"href":"https:\/\/poliparts.net\/es\/wp-json\/wp\/v2\/pages\/29424\/revisions\/29670"}],"wp:attachment":[{"href":"https:\/\/poliparts.net\/es\/wp-json\/wp\/v2\/media?parent=29424"}],"curies":[{"name":"wp","href":"https:\/\/api.w.org\/{rel}","templated":true}]}}